{"id":59,"date":"2019-03-15T09:29:12","date_gmt":"2019-03-15T08:29:12","guid":{"rendered":"http:\/\/sites.univ-tln.fr\/transfe\/?page_id=59"},"modified":"2019-06-18T10:35:04","modified_gmt":"2019-06-18T08:35:04","slug":"mentions-legales","status":"publish","type":"page","link":"https:\/\/sites.univ-tln.fr\/transfe\/mentions-legales\/","title":{"rendered":"Mentions l\u00e9gales"},"content":{"rendered":"\r\n\r\n\r\n<h3 class=\"wp-block-heading\">Informations l\u00e9gales&nbsp;:<\/h3>\r\n\r\n\r\n\r\n<p><strong>Contacts&nbsp;:<\/strong><\/p>\r\n\r\n\r\n\r\n<p>Universit\u00e9 de Toulon<\/p>\r\n\r\n<p>CS 60584 &#8211; 83041 TOULON CEDEX 9<\/p>\r\n\r\n\r\n\r\n<p>T\u00e9l\u00e9phone (standard)&nbsp;: 04 94 14 20 00<\/p>\r\n\r\n\r\n\r\n<p><strong>Directeur de la publication&nbsp;:<\/strong> Pr\u00e9sident de l\u2019Universit\u00e9 de Toulon, Responsables du colloque<\/p>\r\n\r\n\r\n\r\n<h3 class=\"wp-block-heading\">Donn\u00e9es personnelles&nbsp;:<\/h3>\r\n\r\n\r\n\r\n<p>Ce site web comporte des donn\u00e9es personnelles relatives aux \u00e9tudiants, personnels et plus g\u00e9n\u00e9ralement \u00e0 tout utilisateur ext\u00e9rieur du site. La collecte et la diffusion de ces donn\u00e9es sur le site web constitue un traitement automatis\u00e9 de donn\u00e9es personnelles, dont le responsable est le Pr\u00e9sident de l\u2019universit\u00e9. Ce traitement est consign\u00e9 dans le registre des traitements de l\u2019universit\u00e9.<\/p>\r\n\r\n\r\n\r\n<p>Les donn\u00e9es personnelles collect\u00e9es sur ce site, notamment par le biais des formulaires de contact, sont utilis\u00e9es dans le seul but d\u2019apporter une r\u00e9ponse. Elles ne sont conserv\u00e9es que pour la dur\u00e9e n\u00e9cessaire \u00e0 leur traitement et ne sont ni c\u00e9d\u00e9es, ni transmises \u00e0 des tiers.<\/p>\r\n\r\n\r\n\r\n<p>Conform\u00e9ment au R\u00e8glement G\u00e9n\u00e9ral sur la Protection des Donn\u00e9es (RGPD) et \u00e0 la loi Informatique et Libert\u00e9s du 6 janvier 1978 modifi\u00e9e, nous rappelons aux personnes mentionn\u00e9es sur ce site qu\u2019elles disposent, pour les donn\u00e9es qui les concernent&nbsp;:<\/p>\r\n\r\n\r\n\r\n<ul class=\"wp-block-list\">\r\n<li>Des droits d\u2019information, d\u2019acc\u00e8s, de modification, de rectification et d\u2019effacement,<\/li>\r\n<li>du droit \u00e0 la limitation du traitement de ses donn\u00e9es personnelles,<\/li>\r\n<li>du droit de retirer son consentement au traitement pour l\u2019avenir,<\/li>\r\n<li>du droit de s\u2019opposer au traitement,<\/li>\r\n<li>du droit d\u2019introduire une r\u00e9clamation aupr\u00e8s de la Commission Nationale de l\u2019Informatique et des Libert\u00e9s (CNIL).<\/li>\r\n<\/ul>\r\n\r\n\r\n\r\n<p>Pour l\u2019exercice de ces droits ou pour toute question relative \u00e0 la protection des donn\u00e9es, il convient de s\u2019adresser au (DPD), par mail (<a href=\"mailto:dpd@univ-tln.fr\">dpd@univ-tln.fr<\/a>) ou par courrier \u00e0 l\u2019adresse suivante&nbsp;: Universit\u00e9 de Toulon \u2013 Direction des affaires juridiques D\u00e9l\u00e9gu\u00e9e \u00e0 la Protection des donn\u00e9es Campus de La Garde \u2013 B\u00e2timent Le B\u00e9al 1 CS 60584 \u2013 83041 TOULON Cedex 9<\/p>\r\n\r\n\r\n\r\n<h3 class=\"wp-block-heading\">Condition g\u00e9n\u00e9rales d\u2019utilisation du site&nbsp;:<\/h3>\r\n\r\n\r\n\r\n<p><strong>Droit d\u2019auteur \u2013 Copyright&nbsp;:<\/strong><\/p>\r\n\r\n\r\n\r\n<p>L\u2019ensemble de ce site rel\u00e8ve de la l\u00e9gislation fran\u00e7aise et internationale sur le droit d\u2019auteur et la propri\u00e9t\u00e9 intellectuelle. Tous les droits de reproduction sont r\u00e9serv\u00e9s, y compris pour les documents t\u00e9l\u00e9chargeables et les repr\u00e9sentations iconographiques et photographiques. Pour tout le site, \u00a9 Universit\u00e9 de Toulon.<\/p>\r\n\r\n\r\n\r\n<p>La reproduction de tout ou partie de ce site sur un support \u00e9lectronique quel qu\u2019il soit est interdite sauf autorisation expresse.<\/p>\r\n\r\n\r\n\r\n<p>La reproduction des textes de ce site sur un support papier est autoris\u00e9e, tout particuli\u00e8rement dans le cadre p\u00e9dagogique, sous r\u00e9serve du respect des trois conditions suivantes&nbsp;:<\/p>\r\n\r\n\r\n\r\n<ul class=\"wp-block-list\">\r\n<li>gratuit\u00e9 de la diffusion,<\/li>\r\n<li>respect de l\u2019int\u00e9grit\u00e9 des documents reproduits&nbsp;: pas de modification ni alt\u00e9ration d\u2019aucune sorte,<\/li>\r\n<li>citation claire et lisible de la source sous la forme suivante &#8211; par exemple &#8211;&nbsp;:<\/li>\r\n<\/ul>\r\n\r\n\r\n\r\n<p>\u00ab\u00a0Universit\u00e9 de Toulon : <a href=\"http:\/\/www.univ-tln.fr\/\">www.univ-tln.fr<\/a> \u00ab\u00a0<\/p>\r\n\r\n\r\n\r\n<p>Les droits de reproduction sont r\u00e9serv\u00e9s. L\u2019adresse internet du site de l\u2019Universit\u00e9 de Toulon doit imp\u00e9rativement figurer dans la r\u00e9f\u00e9rence.<\/p>\r\n\r\n\r\n\r\n<p><em>Pour d\u2019autres utilisations, veuillez nous consulter <a href=\"mailto:webmaster@univ-tln.fr\">par mail<\/a>.<\/em><\/p>\r\n\r\n\r\n\r\n<h3 class=\"wp-block-heading\">R\u00e9alisation&nbsp;:<\/h3>\r\n\r\n\r\n\r\n<p><strong>Conception graphique et D\u00e9veloppement technique<\/strong> DSIUN &#8211; P\u00f4le Usages Num\u00e9riques Universit\u00e9 de Toulon CS 60584 &#8211; 83041 TOULON CEDEX 9 T\u00e9l\u00e9phone&nbsp;: 04 94 14 28 95<\/p>\r\n\r\n\r\n\r\n<p><strong>Syst\u00e8me de gestion de contenus<\/strong><\/p>\r\n\r\n\r\n\r\n<p>Le site est r\u00e9alis\u00e9 sous WordPress, logiciel libre, distribu\u00e9 sous la licence GNU\/GPL.<\/p>\r\n\r\n\r\n\r\n<p><strong>H\u00e9bergement du site<\/strong><\/p>\r\n\r\n\r\n\r\n<p>Le site est h\u00e9berg\u00e9 par la DSIUN de l\u2019UTLN.<\/p>\r\n\r\n\r\n\r\n<p><strong>Cr\u00e9dits photographiques<\/strong><\/p>\r\n\r\n\r\n\r\n<p>\u00a9 UTLN- DSIUN &#8211; P\u00f4le Usages Num\u00e9riques<\/p>\r\n\r\n\r\n\r\n<p>\u00a9 Photos libres de droit<\/p>\r\n\r\n\r\n\r\n<p><strong>Cr\u00e9ation de lien<\/strong><\/p>\r\n\r\n\r\n\r\n<p>L\u2019\u00e9tablissement de liens vers notre site site est autoris\u00e9 sous r\u00e9serve de reproduire le titre suivant : \u00ab Universit\u00e9 de Toulon \u00bb et que la page apparaisse dans une fen\u00eatre enti\u00e8re sous son adresse. Ainsi, la pr\u00e9sentation d\u2019une page contenue dans ce site dans une fen\u00eatre ne lui appartenant pas (par la technique dite du \u00ab framing \u00bb) et l\u2019insertion d\u2019une image du site dans une page \u00e9trang\u00e8re \u00e0 l\u2019Universit\u00e9 de Toulon (par la technique dite du \u00ab in line linking \u00bb) sont interdites.<\/p>\r\n\r\n\r\n\r\n<h3 class=\"wp-block-heading\">Avertissement&nbsp;:<\/h3>\r\n\r\n\r\n\r\n<p><strong>Publications- Actualit\u00e9s<\/strong><\/p>\r\n\r\n\r\n\r\n<p>Les documents diffus\u00e9s en version \u00e9lectronique sur ce site peuvent avoir fait l\u2019objet de mise \u00e0 jour entre le moment o\u00f9 vous les avez t\u00e9l\u00e9charg\u00e9s et celui o\u00f9 vous en prenez connaissance. En cons\u00e9quence, nous vous recommandons d\u2019en v\u00e9rifier la validit\u00e9.<\/p>\r\n\r\n\r\n\r\n<p><strong>Liens<\/strong><\/p>\r\n\r\n\r\n\r\n<p>Le site susceptible de renvoyer \u00e0 d\u2019autres sites au moyen de liens&nbsp;; l\u2019\u00e9diteur, l\u2019Universit\u00e9 de Toulon, ne saurait \u00eatre tenu responsable du contenu illicite de ceux-ci.<\/p>\r\n\r\n\r\n\r\n<p><strong>En cas d\u2019erreurs<\/strong><\/p>\r\n\r\n\r\n\r\n<p>Les documents diffus\u00e9s en version \u00e9lectronique sur ce site ont fait l\u2019objet de nombreuses relectures de notre part mais peuvent encore contenir des erreurs. Si vous en constatez, n\u2019h\u00e9sitez pas \u00e0 nous le faire savoir en contactant le <a href=\"mailto:webmaster@univ-tln.fr\">webmaster<\/a>. Nous proc\u00e9derons imm\u00e9diatement aux rectifications correspondantes.<\/p>\r\n","protected":false},"excerpt":{"rendered":"<p>Informations l\u00e9gales&nbsp;: Contacts&nbsp;: Universit\u00e9 de Toulon CS 60584 &#8211; 83041 TOULON CEDEX 9 T\u00e9l\u00e9phone (standard)&nbsp;: 04 94 14 20 00 Directeur de la publication&nbsp;: Pr\u00e9sident de l\u2019Universit\u00e9 de Toulon, Responsables du colloque Donn\u00e9es personnelles&nbsp;: Ce site web comporte des donn\u00e9es personnelles relatives aux \u00e9tudiants, personnels et plus g\u00e9n\u00e9ralement \u00e0 tout utilisateur ext\u00e9rieur du site. La [&hellip;]<\/p>\n","protected":false},"author":1,"featured_media":0,"parent":0,"menu_order":0,"comment_status":"closed","ping_status":"closed","template":"","meta":{"ngg_post_thumbnail":0,"footnotes":""},"class_list":["post-59","page","type-page","status-publish","hentry"],"_links":{"self":[{"href":"https:\/\/sites.univ-tln.fr\/transfe\/wp-json\/wp\/v2\/pages\/59","targetHints":{"allow":["GET"]}}],"collection":[{"href":"https:\/\/sites.univ-tln.fr\/transfe\/wp-json\/wp\/v2\/pages"}],"about":[{"href":"https:\/\/sites.univ-tln.fr\/transfe\/wp-json\/wp\/v2\/types\/page"}],"author":[{"embeddable":true,"href":"https:\/\/sites.univ-tln.fr\/transfe\/wp-json\/wp\/v2\/users\/1"}],"replies":[{"embeddable":true,"href":"https:\/\/sites.univ-tln.fr\/transfe\/wp-json\/wp\/v2\/comments?post=59"}],"version-history":[{"count":3,"href":"https:\/\/sites.univ-tln.fr\/transfe\/wp-json\/wp\/v2\/pages\/59\/revisions"}],"predecessor-version":[{"id":73,"href":"https:\/\/sites.univ-tln.fr\/transfe\/wp-json\/wp\/v2\/pages\/59\/revisions\/73"}],"wp:attachment":[{"href":"https:\/\/sites.univ-tln.fr\/transfe\/wp-json\/wp\/v2\/media?parent=59"}],"curies":[{"name":"wp","href":"https:\/\/api.w.org\/{rel}","templated":true}]}}