{"id":18,"date":"2019-03-14T17:02:26","date_gmt":"2019-03-14T16:02:26","guid":{"rendered":"http:\/\/sites.univ-tln.fr\/transfe\/?page_id=18"},"modified":"2019-03-21T11:27:10","modified_gmt":"2019-03-21T10:27:10","slug":"programme","status":"publish","type":"page","link":"https:\/\/sites.univ-tln.fr\/transfe\/programme\/","title":{"rendered":"Programme"},"content":{"rendered":"<h3 style=\"text-align: center;\"><a href=\"http:\/\/sites.univ-tln.fr\/transfe\/wp-content\/uploads\/sites\/32\/2019\/03\/programme-transfe.pdf\">T\u00e9l\u00e9charger le programme en PDF<\/a><\/h3>\n<h1><strong>Jeudi 28 mars<\/strong><\/h1>\n<p><strong>13h30 : ouverture du colloque par&nbsp;Xavier Leroux, Directeur de l\u2019UFR \u00ab&nbsp;Lettres, Langues et Sciences Humaines&nbsp;\u00bb de l\u2019Universit\u00e9 de Toulon<\/strong><\/p>\n<p><strong>13h45&nbsp;: pr\u00e9sentation du colloque <\/strong><\/p>\n<p><strong>par les membres du comit\u00e9 d\u2019organisation<\/strong><\/p>\n<ol>\n<li><strong><u> Passerelles anglaises \/ <em>English bridges<\/em> (14h-15h30)<\/u><\/strong><\/li>\n<\/ol>\n<p><strong>Corinne Streicher (Universit\u00e9 du Qu\u00e9bec \u00e0 Montr\u00e9al, UQAM, Canada)<\/strong><\/p>\n<p>\u00ab&nbsp;L\u2019herm\u00e9neutique singuli\u00e8re du transfert du sublime anglais.&nbsp;\u00bb<\/p>\n<p><strong>Pascal Dupuy (Universit\u00e9 de Rouen, GRHis, EA 3831)<\/strong><\/p>\n<p>\u00ab&nbsp;Le recours \u00e0 l\u2019Angleterre dans les d\u00e9bats publics en France r\u00e9volutionnaire.&nbsp;\u00bb<\/p>\n<p>Discutante \/ <em>chair<\/em>&nbsp;: H\u00e9l\u00e8ne Palma.<\/p>\n<p><strong>15h30-16h&nbsp;: pause caf\u00e9<\/strong><\/p>\n<ol start=\"2\">\n<li><strong><u> Voyages&nbsp;: th\u00e9orie et r\u00e9alit\u00e9 \/ <em>travelling: expectations and encounters<\/em> (16h-17h30)<\/u><\/strong><\/li>\n<\/ol>\n<p><strong>Allan Ingram (<em>University of Northumbria<\/em>, Grande-Bretagne)<\/strong><\/p>\n<p>\u201cHester Lynch Piozzi: a cosmopolitan woman?\u201d <strong><em>[Visio-conf\u00e9rence]<\/em><\/strong><\/p>\n<p><strong>Pierre-Fran\u00e7ois Peirano (Universit\u00e9 de Toulon)<\/strong><\/p>\n<p>\u201cThe representation of the American territory and the controversy between Jefferson and Buffon.\u201d<\/p>\n<p>Discutante \/ <em>chair<\/em>&nbsp;: Elizabeth Durot-Bouc\u00e9.<\/p>\n<p>&nbsp;<\/p>\n<h1><strong>Vendredi 29 mars<\/strong><\/h1>\n<ol start=\"3\">\n<li><strong><u> Convergences conflictuelles de la repr\u00e9sentation \/ <em>double focus of representation<\/em> (9h30-11h)<\/u><\/strong><\/li>\n<\/ol>\n<p><strong>Nicole Biagioli (Universit\u00e9 de Nice &#8211; Sophia-Antipolis)<\/strong><\/p>\n<p>\u00ab&nbsp;Enseigner la Terreur en plurilinguisme et interculturalit\u00e9&nbsp;: quelles implications pour l\u2019approche historienne des relations entre France, Iles Britanniques et Am\u00e9rique du Nord \u00e0 la fin du XVIII<sup>e<\/sup> si\u00e8cle&nbsp;?&nbsp;\u00bb<\/p>\n<p><strong>April G. Shelford (<em>American University<\/em>, Washington, D.C., Etats-Unis)<\/strong><\/p>\n<p>\u201cProtest by proxy: Saint-Domingue and the Stamp Act Crisis.\u201d<\/p>\n<p>Discutante \/ <em>chair<\/em>&nbsp;: Elizabeth Durot-Bouc\u00e9.<\/p>\n<p><strong>11h-11h30 : pause caf\u00e9<\/strong><\/p>\n<ol start=\"4\">\n<li><strong><u> Economie et politique \/ <em>transplanting economic and political models<\/em> (11h30-13h)<\/u><\/strong><\/li>\n<\/ol>\n<p><strong>Servanne Woodward (<em>University of Western Ontario<\/em>, Canada)<\/strong><\/p>\n<p>\u00ab&nbsp;Paysages et industries des auteurs fran\u00e7ais \u00e0 la lumi\u00e8re d\u2019Adam Smith.&nbsp;\u00bb<\/p>\n<p><strong>Alice Lemer-Fleury (Universit\u00e9 de Nantes)<\/strong><\/p>\n<p>\u00ab&nbsp;Constitutionnalisme et royalisme&nbsp;: la diffusion de la propagande imp\u00e9riale en Am\u00e9rique du Nord britannique et ses limites (c. 1783-1815).&nbsp;\u00bb<\/p>\n<p>Discutante \/ <em>chair<\/em>&nbsp;: H\u00e9l\u00e8ne Palma.<\/p>\n<p><strong>13h-14h&nbsp;: buffet<\/strong><\/p>\n<p><strong><u>&nbsp;<\/u><\/strong><\/p>\n<ol start=\"5\">\n<li><strong><u> Particularismes esth\u00e9tiques \/ <em>aesthetic specificities<\/em> (14h-15h30)<\/u><\/strong><\/li>\n<\/ol>\n<p><strong>Peter Wagner (<em>Universit\u00e4t Koblenz-Landau<\/em>, Allemagne)<\/strong><\/p>\n<p>\u201cThe French in the art of William Hogarth.\u201d<\/p>\n<p><strong>Emilie Mitran (Aix-Marseille Universit\u00e9)<\/strong><\/p>\n<p>\u00ab&nbsp;Confrontation des esth\u00e9tiques r\u00e9volutionnaires am\u00e9ricaine et fran\u00e7aise&nbsp;: l\u2019exp\u00e9rience de Gouverneur Morris (1789-1793).&nbsp;\u00bb<\/p>\n<p>Discutant \/ <em>chair<\/em>&nbsp;: Pierre-Fran\u00e7ois Peirano.<\/p>\n<p><strong>15h30-16h&nbsp;: pause caf\u00e9<\/strong><\/p>\n<ol start=\"6\">\n<li><strong><u> Ethique et droits fondamentaux \/ <em>ethics and fundamental rights<\/em> (16h-17h)<\/u><\/strong><\/li>\n<\/ol>\n<p><strong>H\u00e9l\u00e8ne Palma (Aix-Marseille Universit\u00e9)<\/strong><\/p>\n<p>\u201cEnglish and French Abolitionist movements: from inspiration to divergence?\u201d<\/p>\n<p>Discutante \/ <em>chair<\/em>&nbsp;: Servanne Woodward.<\/p>\n<p><strong>17h : cl\u00f4ture du colloque<\/strong><\/p>\n","protected":false},"excerpt":{"rendered":"<p>T\u00e9l\u00e9charger le programme en PDF Jeudi 28 mars 13h30 : ouverture du colloque par&nbsp;Xavier Leroux, Directeur de l\u2019UFR \u00ab&nbsp;Lettres, Langues et Sciences Humaines&nbsp;\u00bb de l\u2019Universit\u00e9 de Toulon 13h45&nbsp;: pr\u00e9sentation du colloque par les membres du comit\u00e9 d\u2019organisation Passerelles anglaises \/ English bridges (14h-15h30) Corinne Streicher (Universit\u00e9 du Qu\u00e9bec \u00e0 Montr\u00e9al, UQAM, Canada) \u00ab&nbsp;L\u2019herm\u00e9neutique singuli\u00e8re du [&hellip;]<\/p>\n","protected":false},"author":1,"featured_media":0,"parent":0,"menu_order":0,"comment_status":"closed","ping_status":"closed","template":"","meta":{"ngg_post_thumbnail":0,"footnotes":""},"class_list":["post-18","page","type-page","status-publish","hentry"],"_links":{"self":[{"href":"https:\/\/sites.univ-tln.fr\/transfe\/wp-json\/wp\/v2\/pages\/18","targetHints":{"allow":["GET"]}}],"collection":[{"href":"https:\/\/sites.univ-tln.fr\/transfe\/wp-json\/wp\/v2\/pages"}],"about":[{"href":"https:\/\/sites.univ-tln.fr\/transfe\/wp-json\/wp\/v2\/types\/page"}],"author":[{"embeddable":true,"href":"https:\/\/sites.univ-tln.fr\/transfe\/wp-json\/wp\/v2\/users\/1"}],"replies":[{"embeddable":true,"href":"https:\/\/sites.univ-tln.fr\/transfe\/wp-json\/wp\/v2\/comments?post=18"}],"version-history":[{"count":7,"href":"https:\/\/sites.univ-tln.fr\/transfe\/wp-json\/wp\/v2\/pages\/18\/revisions"}],"predecessor-version":[{"id":66,"href":"https:\/\/sites.univ-tln.fr\/transfe\/wp-json\/wp\/v2\/pages\/18\/revisions\/66"}],"wp:attachment":[{"href":"https:\/\/sites.univ-tln.fr\/transfe\/wp-json\/wp\/v2\/media?parent=18"}],"curies":[{"name":"wp","href":"https:\/\/api.w.org\/{rel}","templated":true}]}}