{"id":20,"date":"2017-02-28T14:18:37","date_gmt":"2017-02-28T13:18:37","guid":{"rendered":"http:\/\/sites.univ-tln.fr\/theorie-complot\/?page_id=20"},"modified":"2017-02-28T14:18:46","modified_gmt":"2017-02-28T13:18:46","slug":"comites","status":"publish","type":"page","link":"https:\/\/sites.univ-tln.fr\/theorie-complot\/comites\/","title":{"rendered":"Comit\u00e9s"},"content":{"rendered":"<h2><strong>Comit\u00e9 scientifique :&nbsp; <\/strong><\/h2>\n<ul>\n<li>Rapha\u00ebl Baroni (Universit\u00e9 de Lausanne)<\/li>\n<li>Mohamed Bernoussi (Universit\u00e9 de Mekn\u00e8s)<\/li>\n<li>Riccardo Castellana (Universit\u00e0 di Siena)<\/li>\n<li>Zefiro Ciuffoletti (Universit\u00e0 di Firenze)<\/li>\n<li>Laurent Collet (Universit\u00e9 de Toulon)<\/li>\n<li>Margherita Ganeri (Universit\u00e0 di Calabria)<\/li>\n<li>Daniele Giglioli (Universit\u00e0 di Bergamo)<\/li>\n<li>J\u00e9r\u00f4me Grevy (Universit\u00e9 de Poitiers)<\/li>\n<li>Nicolas Huchet (Universit\u00e9 de Toulon)<\/li>\n<li>Yusuf Kocoglu (Universit\u00e9 de Toulon)&nbsp;<\/li>\n<li>Cornelia Ruhe (Universit\u00e9 de Mannheim)<\/li>\n<\/ul>\n<h2><strong>Comit\u00e9 d\u2019organisation :&nbsp; <\/strong><\/h2>\n<ul>\n<li>Alessandro Leiduan (Universit\u00e9 de Toulon)<\/li>\n<li>Simone Visciola (Universit\u00e9 de Toulon)<\/li>\n<li>Giuseppe Lovito (Universit\u00e9 de Toulon)<\/li>\n<li>Loredana Ruccella (Universit\u00e9 de Toulon)<\/li>\n<li>H\u00e9l\u00e8ne Soldini (Universit\u00e9 de Toulon)<\/li>\n<li>Mattia Ringozzi (Universit\u00e9 de Toulon)<\/li>\n<\/ul>\n","protected":false},"excerpt":{"rendered":"<p>Comit\u00e9 scientifique :&nbsp; Rapha\u00ebl Baroni (Universit\u00e9 de Lausanne) Mohamed Bernoussi (Universit\u00e9 de Mekn\u00e8s) Riccardo Castellana (Universit\u00e0 di Siena) Zefiro Ciuffoletti (Universit\u00e0 di Firenze) Laurent Collet (Universit\u00e9 de Toulon) Margherita Ganeri (Universit\u00e0 di Calabria) Daniele Giglioli (Universit\u00e0 di Bergamo) J\u00e9r\u00f4me Grevy (Universit\u00e9 de Poitiers) Nicolas Huchet (Universit\u00e9 de Toulon) Yusuf Kocoglu (Universit\u00e9 de Toulon)&nbsp; Cornelia Ruhe &hellip; <\/p>\n<p class=\"link-more\"><a href=\"https:\/\/sites.univ-tln.fr\/theorie-complot\/comites\/\" class=\"more-link\">Continuer la lecture<span class=\"screen-reader-text\"> de &laquo;&nbsp;Comit\u00e9s&nbsp;&raquo;<\/span><\/a><\/p>\n","protected":false},"author":1,"featured_media":0,"parent":0,"menu_order":0,"comment_status":"closed","ping_status":"closed","template":"","meta":{"ngg_post_thumbnail":0,"footnotes":""},"class_list":["post-20","page","type-page","status-publish","hentry"],"_links":{"self":[{"href":"https:\/\/sites.univ-tln.fr\/theorie-complot\/wp-json\/wp\/v2\/pages\/20","targetHints":{"allow":["GET"]}}],"collection":[{"href":"https:\/\/sites.univ-tln.fr\/theorie-complot\/wp-json\/wp\/v2\/pages"}],"about":[{"href":"https:\/\/sites.univ-tln.fr\/theorie-complot\/wp-json\/wp\/v2\/types\/page"}],"author":[{"embeddable":true,"href":"https:\/\/sites.univ-tln.fr\/theorie-complot\/wp-json\/wp\/v2\/users\/1"}],"replies":[{"embeddable":true,"href":"https:\/\/sites.univ-tln.fr\/theorie-complot\/wp-json\/wp\/v2\/comments?post=20"}],"version-history":[{"count":2,"href":"https:\/\/sites.univ-tln.fr\/theorie-complot\/wp-json\/wp\/v2\/pages\/20\/revisions"}],"predecessor-version":[{"id":22,"href":"https:\/\/sites.univ-tln.fr\/theorie-complot\/wp-json\/wp\/v2\/pages\/20\/revisions\/22"}],"wp:attachment":[{"href":"https:\/\/sites.univ-tln.fr\/theorie-complot\/wp-json\/wp\/v2\/media?parent=20"}],"curies":[{"name":"wp","href":"https:\/\/api.w.org\/{rel}","templated":true}]}}