{"id":716,"date":"2017-07-20T15:39:39","date_gmt":"2017-07-20T14:39:39","guid":{"rendered":"http:\/\/sites.univ-tln.fr\/sim\/?page_id=716"},"modified":"2021-05-05T12:36:06","modified_gmt":"2021-05-05T11:36:06","slug":"essais","status":"publish","type":"page","link":"https:\/\/sites.univ-tln.fr\/sim\/essais\/","title":{"rendered":"Essais"},"content":{"rendered":"\n<p>Pour r\u00e9pondre \u00e0 vos probl\u00e9matiques mat\u00e9riaux et\/ou peintures, le SIM vous propose la mise en place de protocoles d&rsquo;essais d&rsquo;analyses et\/ou de vieillissement pour :<\/p>\n\n\n\n<ul class=\"wp-block-list\"><li>Comparer\/choisir diff\u00e9rents mat\u00e9riaux ou peintures<\/li><li>Qualifier un rev\u00eatement ou un traitement de surface<\/li><\/ul>\n\n\n\n<p>Pour cela, le SIM s&rsquo;appuie sur un parc compl\u00e9mentaire d&rsquo;\u00e9quipements de vieillissement artificiel et de sites de vieillissement naturel.<\/p>\n\n\n\n<p><strong>Nouveaut\u00e9 2021<\/strong> : Le SIM est capable de r\u00e9aliser les essais en r\u00e9gime 2 de la norme ISO 12944.<\/p>\n\n\n\n<p>Nous proposons \u00e9galement des <a href=\"http:\/\/sites.univ-tln.fr\/sim\/equipements\/revetements\/\">contr\u00f4les qualit\u00e9 de rev\u00eatements<\/a> (\u00e9paisseurs s\u00e8ches, adh\u00e9rence par traction et par quadrillage&#8230;) apr\u00e8s application ou en compl\u00e9ment des essais de vieillissement.<\/p>\n","protected":false},"excerpt":{"rendered":"<p>Pour r\u00e9pondre \u00e0 vos probl\u00e9matiques mat\u00e9riaux et\/ou peintures, le SIM vous propose la mise en place de protocoles d&rsquo;essais d&rsquo;analyses <a class=\"more-link\" href=\"https:\/\/sites.univ-tln.fr\/sim\/essais\/\"> &#8230; Lire la suite <\/a><\/p>\n","protected":false},"author":15,"featured_media":959,"parent":0,"menu_order":0,"comment_status":"closed","ping_status":"closed","template":"","meta":{"ngg_post_thumbnail":0,"footnotes":""},"class_list":["post-716","page","type-page","status-publish","has-post-thumbnail","hentry"],"_links":{"self":[{"href":"https:\/\/sites.univ-tln.fr\/sim\/wp-json\/wp\/v2\/pages\/716","targetHints":{"allow":["GET"]}}],"collection":[{"href":"https:\/\/sites.univ-tln.fr\/sim\/wp-json\/wp\/v2\/pages"}],"about":[{"href":"https:\/\/sites.univ-tln.fr\/sim\/wp-json\/wp\/v2\/types\/page"}],"author":[{"embeddable":true,"href":"https:\/\/sites.univ-tln.fr\/sim\/wp-json\/wp\/v2\/users\/15"}],"replies":[{"embeddable":true,"href":"https:\/\/sites.univ-tln.fr\/sim\/wp-json\/wp\/v2\/comments?post=716"}],"version-history":[{"count":6,"href":"https:\/\/sites.univ-tln.fr\/sim\/wp-json\/wp\/v2\/pages\/716\/revisions"}],"predecessor-version":[{"id":1019,"href":"https:\/\/sites.univ-tln.fr\/sim\/wp-json\/wp\/v2\/pages\/716\/revisions\/1019"}],"wp:featuredmedia":[{"embeddable":true,"href":"https:\/\/sites.univ-tln.fr\/sim\/wp-json\/wp\/v2\/media\/959"}],"wp:attachment":[{"href":"https:\/\/sites.univ-tln.fr\/sim\/wp-json\/wp\/v2\/media?parent=716"}],"curies":[{"name":"wp","href":"https:\/\/api.w.org\/{rel}","templated":true}]}}