{"id":184,"date":"2020-03-17T15:24:00","date_gmt":"2020-03-17T14:24:00","guid":{"rendered":"http:\/\/sites.univ-tln.fr\/sim\/?page_id=184"},"modified":"2020-03-20T15:09:05","modified_gmt":"2020-03-20T14:09:05","slug":"expertise","status":"publish","type":"page","link":"https:\/\/sites.univ-tln.fr\/sim\/expertise\/","title":{"rendered":"Expertise"},"content":{"rendered":"\n<p>Le SIM, c&rsquo;est avant tout un savoir-faire et une exp\u00e9rience pour pr\u00e9voir le comportement d&rsquo;un mat\u00e9riau, le caract\u00e9riser ou comprendre l&rsquo;origine d&rsquo;une avarie. Le SIM r\u00e9alise \u00e9galement des \u00e9tudes bibliographiques et technologiques dans les mat\u00e9riaux polym\u00e8res et peintures \u00e0 la demande.<\/p>\n\n\n\n<p>Il intervient dans les domaines suivants&nbsp;:<\/p>\n\n\n\n<ul class=\"wp-block-list\"><li><strong>Identification Mati\u00e8re<\/strong><ul><li>Analyse de d\u00e9p\u00f4t<\/li><li>Caract\u00e9risation de polym\u00e8re, peinture, composites et m\u00e9taux<\/li><\/ul><\/li><li><strong>Peinture<\/strong><ul><li>Analyse de d\u00e9fauts apr\u00e8s application ou en usage<\/li><\/ul><\/li><li><strong>Analyse de rupture de pi\u00e8ces m\u00e9talliques<\/strong><ul><li>Type de rupture et causes<\/li><\/ul><\/li><li><strong>Contr\u00f4le qualit\u00e9<\/strong><\/li><\/ul>\n\n\n\n<p>Le SIM intervient dans diff\u00e9rents secteurs d&rsquo;activit\u00e9 :<\/p>\n\n\n\n<p class=\"has-medium-font-size\"><strong>Marine<\/strong><\/p>\n\n\n\n<ul class=\"wp-block-list\"><li>Essai de l&rsquo;\u00e9rodabilit\u00e9 d&rsquo;une peinture antifouling<\/li><li>Expertise corrosion sur un assemblage boulonn\u00e9<\/li><li>D\u00e9termination du taux de fibre d&rsquo;un composite et de sa densit\u00e9 pour des \u00e9quipements d&rsquo;aide \u00e0 la naviguation<\/li><li>Expertise corrosion sur des \u00e9changeurs d&rsquo;ions pour des moteurs de bateaux<\/li><li>Validation d&rsquo;un syst\u00e8me de peinture selon un cahier des charges par traction, pliage, Brouillard Salin , abrasion et essais de choc<\/li><li>Etude bibliographique sur les rev\u00eatements antifouling pour une application sur une structure en immersion<\/li><\/ul>\n\n\n\n<p class=\"has-medium-font-size\"><strong>A\u00e9ronautique<\/strong><\/p>\n\n\n\n<ul class=\"wp-block-list\"><li>Participation au projet CORINE dont l&rsquo;objectif \u00e9tait de r\u00e9duire l\u2019impact environnemental par l\u2019utilisation de mat\u00e9riaux alternatifs, plus respectueux de l\u2019environnement. Cette d\u00e9marche impose de prendre en compte l\u2019ensemble des acteurs de la fili\u00e8re, afin de mesurer l&#8217;empreinte carbone de la fabrication des mat\u00e9riaux.<\/li><li>Observation d&rsquo;un collecteur de mesure pour recherche de traces de corrosion<\/li><li>Caract\u00e9risation de composites sandwich d&rsquo;avion<\/li><li>Vieillissement acc\u00e9l\u00e9r\u00e9 pour la qualification de retouche d&rsquo;anodisation sur alliage de magn\u00e9sium pour h\u00e9licopt\u00e8re<\/li><\/ul>\n\n\n\n<p class=\"has-medium-font-size\"><strong>Ouvrage d&rsquo;art<\/strong><\/p>\n\n\n\n<ul class=\"wp-block-list\"><li>Analyse des peintures sur une zone sinistr\u00e9e d&rsquo;un r\u00e9seau incendie dans un tunnel<\/li><li>Expertise et diagnostic de la protection anticorrosion et de la corrosion d&rsquo;un pont<\/li><li>Analyses comparative de tuyaux de canalisation<\/li><li>Observation et comptage de piq\u00fbres sur une plaque en aluminium d&rsquo;un b\u00e2timent<\/li><li>Etude de d\u00e9gradation d&rsquo;un rev\u00eatement vieilli sur conduite d&rsquo;eau en acier<\/li><\/ul>\n\n\n\n<p class=\"has-medium-font-size\"><strong>Oil &amp; Gas<\/strong><\/p>\n\n\n\n<ul class=\"wp-block-list\"><li> Expertise corrosion sur des vannes d&rsquo;un site d&rsquo;exploitation de gaz naturel dans le d\u00e9sert <\/li><li>Expetise de rev\u00eatements de r\u00e9servoir pour le stockage de p\u00e9trole.<\/li><li>Expertise du rev\u00eatement ext\u00e9rieur de conduites de gaz enterr\u00e9es.<\/li><\/ul>\n\n\n\n<p class=\"has-medium-font-size\"><strong>M\u00e9dical\/Alimentaire<\/strong><\/p>\n\n\n\n<ul class=\"wp-block-list\"><li>Etude cin\u00e9tique pour valider le temps de p\u00e9remption d&rsquo;une colle m\u00e9dicale<\/li><li>Analyse de la composition d&rsquo;une pastille d\u00e9shydratante<\/li><li>Comparaison des propri\u00e9t\u00e9s physico-chimiques d&rsquo;un emballage de colle m\u00e9dicale<\/li><li>Analyse de la couche protectrice des emballages alimentaires en aluminium<\/li><\/ul>\n","protected":false},"excerpt":{"rendered":"<p>Le SIM, c&rsquo;est avant tout un savoir-faire et une exp\u00e9rience pour pr\u00e9voir le comportement d&rsquo;un mat\u00e9riau, le caract\u00e9riser ou comprendre <a class=\"more-link\" href=\"https:\/\/sites.univ-tln.fr\/sim\/expertise\/\"> &#8230; Lire la suite <\/a><\/p>\n","protected":false},"author":15,"featured_media":52,"parent":0,"menu_order":0,"comment_status":"closed","ping_status":"closed","template":"","meta":{"ngg_post_thumbnail":0,"footnotes":""},"class_list":["post-184","page","type-page","status-publish","has-post-thumbnail","hentry"],"_links":{"self":[{"href":"https:\/\/sites.univ-tln.fr\/sim\/wp-json\/wp\/v2\/pages\/184","targetHints":{"allow":["GET"]}}],"collection":[{"href":"https:\/\/sites.univ-tln.fr\/sim\/wp-json\/wp\/v2\/pages"}],"about":[{"href":"https:\/\/sites.univ-tln.fr\/sim\/wp-json\/wp\/v2\/types\/page"}],"author":[{"embeddable":true,"href":"https:\/\/sites.univ-tln.fr\/sim\/wp-json\/wp\/v2\/users\/15"}],"replies":[{"embeddable":true,"href":"https:\/\/sites.univ-tln.fr\/sim\/wp-json\/wp\/v2\/comments?post=184"}],"version-history":[{"count":23,"href":"https:\/\/sites.univ-tln.fr\/sim\/wp-json\/wp\/v2\/pages\/184\/revisions"}],"predecessor-version":[{"id":939,"href":"https:\/\/sites.univ-tln.fr\/sim\/wp-json\/wp\/v2\/pages\/184\/revisions\/939"}],"wp:featuredmedia":[{"embeddable":true,"href":"https:\/\/sites.univ-tln.fr\/sim\/wp-json\/wp\/v2\/media\/52"}],"wp:attachment":[{"href":"https:\/\/sites.univ-tln.fr\/sim\/wp-json\/wp\/v2\/media?parent=184"}],"curies":[{"name":"wp","href":"https:\/\/api.w.org\/{rel}","templated":true}]}}