{"id":168,"date":"2020-03-20T16:10:00","date_gmt":"2020-03-20T15:10:00","guid":{"rendered":"http:\/\/sites.univ-tln.fr\/sim\/?page_id=168"},"modified":"2025-07-04T10:36:05","modified_gmt":"2025-07-04T09:36:05","slug":"formation","status":"publish","type":"page","link":"https:\/\/sites.univ-tln.fr\/sim\/formation\/","title":{"rendered":"Formation"},"content":{"rendered":"<p>Le SIM propose des formations reconnues nationalement dans le domaine de la protection anticorrosion par rev\u00eatement.<\/p>\n<p>Ces formations sont organis\u00e9es avec la Direction de la Formation Professionnelle et de l&rsquo;Alternance de l&rsquo;Universit\u00e9 de Toulon, certifi\u00e9e QUALIOPI.<\/p>\n<p>Le SIM est agr\u00e9\u00e9 par l&rsquo;<a href=\"http:\/\/www.acqpa.com\/\">ACQPA<\/a> (Association pour la Certification et la Qualification en Peinture Anticorrosion) comme centre de formation et d&rsquo;examen Inspecteur ACQPA\/FROSIO et Conducteur de travaux (op\u00e9rateur niveau 3).<\/p>\n<ul>\n<li><strong><a href=\"http:\/\/www.univ-tln.fr\/Formations-ACQPA-et-ACQPA-FROSIO.html\">Certification ACQPA\/FROSIO \u00ab\u00a0Inspecteur en anticorrosion par rev\u00eatement\u00a0\u00bb (10 jours)<\/a><\/strong><\/li>\n<li><a href=\"http:\/\/www.univ-tln.fr\/Formations-ACQPA-et-ACQPA-FROSIO.html\"><strong>Certification ACQPA \u00ab\u00a0Conducteur de Travaux (Op\u00e9rateur Niveau 3)\u00a0\u00bb (5 jours)<\/strong><\/a><\/li>\n<\/ul>\n<p>Ces formations sont r\u00e9f\u00e9renc\u00e9es au CPF par le COPANEF.<\/p>\n<p><em>A la suite de ces stages et de votre r\u00e9ussite \u00e0 l&rsquo;examen, vous recevrez une carte qui atteste votre certification.<\/em><\/p>\n<p>Le SIM propose \u00e9galement des formations de perfectionnement ou des stages de mise \u00e0 niveau :<strong><br \/>\n<\/strong><\/p>\n<ul>\n<li><a href=\"http:\/\/www.univ-tln.fr\/Formations-ACQPA-et-ACQPA-FROSIO.html\"><strong>Formation en protection anticorrosion par rev\u00eatement &#8211; Stage de perfectionnement (8 jours)<\/strong><\/a><\/li>\n<li><a href=\"http:\/\/www.univ-tln.fr\/Formations-ACQPA-et-ACQPA-FROSIO.html\"><strong>Stage contr\u00f4le des peintures &#8211; Mise \u00e0 niveau Inspecteur ACQPA\/FROSIO (5 jours)<\/strong><\/a><\/li>\n<li><strong><a href=\"http:\/\/www.univ-tln.fr\/Formations-ACQPA-et-ACQPA-FROSIO.html\">Stage contr\u00f4le des peintures &#8211; Pr\u00e9paration \u00e0 l&rsquo;examen pratique Inspecteur ACQPA\/FROSIO (3 jours)<\/a><\/strong><\/li>\n<\/ul>\n<p>&nbsp;<\/p>\n<p>Des formations sur mesure peuvent \u00e9galement \u00eatre organis\u00e9es en fonction de vos besoins dans votre entreprise ou dans nos locaux. N&rsquo;h\u00e9sitez pas \u00e0 <a href=\"http:\/\/sites.univ-tln.fr\/sim\/contacts\/\" target=\"_blank\" rel=\"noopener noreferrer\">nous contacter<\/a> pour plus de renseignements.<\/p>\n<p>&nbsp;<\/p>\n","protected":false},"excerpt":{"rendered":"<p>Le SIM propose des formations reconnues nationalement dans le domaine de la protection anticorrosion par rev\u00eatement. Ces formations sont organis\u00e9es <a class=\"more-link\" href=\"https:\/\/sites.univ-tln.fr\/sim\/formation\/\"> &#8230; Lire la suite <\/a><\/p>\n","protected":false},"author":15,"featured_media":1131,"parent":0,"menu_order":0,"comment_status":"closed","ping_status":"closed","template":"","meta":{"ngg_post_thumbnail":0,"footnotes":""},"class_list":["post-168","page","type-page","status-publish","has-post-thumbnail","hentry"],"_links":{"self":[{"href":"https:\/\/sites.univ-tln.fr\/sim\/wp-json\/wp\/v2\/pages\/168","targetHints":{"allow":["GET"]}}],"collection":[{"href":"https:\/\/sites.univ-tln.fr\/sim\/wp-json\/wp\/v2\/pages"}],"about":[{"href":"https:\/\/sites.univ-tln.fr\/sim\/wp-json\/wp\/v2\/types\/page"}],"author":[{"embeddable":true,"href":"https:\/\/sites.univ-tln.fr\/sim\/wp-json\/wp\/v2\/users\/15"}],"replies":[{"embeddable":true,"href":"https:\/\/sites.univ-tln.fr\/sim\/wp-json\/wp\/v2\/comments?post=168"}],"version-history":[{"count":36,"href":"https:\/\/sites.univ-tln.fr\/sim\/wp-json\/wp\/v2\/pages\/168\/revisions"}],"predecessor-version":[{"id":1035,"href":"https:\/\/sites.univ-tln.fr\/sim\/wp-json\/wp\/v2\/pages\/168\/revisions\/1035"}],"wp:featuredmedia":[{"embeddable":true,"href":"https:\/\/sites.univ-tln.fr\/sim\/wp-json\/wp\/v2\/media\/1131"}],"wp:attachment":[{"href":"https:\/\/sites.univ-tln.fr\/sim\/wp-json\/wp\/v2\/media?parent=168"}],"curies":[{"name":"wp","href":"https:\/\/api.w.org\/{rel}","templated":true}]}}