{"id":160,"date":"2016-06-23T16:27:17","date_gmt":"2016-06-23T15:27:17","guid":{"rendered":"http:\/\/sites.univ-tln.fr\/sim\/?page_id=160"},"modified":"2020-03-20T16:37:36","modified_gmt":"2020-03-20T15:37:36","slug":"revetements","status":"publish","type":"page","link":"https:\/\/sites.univ-tln.fr\/sim\/equipements\/revetements\/","title":{"rendered":"Rev\u00eatements"},"content":{"rendered":"<h2><strong>Contr\u00f4le du film sec<\/strong><\/h2>\n<ul>\n<li>\u00c9paisseur &#8211; ISO 2808<\/li>\n<li>D\u00e9tection de porosit\u00e9 (BT et HT) &#8211; ISO 29601<\/li>\n<li>Essais d&rsquo;adh\u00e9rence par traction &#8211; ISO 16276-1<\/li>\n<li>Essais d&rsquo;adh\u00e9rence par la croix de St Andr\u00e9 &#8211; ISO 16276-2<\/li>\n<li>Essais d&rsquo;adh\u00e9rence par quadrillage &#8211; ISO 2409<\/li>\n<li>Essais de r\u00e9sistance aux chocs &#8211; ISO 6272-1<\/li>\n<li>Essais d&rsquo;abrasion au Taber Test &#8211; ISO 5470-1<\/li>\n<li>Essais de pliage par mandrin conique &#8211; ISO 6860<\/li>\n<\/ul>\n<h2><strong>&nbsp;Spectrocolorim\u00e8tre<\/strong><\/h2>\n<p><em>BYK &#8211; Spectro-guide Sphere gloss<br \/>\n<\/em>Mesure simultan\u00e9e de la couleur et de la brillance \u00e0 60\u00b0<\/p>\n<h2><strong>Brillancem\u00e8tre<\/strong><\/h2>\n<p><em>Minolta &#8211; Multi Gloss 268<br \/>\n<\/em>Mesure de brillance sous 3 angles<em><br \/>\n<\/em><\/p>\n<p>&nbsp;<\/p>\n","protected":false},"excerpt":{"rendered":"<p>Contr\u00f4le du film sec \u00c9paisseur &#8211; ISO 2808 D\u00e9tection de porosit\u00e9 (BT et HT) &#8211; ISO 29601 Essais d&rsquo;adh\u00e9rence par <a class=\"more-link\" href=\"https:\/\/sites.univ-tln.fr\/sim\/equipements\/revetements\/\"> &#8230; Lire la suite <\/a><\/p>\n","protected":false},"author":15,"featured_media":981,"parent":146,"menu_order":0,"comment_status":"closed","ping_status":"closed","template":"","meta":{"ngg_post_thumbnail":0,"footnotes":""},"class_list":["post-160","page","type-page","status-publish","has-post-thumbnail","hentry"],"_links":{"self":[{"href":"https:\/\/sites.univ-tln.fr\/sim\/wp-json\/wp\/v2\/pages\/160","targetHints":{"allow":["GET"]}}],"collection":[{"href":"https:\/\/sites.univ-tln.fr\/sim\/wp-json\/wp\/v2\/pages"}],"about":[{"href":"https:\/\/sites.univ-tln.fr\/sim\/wp-json\/wp\/v2\/types\/page"}],"author":[{"embeddable":true,"href":"https:\/\/sites.univ-tln.fr\/sim\/wp-json\/wp\/v2\/users\/15"}],"replies":[{"embeddable":true,"href":"https:\/\/sites.univ-tln.fr\/sim\/wp-json\/wp\/v2\/comments?post=160"}],"version-history":[{"count":11,"href":"https:\/\/sites.univ-tln.fr\/sim\/wp-json\/wp\/v2\/pages\/160\/revisions"}],"predecessor-version":[{"id":982,"href":"https:\/\/sites.univ-tln.fr\/sim\/wp-json\/wp\/v2\/pages\/160\/revisions\/982"}],"up":[{"embeddable":true,"href":"https:\/\/sites.univ-tln.fr\/sim\/wp-json\/wp\/v2\/pages\/146"}],"wp:featuredmedia":[{"embeddable":true,"href":"https:\/\/sites.univ-tln.fr\/sim\/wp-json\/wp\/v2\/media\/981"}],"wp:attachment":[{"href":"https:\/\/sites.univ-tln.fr\/sim\/wp-json\/wp\/v2\/media?parent=160"}],"curies":[{"name":"wp","href":"https:\/\/api.w.org\/{rel}","templated":true}]}}