{"id":156,"date":"2016-06-23T16:25:54","date_gmt":"2016-06-23T15:25:54","guid":{"rendered":"http:\/\/sites.univ-tln.fr\/sim\/?page_id=156"},"modified":"2020-03-20T15:37:49","modified_gmt":"2020-03-20T14:37:49","slug":"essai-mecanique","status":"publish","type":"page","link":"https:\/\/sites.univ-tln.fr\/sim\/equipements\/essai-mecanique\/","title":{"rendered":"Essai m\u00e9canique"},"content":{"rendered":"<h2><strong>Machine de Traction\/Flexion\/Compression<\/strong><\/h2>\n<p><em>Instron<\/em><\/p>\n<p>Etude des mat\u00e9riaux soumis \u00e0 des sollicitaition en traction, flexion ou compression<\/p>\n<h2><strong>DMA<\/strong><\/h2>\n<p><em>TA Instruments Q800<\/em><\/p>\n<p>D\u00e9termination des propri\u00e9t\u00e9 visco\u00e9lastique d&rsquo;un mat\u00e9riau<\/p>\n<h2><strong>Duret\u00e9<\/strong><\/h2>\n<ul>\n<li>Micro-duret\u00e9 Vickers<\/li>\n<li>Shore A<\/li>\n<li>Shore D<\/li>\n<\/ul>\n","protected":false},"excerpt":{"rendered":"<p>Machine de Traction\/Flexion\/Compression Instron Etude des mat\u00e9riaux soumis \u00e0 des sollicitaition en traction, flexion ou compression DMA TA Instruments Q800 <a class=\"more-link\" href=\"https:\/\/sites.univ-tln.fr\/sim\/equipements\/essai-mecanique\/\"> &#8230; Lire la suite <\/a><\/p>\n","protected":false},"author":10,"featured_media":962,"parent":146,"menu_order":0,"comment_status":"closed","ping_status":"closed","template":"","meta":{"ngg_post_thumbnail":0,"footnotes":""},"class_list":["post-156","page","type-page","status-publish","has-post-thumbnail","hentry"],"_links":{"self":[{"href":"https:\/\/sites.univ-tln.fr\/sim\/wp-json\/wp\/v2\/pages\/156","targetHints":{"allow":["GET"]}}],"collection":[{"href":"https:\/\/sites.univ-tln.fr\/sim\/wp-json\/wp\/v2\/pages"}],"about":[{"href":"https:\/\/sites.univ-tln.fr\/sim\/wp-json\/wp\/v2\/types\/page"}],"author":[{"embeddable":true,"href":"https:\/\/sites.univ-tln.fr\/sim\/wp-json\/wp\/v2\/users\/10"}],"replies":[{"embeddable":true,"href":"https:\/\/sites.univ-tln.fr\/sim\/wp-json\/wp\/v2\/comments?post=156"}],"version-history":[{"count":4,"href":"https:\/\/sites.univ-tln.fr\/sim\/wp-json\/wp\/v2\/pages\/156\/revisions"}],"predecessor-version":[{"id":860,"href":"https:\/\/sites.univ-tln.fr\/sim\/wp-json\/wp\/v2\/pages\/156\/revisions\/860"}],"up":[{"embeddable":true,"href":"https:\/\/sites.univ-tln.fr\/sim\/wp-json\/wp\/v2\/pages\/146"}],"wp:featuredmedia":[{"embeddable":true,"href":"https:\/\/sites.univ-tln.fr\/sim\/wp-json\/wp\/v2\/media\/962"}],"wp:attachment":[{"href":"https:\/\/sites.univ-tln.fr\/sim\/wp-json\/wp\/v2\/media?parent=156"}],"curies":[{"name":"wp","href":"https:\/\/api.w.org\/{rel}","templated":true}]}}