{"id":152,"date":"2016-06-23T16:23:49","date_gmt":"2016-06-23T15:23:49","guid":{"rendered":"http:\/\/sites.univ-tln.fr\/sim\/?page_id=152"},"modified":"2020-03-20T15:14:02","modified_gmt":"2020-03-20T14:14:02","slug":"observation","status":"publish","type":"page","link":"https:\/\/sites.univ-tln.fr\/sim\/equipements\/observation\/","title":{"rendered":"Observation"},"content":{"rendered":"<h2 id=\"MEB \/ EDS\"><strong>Microscopie Electronique \u00e0 Balayage (MEB)<\/strong><\/h2>\n<p><em>Zeiss &#8211; Supra 40 VP\/Colonne Gemini<\/em><\/p>\n<ul>\n<li>Analyse de microstructures et d\u00e9tection de fissure<\/li>\n<li>Analyse de la morphologie et de la composition chimique<\/li>\n<li>Cartographie des \u00e9l\u00e9ments chimiques<\/li>\n<\/ul>\n<h2><strong>Microscope Num\u00e9rique<\/strong><\/h2>\n<p><em>Hirox &#8211; Microscope Num\u00e9rique RH-2000 <\/em><\/p>\n<ul>\n<li>Observations 3D<\/li>\n<li>Mesures 2D et 3D (hauteur, profil, volumes, surface, angles, rayons)<\/li>\n<li>Comptage<\/li>\n<\/ul>\n<p>&nbsp;<\/p>\n<p>En compl\u00e9ment de ces techniques d&rsquo;analyse, le SIM est \u00e9quip\u00e9 de tout le mat\u00e9riel de pr\u00e9paration n\u00e9cessaire \u00e0 la r\u00e9alisation des observations dans les meilleures conditions (d\u00e9coupe, enrobage, polissage, m\u00e9tallisation au carbone et \u00e0 l&rsquo;or,&#8230;)<\/p>\n","protected":false},"excerpt":{"rendered":"<p>Microscopie Electronique \u00e0 Balayage (MEB) Zeiss &#8211; Supra 40 VP\/Colonne Gemini Analyse de microstructures et d\u00e9tection de fissure Analyse de <a class=\"more-link\" href=\"https:\/\/sites.univ-tln.fr\/sim\/equipements\/observation\/\"> &#8230; Lire la suite <\/a><\/p>\n","protected":false},"author":15,"featured_media":51,"parent":146,"menu_order":0,"comment_status":"closed","ping_status":"closed","template":"","meta":{"ngg_post_thumbnail":0,"footnotes":""},"class_list":["post-152","page","type-page","status-publish","has-post-thumbnail","hentry"],"_links":{"self":[{"href":"https:\/\/sites.univ-tln.fr\/sim\/wp-json\/wp\/v2\/pages\/152","targetHints":{"allow":["GET"]}}],"collection":[{"href":"https:\/\/sites.univ-tln.fr\/sim\/wp-json\/wp\/v2\/pages"}],"about":[{"href":"https:\/\/sites.univ-tln.fr\/sim\/wp-json\/wp\/v2\/types\/page"}],"author":[{"embeddable":true,"href":"https:\/\/sites.univ-tln.fr\/sim\/wp-json\/wp\/v2\/users\/15"}],"replies":[{"embeddable":true,"href":"https:\/\/sites.univ-tln.fr\/sim\/wp-json\/wp\/v2\/comments?post=152"}],"version-history":[{"count":13,"href":"https:\/\/sites.univ-tln.fr\/sim\/wp-json\/wp\/v2\/pages\/152\/revisions"}],"predecessor-version":[{"id":857,"href":"https:\/\/sites.univ-tln.fr\/sim\/wp-json\/wp\/v2\/pages\/152\/revisions\/857"}],"up":[{"embeddable":true,"href":"https:\/\/sites.univ-tln.fr\/sim\/wp-json\/wp\/v2\/pages\/146"}],"wp:featuredmedia":[{"embeddable":true,"href":"https:\/\/sites.univ-tln.fr\/sim\/wp-json\/wp\/v2\/media\/51"}],"wp:attachment":[{"href":"https:\/\/sites.univ-tln.fr\/sim\/wp-json\/wp\/v2\/media?parent=152"}],"curies":[{"name":"wp","href":"https:\/\/api.w.org\/{rel}","templated":true}]}}