{"id":149,"date":"2016-06-23T16:20:31","date_gmt":"2016-06-23T15:20:31","guid":{"rendered":"http:\/\/sites.univ-tln.fr\/sim\/?page_id=149"},"modified":"2020-03-20T15:25:05","modified_gmt":"2020-03-20T14:25:05","slug":"caracterisations","status":"publish","type":"page","link":"https:\/\/sites.univ-tln.fr\/sim\/equipements\/caracterisations\/","title":{"rendered":"Caract\u00e9risations"},"content":{"rendered":"<h2><strong>Pyrolyseur coupl\u00e9 GC-MS<\/strong><\/h2>\n<p><em>Pyrolyseur Frontier Lab &#8211; EGA PY 3030D \/ GC-MS Shimadzu &#8211; QP2010<\/em><\/p>\n<ul>\n<li>Famille chimique d&rsquo;un polym\u00e8re<\/li>\n<li>Nature d&rsquo;un liant<\/li>\n<li>Analyse, s\u00e9paration et identification compos\u00e9s organiques volatils<\/li>\n<li>Analyse d&rsquo;\u00e9chantillon solide<\/li>\n<\/ul>\n<h2><strong>RMN<\/strong><\/h2>\n<p><em>Bruker &#8211; Advance 400<\/em><\/p>\n<ul>\n<li>Structure mol\u00e9culaire<\/li>\n<li>Sonde multi-\u00e9l\u00e9ments<\/li>\n<\/ul>\n<h2><strong>IRTF<\/strong><\/h2>\n<p><em>Thermo &#8211; Nicolet IS50<\/em><\/p>\n<ul>\n<li>Famille chimique, structure<\/li>\n<li>Analyse des liquides, solides et poudres<\/li>\n<\/ul>\n<h2><strong>ATG<\/strong><\/h2>\n<p><em>TA Instruments &#8211; Q600<\/em><\/p>\n<p>Variation de masse d&rsquo;un \u00e9chantillon en fonction de la temp\u00e9rature<\/p>\n<h2><strong>DSC modul\u00e9e<\/strong><\/h2>\n<p><em>TA Instruments &#8211; Q10 et Q100<\/em><\/p>\n<ul>\n<li>D\u00e9termination des transitions thermiques d&rsquo;un mat\u00e9riau (transition vitreuse, changement de phase, temp\u00e9rature de fusion,&#8230;)<\/li>\n<li>S\u00e9paration des \u00e9v\u00e9nements thermique en mode \u00ab\u00a0modul\u00e9\u00a0\u00bb<\/li>\n<\/ul>\n<h2><strong>Angle de contact<\/strong><\/h2>\n<p><em>Kr\u00fcss &#8211; DSA30<\/em><\/p>\n<ul>\n<li>Mesure de mouillabilit\u00e9 et d&rsquo;\u00e9nergie de surface<\/li>\n<li>Mesure d&rsquo;angle de contact statique ou dynamique (avanc\u00e9e, retrait)<\/li>\n<li>Table d&rsquo;inclinaison (angle de d\u00e9crochement)<\/li>\n<li>Mode bulle captive<\/li>\n<\/ul>\n<h2><strong>Rugosim\u00e8tre<\/strong><\/h2>\n<p><em>Taylor Hobson &#8211; Form Tal Surf Intra 02<\/em><\/p>\n<p>D\u00e9termination de la rugosit\u00e9 de surface d&rsquo;un mat\u00e9riau<\/p>\n","protected":false},"excerpt":{"rendered":"<p>Pyrolyseur coupl\u00e9 GC-MS Pyrolyseur Frontier Lab &#8211; EGA PY 3030D \/ GC-MS Shimadzu &#8211; QP2010 Famille chimique d&rsquo;un polym\u00e8re Nature <a class=\"more-link\" href=\"https:\/\/sites.univ-tln.fr\/sim\/equipements\/caracterisations\/\"> &#8230; Lire la suite <\/a><\/p>\n","protected":false},"author":10,"featured_media":960,"parent":146,"menu_order":0,"comment_status":"closed","ping_status":"closed","template":"","meta":{"ngg_post_thumbnail":0,"footnotes":""},"class_list":["post-149","page","type-page","status-publish","has-post-thumbnail","hentry"],"_links":{"self":[{"href":"https:\/\/sites.univ-tln.fr\/sim\/wp-json\/wp\/v2\/pages\/149","targetHints":{"allow":["GET"]}}],"collection":[{"href":"https:\/\/sites.univ-tln.fr\/sim\/wp-json\/wp\/v2\/pages"}],"about":[{"href":"https:\/\/sites.univ-tln.fr\/sim\/wp-json\/wp\/v2\/types\/page"}],"author":[{"embeddable":true,"href":"https:\/\/sites.univ-tln.fr\/sim\/wp-json\/wp\/v2\/users\/10"}],"replies":[{"embeddable":true,"href":"https:\/\/sites.univ-tln.fr\/sim\/wp-json\/wp\/v2\/comments?post=149"}],"version-history":[{"count":11,"href":"https:\/\/sites.univ-tln.fr\/sim\/wp-json\/wp\/v2\/pages\/149\/revisions"}],"predecessor-version":[{"id":861,"href":"https:\/\/sites.univ-tln.fr\/sim\/wp-json\/wp\/v2\/pages\/149\/revisions\/861"}],"up":[{"embeddable":true,"href":"https:\/\/sites.univ-tln.fr\/sim\/wp-json\/wp\/v2\/pages\/146"}],"wp:featuredmedia":[{"embeddable":true,"href":"https:\/\/sites.univ-tln.fr\/sim\/wp-json\/wp\/v2\/media\/960"}],"wp:attachment":[{"href":"https:\/\/sites.univ-tln.fr\/sim\/wp-json\/wp\/v2\/media?parent=149"}],"curies":[{"name":"wp","href":"https:\/\/api.w.org\/{rel}","templated":true}]}}