{"id":62,"date":"2016-07-14T09:45:34","date_gmt":"2016-07-14T07:45:34","guid":{"rendered":"http:\/\/sites.univ-tln.fr\/richard-trim\/?page_id=62"},"modified":"2016-07-14T10:06:23","modified_gmt":"2016-07-14T08:06:23","slug":"biographie-2","status":"publish","type":"page","link":"https:\/\/sites.univ-tln.fr\/richard-trim\/fr\/biographie-2\/","title":{"rendered":"Biographie"},"content":{"rendered":"<p>Richard Trim a compl\u00e9t\u00e9 ses \u00e9tudes en langues modernes en Grande-Bretagne et\u00a0s\u2019est sp\u00e9cialis\u00e9 en linguistique avec l\u2019obtention d\u2019un doctorat \u00e0 l\u2019Universit\u00e9 de Londres. Il a enseign\u00e9 les langues modernes et la linguistique dans diff\u00e9rentes universit\u00e9s en Europe, \u00e0 savoir en Ecosse, Allemagne, Belgique, Suisse et France. Il est actuellement Professeur en linguistique \u00e0 l\u2019Universit\u00e9 de Toulon en France o\u00f9 il enseigne la linguistique compar\u00e9e et historique ainsi que la lexicologie, la syntaxe et la traductologie.<\/p>\n<p>Apr\u00e8s s\u2019\u00eatre impliqu\u00e9 dans plusieurs domaines de recherche en linguistique, il s\u2019est int\u00e9ress\u00e9 plus particuli\u00e8rement aux origines et \u00e0 l\u2019\u00e9volution de la pens\u00e9e et de l&rsquo;expression figur\u00e9e. L\u2019aspect universel de ce ph\u00e9nom\u00e8ne dans tous les domaines de la cr\u00e9ativit\u00e9 humaine, du langage verbal jusqu\u2019\u00e0 la peinture et \u00e0 la musique, ouvre la porte \u00e0 des possibilit\u00e9s de recherches tr\u00e8s \u00e9tendues en linguistique. Il estime que l&rsquo;\u00e9tude de la m\u00e9taphore, dans le cadre de la linguistique cognitive qui se d\u00e9veloppe rapidement au niveau mondial, constitue un outil extr\u00eamement utile pour l\u2019analyse des structures linguistiques \u00e0 travers les langues, ainsi qu\u2019\u00e0 travers le temps et l\u2019espace culturel. Dans cette veine, il d\u00e9veloppe des th\u00e9ories de r\u00e9seaux conceptuels au sein des langues europ\u00e9ennes qu\u2019il propose dans deux monographies, <i>Metaphor Networks. <\/i><span lang=\"en-US\"><i>The Comparative Evolution of Figurative Language <\/i><\/span><span lang=\"en-US\">(2007) and <\/span><span lang=\"en-US\"><i>Metaphor and the Historical Evolution of Conceptual Mapping<\/i><\/span><span lang=\"en-US\"> (2011).<\/span><\/p>\n<p>Il collabore \u00e0 l\u2019organisation de colloques et il communique lors de conf\u00e9rences internationales dans diff\u00e9rents pays. Il publie dans le domaine des \u00e9tudes de la m\u00e9taphore en lien avec des discours litt\u00e9raires et politiques sur la base de l&rsquo;analyse de corpus. Il travaille actuellement sur les niveaux plus approfondis des sens r\u00e9f\u00e9rentiels de la m\u00e9taphore conceptuelle dans la litt\u00e9rature compar\u00e9e europ\u00e9enne et le discours politique.<\/p>\n","protected":false},"excerpt":{"rendered":"<p>Richard Trim a compl\u00e9t\u00e9 ses \u00e9tudes en langues modernes en Grande-Bretagne et\u00a0s\u2019est sp\u00e9cialis\u00e9 en linguistique avec l\u2019obtention d\u2019un doctorat \u00e0 l\u2019Universit\u00e9 de Londres. Il a enseign\u00e9 les langues modernes et la linguistique dans diff\u00e9rentes universit\u00e9s en Europe, \u00e0 savoir en Ecosse, Allemagne, Belgique, Suisse et France. Il est actuellement Professeur en linguistique \u00e0 l\u2019Universit\u00e9 de [&hellip;]<\/p>\n","protected":false},"author":12,"featured_media":0,"parent":0,"menu_order":0,"comment_status":"closed","ping_status":"closed","template":"","meta":{"ngg_post_thumbnail":0,"footnotes":""},"class_list":["post-62","page","type-page","status-publish","hentry"],"_links":{"self":[{"href":"https:\/\/sites.univ-tln.fr\/richard-trim\/wp-json\/wp\/v2\/pages\/62","targetHints":{"allow":["GET"]}}],"collection":[{"href":"https:\/\/sites.univ-tln.fr\/richard-trim\/wp-json\/wp\/v2\/pages"}],"about":[{"href":"https:\/\/sites.univ-tln.fr\/richard-trim\/wp-json\/wp\/v2\/types\/page"}],"author":[{"embeddable":true,"href":"https:\/\/sites.univ-tln.fr\/richard-trim\/wp-json\/wp\/v2\/users\/12"}],"replies":[{"embeddable":true,"href":"https:\/\/sites.univ-tln.fr\/richard-trim\/wp-json\/wp\/v2\/comments?post=62"}],"version-history":[{"count":1,"href":"https:\/\/sites.univ-tln.fr\/richard-trim\/wp-json\/wp\/v2\/pages\/62\/revisions"}],"predecessor-version":[{"id":63,"href":"https:\/\/sites.univ-tln.fr\/richard-trim\/wp-json\/wp\/v2\/pages\/62\/revisions\/63"}],"wp:attachment":[{"href":"https:\/\/sites.univ-tln.fr\/richard-trim\/wp-json\/wp\/v2\/media?parent=62"}],"curies":[{"name":"wp","href":"https:\/\/api.w.org\/{rel}","templated":true}]}}