{"id":36,"date":"2018-01-30T15:15:39","date_gmt":"2018-01-30T14:15:39","guid":{"rendered":"http:\/\/sites.univ-tln.fr\/prc-russie\/?page_id=36"},"modified":"2018-02-01T16:00:58","modified_gmt":"2018-02-01T15:00:58","slug":"partenaires","status":"publish","type":"page","link":"https:\/\/sites.univ-tln.fr\/prc-russie\/partenaires\/","title":{"rendered":"Partenaires"},"content":{"rendered":"<p>Les partenaires organisateurs de cette conf\u00e9rence sont :<\/p>\n<p style=\"text-align: left;\"><a href=\"http:\/\/www.cpt.univ-mrs.fr\/\">le Centre de Physique Th\u00e9orique (UMR 7332, Universit\u00e9 d&rsquo;Aix-Marseille, Universit\u00e9 de Toulon, CNRS)&nbsp;;<\/a><\/p>\n<p><img loading=\"lazy\" decoding=\"async\" class=\"size-full wp-image-64 alignleft\" src=\"http:\/\/sites.univ-tln.fr\/prc-russie\/wp-content\/uploads\/sites\/23\/2018\/02\/logo-cpt.jpg\" alt=\"\" width=\"150\" height=\"120\"><\/p>\n<p>&nbsp;<\/p>\n<p>&nbsp;<\/p>\n<p>&nbsp;<\/p>\n<p><a href=\"http:\/\/www.poncelet.ru\/\">le Centre Interdisciplinaire J.-V. Poncelet (UMI CNRS, Moscou),<\/a><\/p>\n<p><img loading=\"lazy\" decoding=\"async\" class=\"wp-image-68 size-thumbnail alignleft\" src=\"http:\/\/sites.univ-tln.fr\/prc-russie\/wp-content\/uploads\/sites\/23\/2018\/02\/poncelet-150x150.png\" alt=\"\" width=\"150\" height=\"150\" srcset=\"https:\/\/sites.univ-tln.fr\/prc-russie\/wp-content\/uploads\/sites\/23\/2018\/02\/poncelet-150x150.png 150w, https:\/\/sites.univ-tln.fr\/prc-russie\/wp-content\/uploads\/sites\/23\/2018\/02\/poncelet-300x300.png 300w, https:\/\/sites.univ-tln.fr\/prc-russie\/wp-content\/uploads\/sites\/23\/2018\/02\/poncelet-624x624.png 624w, https:\/\/sites.univ-tln.fr\/prc-russie\/wp-content\/uploads\/sites\/23\/2018\/02\/poncelet.png 750w\" sizes=\"auto, (max-width: 150px) 100vw, 150px\" \/><\/p>\n<p>&nbsp;<\/p>\n<p>&nbsp;<\/p>\n<p>&nbsp;<\/p>\n<p>&nbsp;<\/p>\n<p><a href=\"http:\/\/ipmnet.ru\/en\/\">l&rsquo;Institut Ishlinski pour les Probl\u00e8mes de la M\u00e9canique (Moscou<\/a>).<\/p>\n<p><img loading=\"lazy\" decoding=\"async\" class=\"size-thumbnail wp-image-71 alignleft\" src=\"http:\/\/sites.univ-tln.fr\/prc-russie\/wp-content\/uploads\/sites\/23\/2018\/02\/Ishlinski-150x150.png\" alt=\"\" width=\"150\" height=\"150\"><\/p>\n<p>&nbsp;<\/p>\n<p>&nbsp;<\/p>\n<p>&nbsp;<\/p>\n<p>&nbsp;<\/p>\n<p><a href=\"http:\/\/www.math.sciences.univ-nantes.fr\/dynqua\/\">le GDR DYNQUA<\/a><\/p>\n<p><img loading=\"lazy\" decoding=\"async\" class=\"size-full wp-image-69 alignleft\" src=\"http:\/\/sites.univ-tln.fr\/prc-russie\/wp-content\/uploads\/sites\/23\/2018\/02\/logo_dynqua.jpg\" alt=\"\" width=\"180\" height=\"175\"><\/p>\n<p>&nbsp;<\/p>\n<p>&nbsp;<\/p>\n<p>&nbsp;<\/p>\n<p>&nbsp;<\/p>\n<p>&nbsp;<\/p>\n<p>FRUMAN<\/p>\n<p><img loading=\"lazy\" decoding=\"async\" class=\"size-full wp-image-66 alignleft\" src=\"http:\/\/sites.univ-tln.fr\/prc-russie\/wp-content\/uploads\/sites\/23\/2018\/02\/logo_frumam.jpg\" alt=\"\" width=\"55\" height=\"56\"><\/p>\n<p>&nbsp;<\/p>\n<p>&nbsp;<\/p>\n<p><a href=\"http:\/\/www.univ-tln.fr\">Universit\u00e9 de Toulon<\/a><\/p>\n<p><img loading=\"lazy\" decoding=\"async\" class=\"size-full wp-image-14 alignleft\" src=\"http:\/\/sites.univ-tln.fr\/prc-russie\/wp-content\/uploads\/sites\/23\/2018\/01\/logo-universite-toulon-180.png\" alt=\"\" width=\"180\" height=\"85\"><\/p>\n","protected":false},"excerpt":{"rendered":"<p>Les partenaires organisateurs de cette conf\u00e9rence sont : le Centre de Physique Th\u00e9orique (UMR 7332, Universit\u00e9 d&rsquo;Aix-Marseille, Universit\u00e9 de Toulon, CNRS)&nbsp;; &nbsp; &nbsp; &nbsp; le Centre Interdisciplinaire J.-V. Poncelet (UMI CNRS, Moscou), &nbsp; &nbsp; &nbsp; &nbsp; l&rsquo;Institut Ishlinski pour les Probl\u00e8mes de la M\u00e9canique (Moscou). &nbsp; &nbsp; &nbsp; &nbsp; le GDR DYNQUA &nbsp; &nbsp; &nbsp; [&hellip;]<\/p>\n","protected":false},"author":1,"featured_media":0,"parent":0,"menu_order":0,"comment_status":"closed","ping_status":"closed","template":"","meta":{"ngg_post_thumbnail":0,"footnotes":""},"class_list":["post-36","page","type-page","status-publish","hentry"],"_links":{"self":[{"href":"https:\/\/sites.univ-tln.fr\/prc-russie\/wp-json\/wp\/v2\/pages\/36","targetHints":{"allow":["GET"]}}],"collection":[{"href":"https:\/\/sites.univ-tln.fr\/prc-russie\/wp-json\/wp\/v2\/pages"}],"about":[{"href":"https:\/\/sites.univ-tln.fr\/prc-russie\/wp-json\/wp\/v2\/types\/page"}],"author":[{"embeddable":true,"href":"https:\/\/sites.univ-tln.fr\/prc-russie\/wp-json\/wp\/v2\/users\/1"}],"replies":[{"embeddable":true,"href":"https:\/\/sites.univ-tln.fr\/prc-russie\/wp-json\/wp\/v2\/comments?post=36"}],"version-history":[{"count":4,"href":"https:\/\/sites.univ-tln.fr\/prc-russie\/wp-json\/wp\/v2\/pages\/36\/revisions"}],"predecessor-version":[{"id":72,"href":"https:\/\/sites.univ-tln.fr\/prc-russie\/wp-json\/wp\/v2\/pages\/36\/revisions\/72"}],"wp:attachment":[{"href":"https:\/\/sites.univ-tln.fr\/prc-russie\/wp-json\/wp\/v2\/media?parent=36"}],"curies":[{"name":"wp","href":"https:\/\/api.w.org\/{rel}","templated":true}]}}