{"id":27,"date":"2018-01-30T15:10:37","date_gmt":"2018-01-30T14:10:37","guid":{"rendered":"http:\/\/sites.univ-tln.fr\/prc-russie\/?page_id=27"},"modified":"2018-04-16T20:06:46","modified_gmt":"2018-04-16T18:06:46","slug":"programme","status":"publish","type":"page","link":"https:\/\/sites.univ-tln.fr\/prc-russie\/programme\/","title":{"rendered":"Programme"},"content":{"rendered":"<p><a href=\"http:\/\/sites.univ-tln.fr\/prc-russie\/wp-content\/uploads\/sites\/23\/2018\/04\/toulon181.pdf\">toulon18(1)<\/a><\/p>\n<p>Programme<\/p>\n<p>&nbsp;<\/p>\n<p>Book of Abstracts:<\/p>\n<p><a href=\"http:\/\/sites.univ-tln.fr\/prc-russie\/wp-content\/uploads\/sites\/23\/2018\/04\/Colloq2018.pdf\">Colloq2018\u00a0<\/a><\/p>\n<p>&nbsp;<\/p>\n<p>&nbsp;<\/p>\n<p>On consid\u00e8re principalement des probl\u00e8mes de la M\u00e9canique des Fluides, de la M\u00e9canique Quantique et de la Physique de la Mati\u00e8re condens\u00e9e, envisag\u00e9s du point de vue de l&rsquo;Approximation semi-classique et de la G\u00e9om\u00e9trie asymptotique. Des expos\u00e9s seront aussi consacr\u00e9s \u00e0 certains aspects de M\u00e9canique Statistique.<\/p>\n<p><strong>La conf\u00e9rence commence le <span id=\"OBJ_PREFIX_DWT5954_com_zimbra_date\" class=\"Object\" role=\"link\"><span id=\"OBJ_PREFIX_DWT5990_com_zimbra_date\" class=\"Object\" role=\"link\">Mardi<\/span><\/span> 24 \u00e0 9:00 et se termine le <span id=\"OBJ_PREFIX_DWT5955_com_zimbra_date\" class=\"Object\" role=\"link\"><span id=\"OBJ_PREFIX_DWT5991_com_zimbra_date\" class=\"Object\" role=\"link\">Mercredi<\/span><\/span> 25 \u00e0 15:30<\/strong><\/p>\n<p>&nbsp;<\/p>\n","protected":false},"excerpt":{"rendered":"<p>toulon18(1) Programme &nbsp; Book of Abstracts: Colloq2018\u00a0 &nbsp; &nbsp; On consid\u00e8re principalement des probl\u00e8mes de la M\u00e9canique des Fluides, de la M\u00e9canique Quantique et de la Physique de la Mati\u00e8re condens\u00e9e, envisag\u00e9s du point de vue de l&rsquo;Approximation semi-classique et de la G\u00e9om\u00e9trie asymptotique. Des expos\u00e9s seront aussi consacr\u00e9s \u00e0 certains aspects de M\u00e9canique Statistique. [&hellip;]<\/p>\n","protected":false},"author":1,"featured_media":0,"parent":0,"menu_order":0,"comment_status":"closed","ping_status":"closed","template":"","meta":{"ngg_post_thumbnail":0,"footnotes":""},"class_list":["post-27","page","type-page","status-publish","hentry"],"_links":{"self":[{"href":"https:\/\/sites.univ-tln.fr\/prc-russie\/wp-json\/wp\/v2\/pages\/27","targetHints":{"allow":["GET"]}}],"collection":[{"href":"https:\/\/sites.univ-tln.fr\/prc-russie\/wp-json\/wp\/v2\/pages"}],"about":[{"href":"https:\/\/sites.univ-tln.fr\/prc-russie\/wp-json\/wp\/v2\/types\/page"}],"author":[{"embeddable":true,"href":"https:\/\/sites.univ-tln.fr\/prc-russie\/wp-json\/wp\/v2\/users\/1"}],"replies":[{"embeddable":true,"href":"https:\/\/sites.univ-tln.fr\/prc-russie\/wp-json\/wp\/v2\/comments?post=27"}],"version-history":[{"count":25,"href":"https:\/\/sites.univ-tln.fr\/prc-russie\/wp-json\/wp\/v2\/pages\/27\/revisions"}],"predecessor-version":[{"id":122,"href":"https:\/\/sites.univ-tln.fr\/prc-russie\/wp-json\/wp\/v2\/pages\/27\/revisions\/122"}],"wp:attachment":[{"href":"https:\/\/sites.univ-tln.fr\/prc-russie\/wp-json\/wp\/v2\/media?parent=27"}],"curies":[{"name":"wp","href":"https:\/\/api.w.org\/{rel}","templated":true}]}}