{"id":23,"date":"2018-01-30T15:09:47","date_gmt":"2018-01-30T14:09:47","guid":{"rendered":"http:\/\/sites.univ-tln.fr\/prc-russie\/?page_id=23"},"modified":"2018-02-21T17:06:21","modified_gmt":"2018-02-21T16:06:21","slug":"presentation","status":"publish","type":"page","link":"https:\/\/sites.univ-tln.fr\/prc-russie\/","title":{"rendered":"Pr\u00e9sentation"},"content":{"rendered":"<h2 style=\"text-align: center;\">Conf\u00e9rence SEMI-CLASSICAL AND GEOMETRIC ASYMPTOTICS IN MATHEMATICAL PHYSICS<\/h2>\n<p>Cette Conf\u00e9rence est organis\u00e9e dans le cadre d&rsquo;un Projet International de Coop\u00e9ration scientifique (PICS) avec la Russie, avec comme partenaires, d&rsquo;une part le Centre de Physique Th\u00e9orique (UMR 7332, Universit\u00e9 d&rsquo;Aix-Marseille, Universit\u00e9 de Toulon, CNRS)&nbsp;; d&rsquo;autre part le Centre Interdisciplinaire J.-V. Poncelet (UMI CNRS, Moscou), et l&rsquo;Institut Ishlinski pour les Probl\u00e8mes de la M\u00e9canique (Moscou).<\/p>\n<h2>Programme&nbsp;:<\/h2>\n<p>On consid\u00e8re principalement des probl\u00e8mes de la M\u00e9canique des Fluides, de la M\u00e9canique Quantique et de la Physique de la Mati\u00e8re condens\u00e9e, envisag\u00e9s du point de vue de l&rsquo;Approximation semi-classique et de la G\u00e9om\u00e9trie asymptotique. Des expos\u00e9s seront aussi consacr\u00e9s \u00e0 certains aspects de M\u00e9canique Statistique.<\/p>\n<h2>Lieu et Date :<\/h2>\n<p>24 et 25 Avril 2018, Universit\u00e9&nbsp; de Toulon, Campus Centre Ville de Toulon, (b\u00e2timent Pi).<\/p>\n","protected":false},"excerpt":{"rendered":"<p>Conf\u00e9rence SEMI-CLASSICAL AND GEOMETRIC ASYMPTOTICS IN MATHEMATICAL PHYSICS Cette Conf\u00e9rence est organis\u00e9e dans le cadre d&rsquo;un Projet International de Coop\u00e9ration scientifique (PICS) avec la Russie, avec comme partenaires, d&rsquo;une part le Centre de Physique Th\u00e9orique (UMR 7332, Universit\u00e9 d&rsquo;Aix-Marseille, Universit\u00e9 de Toulon, CNRS)&nbsp;; d&rsquo;autre part le Centre Interdisciplinaire J.-V. Poncelet (UMI CNRS, Moscou), et l&rsquo;Institut [&hellip;]<\/p>\n","protected":false},"author":1,"featured_media":0,"parent":0,"menu_order":0,"comment_status":"closed","ping_status":"closed","template":"","meta":{"ngg_post_thumbnail":0,"footnotes":""},"class_list":["post-23","page","type-page","status-publish","hentry"],"_links":{"self":[{"href":"https:\/\/sites.univ-tln.fr\/prc-russie\/wp-json\/wp\/v2\/pages\/23","targetHints":{"allow":["GET"]}}],"collection":[{"href":"https:\/\/sites.univ-tln.fr\/prc-russie\/wp-json\/wp\/v2\/pages"}],"about":[{"href":"https:\/\/sites.univ-tln.fr\/prc-russie\/wp-json\/wp\/v2\/types\/page"}],"author":[{"embeddable":true,"href":"https:\/\/sites.univ-tln.fr\/prc-russie\/wp-json\/wp\/v2\/users\/1"}],"replies":[{"embeddable":true,"href":"https:\/\/sites.univ-tln.fr\/prc-russie\/wp-json\/wp\/v2\/comments?post=23"}],"version-history":[{"count":5,"href":"https:\/\/sites.univ-tln.fr\/prc-russie\/wp-json\/wp\/v2\/pages\/23\/revisions"}],"predecessor-version":[{"id":79,"href":"https:\/\/sites.univ-tln.fr\/prc-russie\/wp-json\/wp\/v2\/pages\/23\/revisions\/79"}],"wp:attachment":[{"href":"https:\/\/sites.univ-tln.fr\/prc-russie\/wp-json\/wp\/v2\/media?parent=23"}],"curies":[{"name":"wp","href":"https:\/\/api.w.org\/{rel}","templated":true}]}}