{"id":53,"date":"2016-10-04T16:12:54","date_gmt":"2016-10-04T15:12:54","guid":{"rendered":"http:\/\/sites.univ-tln.fr\/metrad\/?page_id=53"},"modified":"2017-02-28T15:11:34","modified_gmt":"2017-02-28T14:11:34","slug":"committees","status":"publish","type":"page","link":"https:\/\/sites.univ-tln.fr\/metrad\/en\/committees\/","title":{"rendered":"Committees"},"content":{"rendered":"<p><strong>Organisation Committee<\/strong><\/p>\n<ul>\n<li>Richard Trim, University of Toulon, France<\/li>\n<li>Sylvie Vandaele, University of Montreal, Canada<\/li>\n<\/ul>\n<p><strong>Scientific Committee<br \/>\n<\/strong><\/p>\n<ul>\n<li>Pier-Pascale Boulanger, University of Concordia, Canada<\/li>\n<li>Chantal Gagnon, University of Montr\u00e9al, Canada<\/li>\n<li>Genevi\u00e8ve Salvan, University of Nice Sophia Antipolis<\/li>\n<li>Mich\u00e8le Monte, University of Toulon, France<\/li>\n<li>Dairine O\u2019Kelly, University of Toulon, France<\/li>\n<li>Christina Schaeffner, Aston University, Great Britain<\/li>\n<\/ul>\n","protected":false},"excerpt":{"rendered":"<p>Organisation Committee Richard Trim, University of Toulon, France Sylvie Vandaele, University of Montreal, Canada Scientific Committee Pier-Pascale Boulanger, University of Concordia, Canada Chantal Gagnon, University of Montr\u00e9al, Canada Genevi\u00e8ve Salvan, University of Nice Sophia Antipolis Mich\u00e8le Monte, University of Toulon, France Dairine O\u2019Kelly, University of Toulon, France Christina Schaeffner, Aston University, Great Britain<\/p>\n","protected":false},"author":1,"featured_media":0,"parent":0,"menu_order":0,"comment_status":"closed","ping_status":"closed","template":"","meta":{"ngg_post_thumbnail":0,"footnotes":""},"class_list":["post-53","page","type-page","status-publish","hentry"],"_links":{"self":[{"href":"https:\/\/sites.univ-tln.fr\/metrad\/wp-json\/wp\/v2\/pages\/53","targetHints":{"allow":["GET"]}}],"collection":[{"href":"https:\/\/sites.univ-tln.fr\/metrad\/wp-json\/wp\/v2\/pages"}],"about":[{"href":"https:\/\/sites.univ-tln.fr\/metrad\/wp-json\/wp\/v2\/types\/page"}],"author":[{"embeddable":true,"href":"https:\/\/sites.univ-tln.fr\/metrad\/wp-json\/wp\/v2\/users\/1"}],"replies":[{"embeddable":true,"href":"https:\/\/sites.univ-tln.fr\/metrad\/wp-json\/wp\/v2\/comments?post=53"}],"version-history":[{"count":7,"href":"https:\/\/sites.univ-tln.fr\/metrad\/wp-json\/wp\/v2\/pages\/53\/revisions"}],"predecessor-version":[{"id":92,"href":"https:\/\/sites.univ-tln.fr\/metrad\/wp-json\/wp\/v2\/pages\/53\/revisions\/92"}],"wp:attachment":[{"href":"https:\/\/sites.univ-tln.fr\/metrad\/wp-json\/wp\/v2\/media?parent=53"}],"curies":[{"name":"wp","href":"https:\/\/api.w.org\/{rel}","templated":true}]}}