{"id":29,"date":"2016-09-27T15:06:31","date_gmt":"2016-09-27T14:06:31","guid":{"rendered":"http:\/\/sites.univ-tln.fr\/metrad\/?page_id=29"},"modified":"2017-04-13T15:40:44","modified_gmt":"2017-04-13T14:40:44","slug":"hebergement","status":"publish","type":"page","link":"https:\/\/sites.univ-tln.fr\/metrad\/fr\/hebergement\/","title":{"rendered":"H\u00e9bergement"},"content":{"rendered":"<p style=\"text-align: justify;\"><span style=\"color: #ff0000;\"><strong>En vue de la capacit\u00e9 h\u00f4teli\u00e8re de Toulon en juin, il est fortement conseill\u00e9 de r\u00e9server son h\u00e9bergement dans les plus brefs d\u00e9lais afin de ne pas \u00eatre pris au d\u00e9pourvu en cette p\u00e9riode<\/strong><\/span>.<\/p>\n<p style=\"text-align: justify;\">Vous pourriez vous rendre \u00e0 pied au campus Porte d\u2019Italie depuis les h\u00f4tels du centre-ville qui figurent dans la liste ci-dessous.<\/p>\n<p style=\"text-align: justify;\">Vous trouverez des informations concernant d\u2019autres possibilit\u00e9s d\u2019h\u00e9bergement \u2013 par exemple, des chambres d\u2019h\u00f4tes situ\u00e9s \u00e0 Toulon ou en bord de mer, sur les sites suivants :<br \/>\n<a href=\"http:\/\/toulontourisme.com%20 \">http:\/\/toulontourisme.com &nbsp;<\/a><br \/>\n<a href=\"http:\/\/www.visitvar.fr\">http:\/\/www.visitvar.fr<\/a><\/p>\n<p style=\"text-align: justify;\">Pour ceux qui se d\u00e9placeront en voiture, vous y trouverez \u00e9galement des informations concernant des h\u00f4tels et des chambres d\u2019h\u00f4tes qui se situent \u00e0 proximit\u00e9 de Toulon. Toutefois, il faut savoir que les temps des trajets pour se rendre au campus Porte d\u2019Italie peuvent \u00eatre consid\u00e9rablement augment\u00e9s le matin \u00e0 cause des embouteillages \u00e0 l\u2019entr\u00e9e de la ville.<\/p>\n<h2 style=\"text-align: justify;\">&nbsp;H\u00f4tels du centre-ville (non exhaustifs)<\/h2>\n<p style=\"text-align: justify;\"><strong>Ibis Budget Toulon Centre (ex Etap H\u00f4tel) **<\/strong><br \/>\n200 avenue Franklin Roosevelt<br \/>\n83000 Toulon<br \/>\nT\u00e9l : 0892 68 09 57<br \/>\nFax : 04 94 31 13 32<br \/>\n<a href=\"www.ibis.com\">www.ibis.com<\/a><br \/>\nSitu\u00e9 \u00e0 quelques minutes \u00e0 pied du campus Porte d\u2019Italie et \u00e0 moins de 200m du port. 127 chambres climatis\u00e9es et insonoris\u00e9es, \u00e9quip\u00e9es d\u2019une t\u00e9l\u00e9vision et disposant d\u2019une salle de bains privative avec baignoire ou douche. Connexion Wi-Fi gratuite ; r\u00e9ception ouverte 24h\/24h.<\/p>\n<p style=\"text-align: justify;\"><strong>Little Palace **<\/strong><br \/>\n6 Rue Bertholet<br \/>\n83000 Toulon<br \/>\nT\u00e9l : 04 94 92 26 62<br \/>\nFax : 04 94 09 09 17<br \/>\nE-mail : reservation@littlepalace.com<br \/>\n<a href=\"http:\/\/www.hotel-littlepalace.com\">http:\/\/www.hotel-littlepalace.com<\/a><br \/>\nSitu\u00e9 au c\u0153ur du centre-ville, \u00e0 400m du port. Possibilit\u00e9 de navette gare-h\u00f4tel ou a\u00e9roport-h\u00f4tel sur r\u00e9servation. Parking payant \u00e0 proximit\u00e9 (parking Peiresc). 23 chambres insonoris\u00e9es (dont certaines qui sont climatis\u00e9es), d\u00e9cor\u00e9es aux couleurs de la Provence. Les chambres sont \u00e9quip\u00e9es d\u2019une t\u00e9l\u00e9vision et disposent d\u2019une salle de bains privative avec douche. Connexion Wi-Fi gratuite.<\/p>\n<p style=\"text-align: justify;\"><strong>H\u00f4tel Acanthid**<\/strong><br \/>\n21, avenue Colbert<br \/>\n(angle Boulevard de Strasbourg)<br \/>\n83000 Toulon<br \/>\nT\u00e9l. : 04 94 09 10 63<br \/>\nFax : 04 94 09 20 62<br \/>\nE-mail : hotel.acanthid@wanadoo.fr<br \/>\n<a href=\"www.acanthid.com\">www.acanthid.com<\/a><br \/>\nSitu\u00e9 en face de l\u2019Op\u00e9ra de Toulon, \u00e0 quelques minutes \u00e0 pied de la gare et du campus Porte d\u2019Italie. 38 chambres climatis\u00e9es et insonoris\u00e9es, \u00e9quip\u00e9es d\u2019une t\u00e9l\u00e9vision et d\u2019une douche. Connexion Wi-Fi gratuite dans l\u2019ensemble de l\u2019\u00e9tablissement ; r\u00e9ception ouverte 24h\/24h.<\/p>\n<p style=\"text-align: justify;\"><strong>Celenya H\u00f4tel **<\/strong><br \/>\n7 bis, rue de Chabannes<br \/>\n83000 Toulon<br \/>\nT\u00e9l : 04 94 92 37 44<br \/>\nE-mail : celenyahotel@orange.fr<br \/>\n<a href=\"www.hotel-celenya-toulon.com\">www.hotel-celenya-toulon.com<\/a><br \/>\nSitu\u00e9 \u00e0 proximit\u00e9 des gares SNCF et routi\u00e8re, \u00e0 650m du port et \u00e0 environ 700m du campus Porte d\u2019Italie, pr\u00e8s de la Place de la Libert\u00e9. 29 chambres climatis\u00e9es, \u00e9quip\u00e9es d&rsquo;une t\u00e9l\u00e9vision, dot\u00e9es d&rsquo;une salle de bains privative et d\u00e9cor\u00e9es autour du th\u00e8me des 5 continents. Connexion Wi-Fi gratuite dans les parties communes de l\u2019h\u00f4tel.<\/p>\n<p style=\"text-align: justify;\"><strong>Au Nouvel H\u00f4tel **<\/strong><br \/>\n224 Boulevard de Tess\u00e9, 83000 Toulon<br \/>\nT\u00e9l : 04 94 89 04 22<br \/>\nFax : 04 94 92 13 06<br \/>\nE-mail : nouvelhotel83@wanadoo.fr<br \/>\n<a href=\"http:\/\/www.aunouvelhotel.com\/\">http:\/\/www.aunouvelhotel.com\/<\/a><br \/>\nSitu\u00e9 \u00e0 150m des gares SNCF et routi\u00e8re et \u00e0 environ 700m du campus Porte d\u2019Italie. D\u00e9p\u00f4t de bagages devant l\u2019h\u00f4tel ; tickets de stationnement \u00e0 tarif pr\u00e9f\u00e9rentiel pour le parking payant \u00e0 proximit\u00e9 (Parking de La Gare, ouvert 24h\/24h et surveill\u00e9). 29 chambres climatis\u00e9es et insonoris\u00e9es, de 1 \u00e0 4 personnes, \u00e9quip\u00e9es d&rsquo;une t\u00e9l\u00e9vision et d&rsquo;une salle de bains privative avec baignoire ou douche. Possibilit\u00e9 d\u2019utiliser un ordinateur \u00e0 la r\u00e9ception avec acc\u00e8s internet ; connexion Wi-Fi gratuite dans toutes les chambres. R\u00e9ception ouverte 24h\/24h ; possibilit\u00e9 de faire garder des bagages \u00e0 la r\u00e9ception le jour du d\u00e9part.<br \/>\nTarifs : \u00e0 partir de 52\u20ac pour une personne. Petit d\u00e9jeuner : 7\u20ac<br \/>\nParking (au parking de la gare) : 5,90 \u20ac pour 15h ; 8,90\u20ac pour 24h.<\/p>\n<p style=\"text-align: justify;\"><strong>H\u00f4tel Bonaparte **<\/strong><br \/>\n16 rue Anatole France, 83000 Toulon<br \/>\nT\u00e9l : 04 94 93 07 51<br \/>\nFax : 04 94 93 24 55<br \/>\n<a href=\"http:\/\/www.hotel-bonaparte.com\/\">http:\/\/www.hotel-bonaparte.com\/<\/a><br \/>\nSitu\u00e9 au c\u0153ur du centre-ville, \u00e0 2 minutes \u00e0 pied du port. Parking public payant \u00e0 proximit\u00e9 (ferm\u00e9 et surveill\u00e9 &#8211; parking Place d\u2019Armes).<br \/>\n22 chambres avec fen\u00eatres insonoris\u00e9es, dont 6 avec climatisation, d\u00e9cor\u00e9es aux couleurs de la Provence, dans une ancienne demeure napol\u00e9onienne (sur quatre \u00e9tages, sans ascenseur).&nbsp; Chaque chambre poss\u00e8de une salle de bains privative et une t\u00e9l\u00e9vision ; connexion Wi-Fi gratuite.<\/p>\n<p style=\"text-align: justify;\"><strong>H\u00f4tel Ibis Styles Toulon Centre Congr\u00e8s ***<\/strong><br \/>\nPlace Besagne, 83000 Toulon<br \/>\nT\u00e9l : 04 98 00 81 00<br \/>\nFax : 04 94 41 57 51<br \/>\nR\u00e9servation centrale : 0825 88 00 00<br \/>\n<a href=\"http:\/\/www.accorhotels.com\/\">http:\/\/www.accorhotels.com\/<\/a><br \/>\nSitu\u00e9 en face du Centre des Congr\u00e8s Palais Neptune, \u00e0 proximit\u00e9 du campus Porte d\u2019Italie, du port et de la vielle ville. Parking public \u00e0 proximit\u00e9 (Parking Lafayette) avec un acc\u00e8s direct \u00e0 l\u2019h\u00f4tel. 139 chambres climatis\u00e9es et insonoris\u00e9es, \u00e9quip\u00e9es d\u2019une t\u00e9l\u00e9vision et d\u2019une salle de bains privative. Toit-terrasse offrant une vue panoramique. Cuisine fran\u00e7aise traditionnelle servie dans le restaurant de l\u2019h\u00f4tel. Etablissement enti\u00e8rement non-fumeur. Connexion Wi-Fi gratuite.<\/p>\n<p style=\"text-align: justify;\"><strong>Grand H\u00f4tel Dauphin\u00e9 ***<\/strong><br \/>\n10 Rue Bertholet<br \/>\n83000 Toulon<br \/>\nT\u00e9l : 04 94 92 20 28<br \/>\nE-mail : contact@grandhoteldauphine.com<br \/>\n<a href=\"http:\/\/www.grandhoteldauphine.com\">http:\/\/www.grandhoteldauphine.com<\/a><\/p>\n<p style=\"text-align: justify;\">Situ\u00e9 dans le quartier de l\u2019Op\u00e9ra, \u00e0 environ 600 m\u00e8tres du campus Porte d\u2019Italie et des gares SNCF et routi\u00e8re et \u00e0 environ 400m du port. Tarif pr\u00e9f\u00e9rentiel pour le parking public payant (ferm\u00e9 et s\u00e9curis\u00e9 &#8211; Parking Peiresc) situ\u00e9 \u00e0 50m. 55 chambres de 1 \u00e0 4 personnes, climatis\u00e9es et insonoris\u00e9es, \u00e9quip\u00e9es d\u2019une t\u00e9l\u00e9vision et d\u2019une salle de bains privative avec douche ou baignoire. R\u00e9ception ouverte 24h\/24h ; bagagerie gratuite.<br \/>\nTarifs : 1 personne \u00e0 partir de 70\u20ac. Chambre 2 personnes \u00e0 partir de 78\u20ac ; possibilit\u00e9 de tarifs pr\u00e9f\u00e9rentiels pour plusieurs personnes faisant leur r\u00e9servation ensemble. Petit d\u00e9jeuner buffet 10\u20ac ; petit d\u00e9jeuner en chambre 12\u20ac.<br \/>\nParking Peiresc : 8,30\u20ac. \/24h ; 5,50\u20ac les 15h ; 2\u20ac. de 19h \u00e0 7h.<\/p>\n<p style=\"text-align: justify;\"><strong>Inter-H\u00f4tel Grand H\u00f4tel de la Gare ***<\/strong><br \/>\n14 Boulevard de Tess\u00e9, 83000 Toulon<br \/>\nT\u00e9l : 04 94 24 10 00<br \/>\nE-mail : contact@grandhotelgare.com<br \/>\n<a href=\"http:\/\/www.grandhotelgare.com\">http:\/\/www.grandhotelgare.com<\/a><br \/>\nLe Grand H\u00f4tel de la Gare se situe \u00e0 50 m\u00e8tres des gares TGV et routi\u00e8re, \u00e0 1km du port et \u00e0 environ 800m du campus Porte d\u2019Italie. Tickets de stationnement \u00e0 tarif pr\u00e9f\u00e9rentiel pour le parking payant \u00e0 proximit\u00e9 (Parking de La Gare, ouvert 24h\/24h et surveill\u00e9).<br \/>\n39 chambres climatis\u00e9es et insonoris\u00e9es, \u00e9quip\u00e9es d\u2019une t\u00e9l\u00e9vision et d\u2019une salle de bains privative avec douche ou baignoire. Connexion Wi-Fi gratuite. Service de bagagerie gratuit.<br \/>\nTarifs : Chambre 1 ou 2 personnes \u00e0 partir de 72\u20ac.&nbsp; Personne suppl\u00e9mentaire (disponible dans certaines chambres) 17\u20ac. Petit d\u00e9jeuner 10\u20ac.<br \/>\nPossibilit\u00e9 d\u2019un tarif \u00ab soir\u00e9e \u00e9tape \u00bb en lien avec des restaurants partenaires, \u00e0 partir de 85\u20ac par personne pour la chambre &amp; repas ; possibilit\u00e9 de tarifs pr\u00e9f\u00e9rentiels pour plusieurs personnes faisant leur r\u00e9servation ensemble.<br \/>\nTarif pr\u00e9f\u00e9rentiel Parking de la Gare : 8,90\u20ac. \/24h ; 5,90\u20ac les 15h.<\/p>\n<p style=\"text-align: justify;\"><strong>H\u00f4tel Amiraut\u00e9 ***<\/strong><br \/>\n4, rue Adolphe Guiol, 83000 Toulon<br \/>\nT\u00e9l : 04 94 22 19 67<br \/>\nFax : 04 94 09 34 72<br \/>\nE-mail : reservation@hotelamiraute.fr<br \/>\n<a href=\"http:\/\/www.hotel-toulon-amiraute.com\/\">http:\/\/www.hotel-toulon-amiraute.com\/<\/a><\/p>\n<p style=\"text-align: justify;\">Situation centrale \u00e0 proximit\u00e9 de la Place de la Libert\u00e9 et du port, \u00e0 environ 800m du campus Porte d\u2019Italie et \u00e0 quelques minutes des gares SNCF et routi\u00e8re. Tarifs pr\u00e9f\u00e9rentiel pour le parking public \u00e0 proximit\u00e9 (Parking Libert\u00e9).<br \/>\n58 chambres climatis\u00e9es et insonoris\u00e9es (dont 16 chambres avec balcon) \u00e9quip\u00e9es d\u2019une t\u00e9l\u00e9vision et disposant d\u2019une salle de bains privative. Connexion Wi-Fi gratuite. Ordinateur et imprimante disponibles gratuitement. R\u00e9ception ouverte 24h\/24h. Service de bagagerie gratuit.<\/p>\n","protected":false},"excerpt":{"rendered":"<p>En vue de la capacit\u00e9 h\u00f4teli\u00e8re de Toulon en juin, il est fortement conseill\u00e9 de r\u00e9server son h\u00e9bergement dans les plus brefs d\u00e9lais afin de ne pas \u00eatre pris au d\u00e9pourvu en cette p\u00e9riode. Vous pourriez vous rendre \u00e0 pied au campus Porte d\u2019Italie depuis les h\u00f4tels du centre-ville qui figurent dans la liste ci-dessous. [&hellip;]<\/p>\n","protected":false},"author":1,"featured_media":0,"parent":0,"menu_order":0,"comment_status":"closed","ping_status":"closed","template":"","meta":{"ngg_post_thumbnail":0,"footnotes":""},"class_list":["post-29","page","type-page","status-publish","hentry"],"_links":{"self":[{"href":"https:\/\/sites.univ-tln.fr\/metrad\/wp-json\/wp\/v2\/pages\/29","targetHints":{"allow":["GET"]}}],"collection":[{"href":"https:\/\/sites.univ-tln.fr\/metrad\/wp-json\/wp\/v2\/pages"}],"about":[{"href":"https:\/\/sites.univ-tln.fr\/metrad\/wp-json\/wp\/v2\/types\/page"}],"author":[{"embeddable":true,"href":"https:\/\/sites.univ-tln.fr\/metrad\/wp-json\/wp\/v2\/users\/1"}],"replies":[{"embeddable":true,"href":"https:\/\/sites.univ-tln.fr\/metrad\/wp-json\/wp\/v2\/comments?post=29"}],"version-history":[{"count":4,"href":"https:\/\/sites.univ-tln.fr\/metrad\/wp-json\/wp\/v2\/pages\/29\/revisions"}],"predecessor-version":[{"id":109,"href":"https:\/\/sites.univ-tln.fr\/metrad\/wp-json\/wp\/v2\/pages\/29\/revisions\/109"}],"wp:attachment":[{"href":"https:\/\/sites.univ-tln.fr\/metrad\/wp-json\/wp\/v2\/media?parent=29"}],"curies":[{"name":"wp","href":"https:\/\/api.w.org\/{rel}","templated":true}]}}