{"id":25,"date":"2016-09-27T15:05:59","date_gmt":"2016-09-27T14:05:59","guid":{"rendered":"http:\/\/sites.univ-tln.fr\/metrad\/?page_id=25"},"modified":"2017-05-03T15:56:37","modified_gmt":"2017-05-03T14:56:37","slug":"inscriptions","status":"publish","type":"page","link":"https:\/\/sites.univ-tln.fr\/metrad\/fr\/inscriptions\/","title":{"rendered":"Inscriptions"},"content":{"rendered":"<div><strong>Frais d&rsquo;inscriptions: <\/strong><\/div>\n<ul>\n<li>120 euros (TTC) jusqu&rsquo;au <span id=\"OBJ_PREFIX_DWT2350_com_zimbra_date\" class=\"Object\"><span id=\"OBJ_PREFIX_DWT2433_com_zimbra_date\" class=\"Object\">30 avril 2017<\/span><\/span>.<\/li>\n<li>150 euros (TTC) entre le 1er mai et le <span id=\"OBJ_PREFIX_DWT2351_com_zimbra_date\" class=\"Object\"><span id=\"OBJ_PREFIX_DWT2434_com_zimbra_date\" class=\"Object\">15 mai 2017<\/span><\/span>.<\/li>\n<\/ul>\n<div>&nbsp;Les frais couvrent un buffet froid et les boissons sur place \u00e0 midi, les 1er et le 2 juin, ainsi qu&rsquo;un cocktail le soir du 1er juin et les pauses caf\u00e9 des deux jours du colloque.<\/div>\n<div>Merci de nous informer si vous pr\u00e9f\u00e9rez un repas v\u00e9g\u00e9tarien \u00e0 midi.<\/div>\n<div>&nbsp;<\/div>\n<div><strong>Une option pour le repas de gala du 2 juin au soir est mise en ligne depuis le 3 mai,<\/strong> d&rsquo;un montant de 29 euros TTC.<\/div>\n<ul>\n<li><strong>Si vous \u00eatiez d\u00e9j\u00e0 inscrit au colloque<\/strong> et souhaitez d\u00e9sormais prendre l&rsquo;option repas, choisissez l&rsquo;option Diner Gala sur la 1\u00e8re page du formulaire d&rsquo;inscription.<\/li>\n<li><strong>Si vous n&rsquo;\u00eates pas encore inscrit au colloque<\/strong>, s\u00e9lection la 1\u00e8re option Full participant et vous choisirez sur la page 2 l&rsquo;option repas de gala ou non (le calcul du montant du sera automatique)<\/li>\n<\/ul>\n<div>Le repas aura lieu au Restaurant Mayol sur le port du Centre-Ville de Toulon.<\/div>\n<div>&nbsp;<\/div>\n<p><strong>Vous pouvez vous inscrire via&nbsp;le formulaire d&rsquo;inscription en ligne :<\/strong><\/p>\n<p><a href=\"https:\/\/colloques.univ-tln.fr\/Colloques\/RegistrationMETRAD2017.jsp\">https:\/\/colloques.univ-tln.fr\/Colloques\/RegistrationMETRAD2017.jsp<\/a><\/p>\n","protected":false},"excerpt":{"rendered":"<p>Frais d&rsquo;inscriptions: 120 euros (TTC) jusqu&rsquo;au 30 avril 2017. 150 euros (TTC) entre le 1er mai et le 15 mai 2017. &nbsp;Les frais couvrent un buffet froid et les boissons sur place \u00e0 midi, les 1er et le 2 juin, ainsi qu&rsquo;un cocktail le soir du 1er juin et les pauses caf\u00e9 des deux jours [&hellip;]<\/p>\n","protected":false},"author":1,"featured_media":0,"parent":0,"menu_order":0,"comment_status":"closed","ping_status":"closed","template":"","meta":{"ngg_post_thumbnail":0,"footnotes":""},"class_list":["post-25","page","type-page","status-publish","hentry"],"_links":{"self":[{"href":"https:\/\/sites.univ-tln.fr\/metrad\/wp-json\/wp\/v2\/pages\/25","targetHints":{"allow":["GET"]}}],"collection":[{"href":"https:\/\/sites.univ-tln.fr\/metrad\/wp-json\/wp\/v2\/pages"}],"about":[{"href":"https:\/\/sites.univ-tln.fr\/metrad\/wp-json\/wp\/v2\/types\/page"}],"author":[{"embeddable":true,"href":"https:\/\/sites.univ-tln.fr\/metrad\/wp-json\/wp\/v2\/users\/1"}],"replies":[{"embeddable":true,"href":"https:\/\/sites.univ-tln.fr\/metrad\/wp-json\/wp\/v2\/comments?post=25"}],"version-history":[{"count":6,"href":"https:\/\/sites.univ-tln.fr\/metrad\/wp-json\/wp\/v2\/pages\/25\/revisions"}],"predecessor-version":[{"id":112,"href":"https:\/\/sites.univ-tln.fr\/metrad\/wp-json\/wp\/v2\/pages\/25\/revisions\/112"}],"wp:attachment":[{"href":"https:\/\/sites.univ-tln.fr\/metrad\/wp-json\/wp\/v2\/media?parent=25"}],"curies":[{"name":"wp","href":"https:\/\/api.w.org\/{rel}","templated":true}]}}