{"id":13,"date":"2016-09-27T15:00:35","date_gmt":"2016-09-27T14:00:35","guid":{"rendered":"http:\/\/sites.univ-tln.fr\/metrad\/?page_id=13"},"modified":"2016-10-11T13:35:29","modified_gmt":"2016-10-11T12:35:29","slug":"presentation-du-colloque","status":"publish","type":"page","link":"https:\/\/sites.univ-tln.fr\/metrad\/fr\/presentation-du-colloque\/","title":{"rendered":"Pr\u00e9sentation du colloque"},"content":{"rendered":"<p style=\"text-align: center;\"><strong>Colloque International<\/strong><\/p>\n<h2 style=\"text-align: center;\"><strong><em>La M\u00e9taphore et la Traduction<\/em><\/strong><\/h2>\n<p style=\"text-align: center;\"><strong>Universit\u00e9 de Toulon<br \/>\n1-2 juin 2017<br \/>\n<\/strong><\/p>\n<p style=\"text-align: center;\">Collaboration franco-canadienne<\/p>\n<p><strong>Conf\u00e9rences pl\u00e9ni\u00e8res<\/strong><\/p>\n<ul>\n<li>Isabelle Collombat, Universit\u00e9 de Paris 3 (ESIT), France<\/li>\n<li>Michele Prandi, Universit\u00e9 de G\u00eanes, Italie<\/li>\n<\/ul>\n<p><strong>Appel \u00e0 Communications<\/strong><\/p>\n<p>Le laboratoire de recherches Babel de l\u2019Universit\u00e9 de Toulon, France, a le plaisir d\u2019annoncer la tenue d&rsquo;un colloque international sur <em>La M\u00e9taphore et la Traduction <\/em>en collaboration avec l\u2019Universit\u00e9 de Montr\u00e9al, Canada, qui aura lieu \u00e0 Toulon les 1er et 2 juin 2017 (voir lien).<\/p>\n<p>Le colloque accueille des propositions de communications qui explorent la fa\u00e7on dont une m\u00e9taphore peut \u00eatre transpos\u00e9e d&rsquo;une langue \u00e0 une autre ou d&rsquo;un syst\u00e8me s\u00e9miotique \u00e0 un autre (par exemple, du litt\u00e9raire au cin\u00e9matographique). La m\u00e9taphore pourra \u00eatre envisag\u00e9e au niveau de la langue (m\u00e9taphore fig\u00e9e, phras\u00e9ologie), du style (m\u00e9taphore vive) ou des domaines conceptuels (m\u00e9taphore cognitive). Elle pourra \u00eatre \u00e9tudi\u00e9e \u00e0 l&rsquo;\u00e9chelle d&rsquo;un texte, d&rsquo;un auteur, d&rsquo;un domaine d&rsquo;activit\u00e9, voire d&rsquo;une culture. Les corpus pourront \u00eatre constitu\u00e9s de textes litt\u00e9raires, de discours politiques, de terminologie technique, d&rsquo;innovations r\u00e9centes dans les m\u00e9dias ou dans les r\u00e9seaux sociaux, ainsi que des discussions sur les th\u00e9ories de la diffusion des id\u00e9es d&rsquo;une langue \u00e0 l&rsquo;autre par le biais de la m\u00e9taphore.<\/p>\n<p>La m\u00e9taphore a \u00e9t\u00e9 \u00e9tudi\u00e9e sur les plans de la stylistique, de la rh\u00e9torique et de l&rsquo;analyse de discours, et du point de vue linguistique, en s\u00e9mantique, morphologie et syntaxe, ainsi qu&rsquo;en traductologie. L&rsquo;envisager sous l&rsquo;angle de la traduction permettra, nous l&rsquo;esp\u00e9rons, de renouveler les approches dans ces diff\u00e9rents domaines.<\/p>\n<p>Les deux langues de travail seront le fran\u00e7ais et l&rsquo;anglais et toute combinaison de traduction entre des langues europ\u00e9ennes est la bienvenue. Le Comit\u00e9 d&rsquo;Organisation a l&rsquo;intention de publier les communications.<\/p>\n<p>Les d\u00e9tails relatifs aux inscriptions et au programme seront publi\u00e9s sur le site du colloque \u00e0 une date ult\u00e9rieure.<\/p>\n<p>Votre proposition de communication de 300 mots maximum (sans bibliographie), ainsi que votre statut et votre affectation, sont \u00e0 envoyer avant le 31 d\u00e9cembre 2016 \u00e0 cette adresse :<\/p>\n<p style=\"text-align: center;\"><strong><a href=\"mailto:metrad@univ-tln.fr\"><span id=\"OBJ_PREFIX_DWT1705_ZmEmailObjectHandler\" class=\"Object\">metrad@univ-tln.fr<\/span><\/a><\/strong><\/p>\n","protected":false},"excerpt":{"rendered":"<p>Colloque International La M\u00e9taphore et la Traduction Universit\u00e9 de Toulon 1-2 juin 2017 Collaboration franco-canadienne Conf\u00e9rences pl\u00e9ni\u00e8res Isabelle Collombat, Universit\u00e9 de Paris 3 (ESIT), France Michele Prandi, Universit\u00e9 de G\u00eanes, Italie Appel \u00e0 Communications Le laboratoire de recherches Babel de l\u2019Universit\u00e9 de Toulon, France, a le plaisir d\u2019annoncer la tenue d&rsquo;un colloque international sur La [&hellip;]<\/p>\n","protected":false},"author":1,"featured_media":0,"parent":0,"menu_order":0,"comment_status":"closed","ping_status":"closed","template":"","meta":{"ngg_post_thumbnail":0,"footnotes":""},"class_list":["post-13","page","type-page","status-publish","hentry"],"_links":{"self":[{"href":"https:\/\/sites.univ-tln.fr\/metrad\/wp-json\/wp\/v2\/pages\/13","targetHints":{"allow":["GET"]}}],"collection":[{"href":"https:\/\/sites.univ-tln.fr\/metrad\/wp-json\/wp\/v2\/pages"}],"about":[{"href":"https:\/\/sites.univ-tln.fr\/metrad\/wp-json\/wp\/v2\/types\/page"}],"author":[{"embeddable":true,"href":"https:\/\/sites.univ-tln.fr\/metrad\/wp-json\/wp\/v2\/users\/1"}],"replies":[{"embeddable":true,"href":"https:\/\/sites.univ-tln.fr\/metrad\/wp-json\/wp\/v2\/comments?post=13"}],"version-history":[{"count":7,"href":"https:\/\/sites.univ-tln.fr\/metrad\/wp-json\/wp\/v2\/pages\/13\/revisions"}],"predecessor-version":[{"id":84,"href":"https:\/\/sites.univ-tln.fr\/metrad\/wp-json\/wp\/v2\/pages\/13\/revisions\/84"}],"wp:attachment":[{"href":"https:\/\/sites.univ-tln.fr\/metrad\/wp-json\/wp\/v2\/media?parent=13"}],"curies":[{"name":"wp","href":"https:\/\/api.w.org\/{rel}","templated":true}]}}