{"id":29,"date":"2019-04-04T22:18:11","date_gmt":"2019-04-04T20:18:11","guid":{"rendered":"http:\/\/sites.univ-tln.fr\/metasud\/?page_id=29"},"modified":"2019-04-09T13:55:11","modified_gmt":"2019-04-09T11:55:11","slug":"infos-pratiques","status":"publish","type":"page","link":"https:\/\/sites.univ-tln.fr\/metasud\/infos-pratiques\/","title":{"rendered":"Infos pratiques"},"content":{"rendered":"<p>Le colloque se tiendra sur le campus de La Garde (<a href=\"http:\/\/sites.univ-tln.fr\/metasud\/wp-content\/uploads\/sites\/34\/2019\/04\/plan-acces-campus-lagarde-utln.pdf\">Plan d&rsquo;acc\u00e8s &#8211; Campus La Garde<\/a>) de l&rsquo;Universit\u00e9 de Toulon au niveau du b\u00e2timent M (Amphith\u00e9\u00e2tre 001 et salle M001) (<a href=\"http:\/\/sites.univ-tln.fr\/metasud\/wp-content\/uploads\/sites\/34\/2019\/04\/plan-campus-lagarde-septembre-2018.pdf\">Plan Campus La Garde<\/a>).<\/p>\n<p>Le campus de La Garde se situe \u00e0 8 km \u00e0 l&rsquo;Est de Toulon et est accessible en voiture, en bus ainsi qu&rsquo;en train (via la gare SNCF de Toulon puis bus jusqu&rsquo;\u00e0 La Garde).<\/p>\n<p>Pour plus d&rsquo;infos, cliquer <a href=\"http:\/\/www.univ-tln.fr\/Campus-de-La-Garde.html\">ici<\/a>.<\/p>\n","protected":false},"excerpt":{"rendered":"<p>Le colloque se tiendra sur le campus de La Garde (Plan d&rsquo;acc\u00e8s &#8211; Campus La Garde) de l&rsquo;Universit\u00e9 de Toulon au niveau du b\u00e2timent M (Amphith\u00e9\u00e2tre 001 et salle M001) (Plan Campus La Garde). Le campus de La Garde se situe \u00e0 8 km \u00e0 l&rsquo;Est de Toulon et est accessible en voiture, en bus [&hellip;]<\/p>\n","protected":false},"author":1,"featured_media":0,"parent":0,"menu_order":0,"comment_status":"closed","ping_status":"closed","template":"","meta":{"ngg_post_thumbnail":0,"footnotes":""},"class_list":["post-29","page","type-page","status-publish","hentry"],"_links":{"self":[{"href":"https:\/\/sites.univ-tln.fr\/metasud\/wp-json\/wp\/v2\/pages\/29","targetHints":{"allow":["GET"]}}],"collection":[{"href":"https:\/\/sites.univ-tln.fr\/metasud\/wp-json\/wp\/v2\/pages"}],"about":[{"href":"https:\/\/sites.univ-tln.fr\/metasud\/wp-json\/wp\/v2\/types\/page"}],"author":[{"embeddable":true,"href":"https:\/\/sites.univ-tln.fr\/metasud\/wp-json\/wp\/v2\/users\/1"}],"replies":[{"embeddable":true,"href":"https:\/\/sites.univ-tln.fr\/metasud\/wp-json\/wp\/v2\/comments?post=29"}],"version-history":[{"count":9,"href":"https:\/\/sites.univ-tln.fr\/metasud\/wp-json\/wp\/v2\/pages\/29\/revisions"}],"predecessor-version":[{"id":164,"href":"https:\/\/sites.univ-tln.fr\/metasud\/wp-json\/wp\/v2\/pages\/29\/revisions\/164"}],"wp:attachment":[{"href":"https:\/\/sites.univ-tln.fr\/metasud\/wp-json\/wp\/v2\/media?parent=29"}],"curies":[{"name":"wp","href":"https:\/\/api.w.org\/{rel}","templated":true}]}}