{"id":27,"date":"2019-04-03T16:59:15","date_gmt":"2019-04-03T14:59:15","guid":{"rendered":"http:\/\/sites.univ-tln.fr\/metasud\/?page_id=27"},"modified":"2019-06-09T16:54:18","modified_gmt":"2019-06-09T14:54:18","slug":"sponsors-et-partenaires","status":"publish","type":"page","link":"https:\/\/sites.univ-tln.fr\/metasud\/sponsors-et-partenaires\/","title":{"rendered":"Sponsors &amp; Partenaires"},"content":{"rendered":"<h1><span style=\"color: #333333\">Sponsors GOLD<\/span><\/h1>\n<p><a href=\"http:\/\/www.waters.com\/waters\/home.htm?locale=fr_FR\"><img loading=\"lazy\" decoding=\"async\" class=\"alignnone size-medium wp-image-120\" src=\"http:\/\/sites.univ-tln.fr\/metasud\/wp-content\/uploads\/sites\/34\/2019\/04\/Waters-300x150.jpg\" alt=\"\" width=\"300\" height=\"150\"><\/a>&nbsp; &nbsp;&nbsp;&nbsp; <a href=\"http:\/\/www.institutcarnotstar.com\/\"><img loading=\"lazy\" decoding=\"async\" class=\"alignnone size-medium wp-image-124\" src=\"http:\/\/sites.univ-tln.fr\/metasud\/wp-content\/uploads\/sites\/34\/2019\/04\/Carnot-Star-300x105.jpg\" alt=\"\" width=\"300\" height=\"105\"><\/a><\/p>\n<p>&nbsp;<a href=\"https:\/\/sciex.com\/\"><img loading=\"lazy\" decoding=\"async\" class=\"alignnone size-medium wp-image-130\" src=\"http:\/\/sites.univ-tln.fr\/metasud\/wp-content\/uploads\/sites\/34\/2019\/04\/Sciex-300x100.jpg\" alt=\"\" width=\"300\" height=\"100\"><\/a>&nbsp;&nbsp;&nbsp;&nbsp; <a href=\"https:\/\/www.shimadzu.fr\/\"><img loading=\"lazy\" decoding=\"async\" class=\"alignnone size-medium wp-image-131\" src=\"http:\/\/sites.univ-tln.fr\/metasud\/wp-content\/uploads\/sites\/34\/2019\/04\/Shimadzu-300x92.jpg\" alt=\"\" width=\"300\" height=\"92\"><\/a><\/p>\n<p><a href=\"https:\/\/www.bruker.com\/fr.html\"><img loading=\"lazy\" decoding=\"async\" class=\"size-medium wp-image-123 aligncenter\" src=\"http:\/\/sites.univ-tln.fr\/metasud\/wp-content\/uploads\/sites\/34\/2019\/04\/Bruker-300x160.jpg\" alt=\"\" width=\"300\" height=\"160\"><\/a><\/p>\n<p>&nbsp;<\/p>\n<h1><span style=\"color: #333333\">Sponsors BRONZE<\/span><\/h1>\n<h1><a href=\"https:\/\/www.thermofisher.com\/fr\/fr\/home.html\"><img loading=\"lazy\" decoding=\"async\" class=\"alignnone size-medium wp-image-132\" src=\"http:\/\/sites.univ-tln.fr\/metasud\/wp-content\/uploads\/sites\/34\/2019\/04\/Thermo-300x76.jpg\" alt=\"\" width=\"300\" height=\"76\"> &nbsp;&nbsp; <\/a><a href=\"https:\/\/proteigene.com\/\"><img loading=\"lazy\" decoding=\"async\" class=\"alignnone size-medium wp-image-157\" src=\"http:\/\/sites.univ-tln.fr\/metasud\/wp-content\/uploads\/sites\/34\/2019\/04\/proteigene-300x118.jpg\" alt=\"\" width=\"300\" height=\"118\"><\/a><\/h1>\n<p>&nbsp;<\/p>\n<p>Pour toute information concernant le sponsoring, cliquer <a href=\"http:\/\/sites.univ-tln.fr\/metasud\/wp-content\/uploads\/sites\/34\/2019\/04\/Sponsoring-M\u00e9taSUD2019-29-03-2019.docx\"><strong>ici<\/strong><\/a>.<\/p>\n<p>&nbsp;<\/p>\n<h1><span style=\"color: #333333\">Subventions<\/span><\/h1>\n<p><a href=\"http:\/\/www.rfmf.fr\/\"><img loading=\"lazy\" decoding=\"async\" class=\"alignnone size-medium wp-image-129\" src=\"http:\/\/sites.univ-tln.fr\/metasud\/wp-content\/uploads\/sites\/34\/2019\/04\/RFMF-300x132.jpg\" alt=\"\" width=\"300\" height=\"132\"><\/a> &nbsp;&nbsp; &nbsp; <a href=\"http:\/\/www.societechimiquedefrance.fr\/provence-alpes-cote-d-azur-45.html\"><img loading=\"lazy\" decoding=\"async\" class=\"alignnone size-medium wp-image-153\" src=\"http:\/\/sites.univ-tln.fr\/metasud\/wp-content\/uploads\/sites\/34\/2019\/04\/SCF-300x134.jpg\" alt=\"\" width=\"300\" height=\"134\"><\/a><\/p>\n<h1><a href=\"http:\/\/www.univ-tln.fr\/\"><img loading=\"lazy\" decoding=\"async\" class=\"alignnone size-medium wp-image-152\" src=\"http:\/\/sites.univ-tln.fr\/metasud\/wp-content\/uploads\/sites\/34\/2019\/04\/UTLN-300x87.jpg\" alt=\"\" width=\"300\" height=\"87\"><\/a>&nbsp;&nbsp;&nbsp; <a href=\"http:\/\/mapiem.univ-tln.fr\/\"><img loading=\"lazy\" decoding=\"async\" class=\"alignnone size-medium wp-image-151\" src=\"http:\/\/sites.univ-tln.fr\/metasud\/wp-content\/uploads\/sites\/34\/2019\/04\/MAPIEM-300x94.jpg\" alt=\"\" width=\"300\" height=\"94\"><\/a><\/h1>\n<h1>&nbsp;<\/h1>\n<h1><span style=\"color: #333333\">Soutiens<\/span>&nbsp;&nbsp;<\/h1>\n<p><a href=\"https:\/\/www.polemermediterranee.com\/\"><img loading=\"lazy\" decoding=\"async\" class=\"size-medium wp-image-127 alignnone\" src=\"http:\/\/sites.univ-tln.fr\/metasud\/wp-content\/uploads\/sites\/34\/2019\/04\/P\u00f4le-Mer-M\u00e9diterran\u00e9e-300x214.jpg\" alt=\"\" width=\"300\" height=\"214\"><\/a> &nbsp; &nbsp;&nbsp; <a href=\"https:\/\/www.gdr-mediatec.cnrs.fr\/\"><img loading=\"lazy\" decoding=\"async\" class=\"alignnone size-medium wp-image-183\" src=\"http:\/\/sites.univ-tln.fr\/metasud\/wp-content\/uploads\/sites\/34\/2019\/05\/GDR-MediatEC-300x292.jpg\" alt=\"\" width=\"300\" height=\"292\"><\/a><\/p>\n<p><img loading=\"lazy\" decoding=\"async\" class=\"alignnone size-medium wp-image-125\" src=\"http:\/\/sites.univ-tln.fr\/metasud\/wp-content\/uploads\/sites\/34\/2019\/04\/Eurobiomed-300x93.jpg\" alt=\"\" width=\"300\" height=\"93\"> &nbsp; &nbsp; <a href=\"http:\/\/univ-cotedazur.fr\/labs\/icn\/fr\"><img loading=\"lazy\" decoding=\"async\" class=\"alignnone size-medium wp-image-148\" src=\"http:\/\/sites.univ-tln.fr\/metasud\/wp-content\/uploads\/sites\/34\/2019\/04\/ICN-300x107.jpg\" alt=\"\" width=\"300\" height=\"107\" srcset=\"https:\/\/sites.univ-tln.fr\/metasud\/wp-content\/uploads\/sites\/34\/2019\/04\/ICN-300x107.jpg 300w, https:\/\/sites.univ-tln.fr\/metasud\/wp-content\/uploads\/sites\/34\/2019\/04\/ICN.jpg 375w\" sizes=\"auto, (max-width: 300px) 100vw, 300px\" \/><\/a><\/p>\n<p>&nbsp;&nbsp;&nbsp;&nbsp;&nbsp;&nbsp;&nbsp;&nbsp;&nbsp;&nbsp;&nbsp;&nbsp;&nbsp;&nbsp;&nbsp;&nbsp;&nbsp;&nbsp;&nbsp;&nbsp;&nbsp;&nbsp;&nbsp;&nbsp;&nbsp;&nbsp;&nbsp;&nbsp;&nbsp;&nbsp;&nbsp;&nbsp;&nbsp;&nbsp;&nbsp;&nbsp;&nbsp;&nbsp;&nbsp;&nbsp;&nbsp;&nbsp;&nbsp;&nbsp;&nbsp;&nbsp;&nbsp;&nbsp;<\/p>\n<p>&nbsp;<\/p>\n","protected":false},"excerpt":{"rendered":"<p>Sponsors GOLD &nbsp; &nbsp;&nbsp;&nbsp; &nbsp;&nbsp;&nbsp;&nbsp;&nbsp; &nbsp; Sponsors BRONZE &nbsp;&nbsp; &nbsp; Pour toute information concernant le sponsoring, cliquer ici. &nbsp; Subventions &nbsp;&nbsp; &nbsp; &nbsp;&nbsp;&nbsp; &nbsp; Soutiens&nbsp;&nbsp; &nbsp; &nbsp;&nbsp; &nbsp; &nbsp; &nbsp;&nbsp;&nbsp;&nbsp;&nbsp;&nbsp;&nbsp;&nbsp;&nbsp;&nbsp;&nbsp;&nbsp;&nbsp;&nbsp;&nbsp;&nbsp;&nbsp;&nbsp;&nbsp;&nbsp;&nbsp;&nbsp;&nbsp;&nbsp;&nbsp;&nbsp;&nbsp;&nbsp;&nbsp;&nbsp;&nbsp;&nbsp;&nbsp;&nbsp;&nbsp;&nbsp;&nbsp;&nbsp;&nbsp;&nbsp;&nbsp;&nbsp;&nbsp;&nbsp;&nbsp;&nbsp;&nbsp;&nbsp; &nbsp;<\/p>\n","protected":false},"author":1,"featured_media":0,"parent":0,"menu_order":0,"comment_status":"closed","ping_status":"closed","template":"","meta":{"ngg_post_thumbnail":0,"footnotes":""},"class_list":["post-27","page","type-page","status-publish","hentry"],"_links":{"self":[{"href":"https:\/\/sites.univ-tln.fr\/metasud\/wp-json\/wp\/v2\/pages\/27","targetHints":{"allow":["GET"]}}],"collection":[{"href":"https:\/\/sites.univ-tln.fr\/metasud\/wp-json\/wp\/v2\/pages"}],"about":[{"href":"https:\/\/sites.univ-tln.fr\/metasud\/wp-json\/wp\/v2\/types\/page"}],"author":[{"embeddable":true,"href":"https:\/\/sites.univ-tln.fr\/metasud\/wp-json\/wp\/v2\/users\/1"}],"replies":[{"embeddable":true,"href":"https:\/\/sites.univ-tln.fr\/metasud\/wp-json\/wp\/v2\/comments?post=27"}],"version-history":[{"count":24,"href":"https:\/\/sites.univ-tln.fr\/metasud\/wp-json\/wp\/v2\/pages\/27\/revisions"}],"predecessor-version":[{"id":217,"href":"https:\/\/sites.univ-tln.fr\/metasud\/wp-json\/wp\/v2\/pages\/27\/revisions\/217"}],"wp:attachment":[{"href":"https:\/\/sites.univ-tln.fr\/metasud\/wp-json\/wp\/v2\/media?parent=27"}],"curies":[{"name":"wp","href":"https:\/\/api.w.org\/{rel}","templated":true}]}}