{"id":25,"date":"2019-04-03T16:58:58","date_gmt":"2019-04-03T14:58:58","guid":{"rendered":"http:\/\/sites.univ-tln.fr\/metasud\/?page_id=25"},"modified":"2019-05-03T14:48:16","modified_gmt":"2019-05-03T12:48:16","slug":"inscription","status":"publish","type":"page","link":"https:\/\/sites.univ-tln.fr\/metasud\/inscription\/","title":{"rendered":"Inscription"},"content":{"rendered":"<p>L\u2019inscription \u00e0 M\u00e9taSUD 2019 est possible \u00e0 deux titres (<strong>\u00e9tudiant<\/strong> ou <strong>participant standard<\/strong>).<\/p>\n<p>Le tarif est unique pour les deux journ\u00e9es. Pour des raisons d&rsquo;organisation, il vous sera demand\u00e9 de pr\u00e9ciser lors de l&rsquo;inscription si, le cas \u00e9ch\u00e9ant, vous ne participerez qu&rsquo;\u00e0 une des deux journ\u00e9es.<\/p>\n<p>L&rsquo;inscription est obligatoire pour avoir acc\u00e8s au colloque.<\/p>\n<p>Seules les communications (orales ou par affiche) pour lesquelles au moins un des auteurs est inscrit seront prises en compte.<\/p>\n<h1>Tarifs d&rsquo;inscription :<\/h1>\n<p><strong>Jusqu&rsquo;au 24 mai 2019 :<\/strong><\/p>\n<ul>\n<li style=\"list-style-type: none;\">\n<ul>\n<li style=\"list-style-type: none;\">\n<ul>\n<li>\u00c9tudiant :&nbsp;&nbsp;&nbsp;&nbsp;&nbsp;&nbsp;&nbsp;&nbsp;&nbsp;&nbsp;&nbsp;&nbsp;&nbsp;&nbsp;&nbsp;&nbsp;&nbsp;&nbsp;&nbsp;&nbsp;&nbsp;&nbsp;&nbsp;&nbsp;&nbsp;&nbsp;&nbsp;&nbsp;&nbsp;&nbsp;&nbsp;&nbsp;&nbsp;<span style=\"color: #ff0000;\"> <strong>50\u20ac HT<\/strong><\/span><\/li>\n<li>Participant standard : &nbsp; &nbsp; &nbsp; &nbsp; &nbsp;&nbsp;<span style=\"color: #ff0000;\"><strong> 70\u20ac HT<\/strong>&nbsp;&nbsp;<\/span><\/li>\n<\/ul>\n<\/li>\n<\/ul>\n<\/li>\n<\/ul>\n<p><strong>Apr\u00e8s le 24 mai 2019 :<\/strong><\/p>\n<ul>\n<li style=\"list-style-type: none;\">\n<ul>\n<li style=\"list-style-type: none;\">\n<ul>\n<li>Tarif unique : &nbsp; &nbsp; &nbsp; &nbsp; &nbsp; &nbsp; &nbsp; &nbsp; &nbsp; &nbsp; &nbsp; &nbsp; <span style=\"color: #ff0000;\"><strong>100\u20ac HT<\/strong><\/span><\/li>\n<\/ul>\n<\/li>\n<\/ul>\n<\/li>\n<\/ul>\n<h2 style=\"text-align: center;\"><strong><span style=\"color: #ff0000;\"><a href=\"http:\/\/colloques.univ-tln.fr\/Colloques\/RegistrationMETASUD19.jsp\">S&rsquo;INSCRIRE AUX JOURNEES METASUD : Remplir le formulaire d&rsquo;inscription<\/a><br \/>\n<\/span><\/strong><\/h2>\n<p>&nbsp;<\/p>\n<p>&nbsp;<\/p>\n","protected":false},"excerpt":{"rendered":"<p>L\u2019inscription \u00e0 M\u00e9taSUD 2019 est possible \u00e0 deux titres (\u00e9tudiant ou participant standard). Le tarif est unique pour les deux journ\u00e9es. Pour des raisons d&rsquo;organisation, il vous sera demand\u00e9 de pr\u00e9ciser lors de l&rsquo;inscription si, le cas \u00e9ch\u00e9ant, vous ne participerez qu&rsquo;\u00e0 une des deux journ\u00e9es. L&rsquo;inscription est obligatoire pour avoir acc\u00e8s au colloque. Seules [&hellip;]<\/p>\n","protected":false},"author":1,"featured_media":0,"parent":0,"menu_order":0,"comment_status":"closed","ping_status":"closed","template":"","meta":{"ngg_post_thumbnail":0,"footnotes":""},"class_list":["post-25","page","type-page","status-publish","hentry"],"_links":{"self":[{"href":"https:\/\/sites.univ-tln.fr\/metasud\/wp-json\/wp\/v2\/pages\/25","targetHints":{"allow":["GET"]}}],"collection":[{"href":"https:\/\/sites.univ-tln.fr\/metasud\/wp-json\/wp\/v2\/pages"}],"about":[{"href":"https:\/\/sites.univ-tln.fr\/metasud\/wp-json\/wp\/v2\/types\/page"}],"author":[{"embeddable":true,"href":"https:\/\/sites.univ-tln.fr\/metasud\/wp-json\/wp\/v2\/users\/1"}],"replies":[{"embeddable":true,"href":"https:\/\/sites.univ-tln.fr\/metasud\/wp-json\/wp\/v2\/comments?post=25"}],"version-history":[{"count":9,"href":"https:\/\/sites.univ-tln.fr\/metasud\/wp-json\/wp\/v2\/pages\/25\/revisions"}],"predecessor-version":[{"id":180,"href":"https:\/\/sites.univ-tln.fr\/metasud\/wp-json\/wp\/v2\/pages\/25\/revisions\/180"}],"wp:attachment":[{"href":"https:\/\/sites.univ-tln.fr\/metasud\/wp-json\/wp\/v2\/media?parent=25"}],"curies":[{"name":"wp","href":"https:\/\/api.w.org\/{rel}","templated":true}]}}