{"id":23,"date":"2019-04-03T16:58:39","date_gmt":"2019-04-03T14:58:39","guid":{"rendered":"http:\/\/sites.univ-tln.fr\/metasud\/?page_id=23"},"modified":"2019-04-10T16:34:42","modified_gmt":"2019-04-10T14:34:42","slug":"soumission","status":"publish","type":"page","link":"https:\/\/sites.univ-tln.fr\/metasud\/soumission\/","title":{"rendered":"Soumission"},"content":{"rendered":"<p><strong>Informations pratiques concernant la soumission d&rsquo;un r\u00e9sum\u00e9<\/strong><\/p>\n<p>Que ce soit pour une communication orale ou un poster, le format du r\u00e9sum\u00e9 est le m\u00eame et doit respecter le mod\u00e8le disponible au niveau du lien suivant: <a href=\"http:\/\/sites.univ-tln.fr\/metasud\/wp-content\/uploads\/sites\/34\/2019\/04\/Template_M\u00e9taSUD2019.docx\">Template_M\u00e9taSUD2019<\/a><\/p>\n<p>*Posters :<\/p>\n<ul>\n<li>La taille maximale&nbsp; autoris\u00e9e est le format A0 (119 x 84 cm) avec une orientation portrait<\/li>\n<li>Les s\u00e9ances de posters seront programm\u00e9es lors des pauses-caf\u00e9 et des pauses-d\u00e9jeuner<\/li>\n<\/ul>\n<p>*Dur\u00e9e des communications orales :<\/p>\n<ul>\n<li>Communication orale :&nbsp;&nbsp;&nbsp;&nbsp;&nbsp;&nbsp;&nbsp;&nbsp;&nbsp;&nbsp;&nbsp;&nbsp;&nbsp;&nbsp;&nbsp;&nbsp;&nbsp;&nbsp;&nbsp;&nbsp;&nbsp;&nbsp;&nbsp;&nbsp;&nbsp; &nbsp; &nbsp; &nbsp; &nbsp; &nbsp; &nbsp; &nbsp; &nbsp; &nbsp; &nbsp; &nbsp; &nbsp; &nbsp; &nbsp; &nbsp;&nbsp;&nbsp;&nbsp;&nbsp; 15 min. + 5 min. de questions <strong><br \/>\n<\/strong><\/li>\n<li>Communication orale \u00ab\u00a0Junior\u00a0\u00bb :&nbsp;&nbsp;&nbsp;&nbsp;&nbsp;&nbsp;&nbsp;&nbsp;&nbsp;&nbsp; &nbsp; &nbsp; &nbsp; &nbsp; &nbsp; &nbsp; &nbsp; &nbsp; &nbsp; &nbsp; &nbsp; &nbsp; &nbsp; &nbsp; &nbsp;&nbsp;&nbsp; 10 min. + 5 min. de questions<\/li>\n<li>Communication <em>flash<\/em> \u00ab\u00a0industriel\u00a0\u00bb :&nbsp;&nbsp;&nbsp;&nbsp;&nbsp;&nbsp;&nbsp;&nbsp;&nbsp;&nbsp;&nbsp;&nbsp;&nbsp;&nbsp;&nbsp;&nbsp;&nbsp;&nbsp;&nbsp;&nbsp;&nbsp;&nbsp;&nbsp;&nbsp;&nbsp;&nbsp;&nbsp;&nbsp;&nbsp;&nbsp;&nbsp;&nbsp;&nbsp;&nbsp;&nbsp;&nbsp; &nbsp;&nbsp; 3 min.<\/li>\n<li>Communication \u00ab\u00a0industriel\u00a0\u00bb (Uniquement le 13 juin) :&nbsp;&nbsp;&nbsp; 10 min.<\/li>\n<\/ul>\n<p>*La langue du colloque est le fran\u00e7ais mais les supports (diapositives et posters) peuvent \u00eatre r\u00e9dig\u00e9s en anglais.<\/p>\n<p><strong>Soumission d\u2019un r\u00e9sum\u00e9<\/strong><\/p>\n\n<div class=\"wpcf7 no-js\" id=\"wpcf7-f58-o1\" lang=\"fr-FR\" dir=\"ltr\" data-wpcf7-id=\"58\">\n<div class=\"screen-reader-response\"><p role=\"status\" aria-live=\"polite\" aria-atomic=\"true\"><\/p> <ul><\/ul><\/div>\n<form action=\"\/metasud\/wp-json\/wp\/v2\/pages\/23#wpcf7-f58-o1\" method=\"post\" class=\"wpcf7-form init\" aria-label=\"Formulaire de contact\" enctype=\"multipart\/form-data\" novalidate=\"novalidate\" data-status=\"init\">\n<fieldset class=\"hidden-fields-container\"><input type=\"hidden\" name=\"_wpcf7\" value=\"58\" \/><input type=\"hidden\" name=\"_wpcf7_version\" value=\"6.1.5\" \/><input type=\"hidden\" name=\"_wpcf7_locale\" value=\"fr_FR\" \/><input type=\"hidden\" name=\"_wpcf7_unit_tag\" value=\"wpcf7-f58-o1\" \/><input type=\"hidden\" name=\"_wpcf7_container_post\" value=\"0\" \/><input type=\"hidden\" name=\"_wpcf7_posted_data_hash\" value=\"\" \/><input type=\"hidden\" name=\"_wpcf7_recaptcha_response\" value=\"\" \/>\n<\/fieldset>\n<p>* : Champs obligatoires\n<\/p>\n<p>Nom * : <span class=\"wpcf7-form-control-wrap\" data-name=\"firstname\"><input size=\"40\" maxlength=\"400\" class=\"wpcf7-form-control wpcf7-text wpcf7-validates-as-required\" aria-required=\"true\" aria-invalid=\"false\" value=\"\" type=\"text\" name=\"firstname\" \/><\/span>\n<\/p>\n<p>Pr\u00e9nom *: <span class=\"wpcf7-form-control-wrap\" data-name=\"lastname\"><input size=\"40\" maxlength=\"400\" class=\"wpcf7-form-control wpcf7-text wpcf7-validates-as-required\" aria-required=\"true\" aria-invalid=\"false\" value=\"\" type=\"text\" name=\"lastname\" \/><\/span>\n<\/p>\n<p>Email* : <span class=\"wpcf7-form-control-wrap\" data-name=\"your-email\"><input size=\"40\" maxlength=\"400\" class=\"wpcf7-form-control wpcf7-email wpcf7-validates-as-required wpcf7-text wpcf7-validates-as-email\" aria-required=\"true\" aria-invalid=\"false\" value=\"\" type=\"email\" name=\"your-email\" \/><\/span>\n<\/p>\n<p>Statut* : <span class=\"wpcf7-form-control-wrap\" data-name=\"position\"><input size=\"40\" maxlength=\"400\" class=\"wpcf7-form-control wpcf7-text wpcf7-validates-as-required\" aria-required=\"true\" aria-invalid=\"false\" value=\"\" type=\"text\" name=\"position\" \/><\/span>\n<\/p>\n<p>Institution* (Universit\u00e9, ....) : <span class=\"wpcf7-form-control-wrap\" data-name=\"affiliation\"><input size=\"40\" maxlength=\"400\" class=\"wpcf7-form-control wpcf7-text wpcf7-validates-as-required\" aria-required=\"true\" aria-invalid=\"false\" value=\"\" type=\"text\" name=\"affiliation\" \/><\/span>\n<\/p>\n<p>Type de soumission :<br \/>\n<span class=\"wpcf7-form-control-wrap\" data-name=\"submission\"><span class=\"wpcf7-form-control wpcf7-radio\"><span class=\"wpcf7-list-item first\"><input type=\"radio\" name=\"submission\" value=\"Poster\" \/><span class=\"wpcf7-list-item-label\">Poster<\/span><\/span><span class=\"wpcf7-list-item last\"><input type=\"radio\" name=\"submission\" value=\"Communication orale\" \/><span class=\"wpcf7-list-item-label\">Communication orale<\/span><\/span><\/span><\/span>\n<\/p>\n<p>uploader votre soumission en PDF uniquement (max size files : 15Mb) : <span class=\"wpcf7-form-control-wrap\" data-name=\"upload\"><input size=\"40\" class=\"wpcf7-form-control wpcf7-file\" accept=\".pdf\" aria-invalid=\"false\" type=\"file\" name=\"upload\" \/><\/span>\n<\/p>\n<p><input class=\"wpcf7-form-control wpcf7-submit has-spinner\" type=\"submit\" value=\"Soumettre\" \/>\n<\/p><div class=\"wpcf7-response-output\" aria-hidden=\"true\"><\/div>\n<\/form>\n<\/div>\n\n","protected":false},"excerpt":{"rendered":"<p>Informations pratiques concernant la soumission d&rsquo;un r\u00e9sum\u00e9 Que ce soit pour une communication orale ou un poster, le format du r\u00e9sum\u00e9 est le m\u00eame et doit respecter le mod\u00e8le disponible au niveau du lien suivant: Template_M\u00e9taSUD2019 *Posters : La taille maximale&nbsp; autoris\u00e9e est le format A0 (119 x 84 cm) avec une orientation portrait Les [&hellip;]<\/p>\n","protected":false},"author":1,"featured_media":0,"parent":0,"menu_order":0,"comment_status":"closed","ping_status":"closed","template":"","meta":{"ngg_post_thumbnail":0,"footnotes":""},"class_list":["post-23","page","type-page","status-publish","hentry"],"_links":{"self":[{"href":"https:\/\/sites.univ-tln.fr\/metasud\/wp-json\/wp\/v2\/pages\/23","targetHints":{"allow":["GET"]}}],"collection":[{"href":"https:\/\/sites.univ-tln.fr\/metasud\/wp-json\/wp\/v2\/pages"}],"about":[{"href":"https:\/\/sites.univ-tln.fr\/metasud\/wp-json\/wp\/v2\/types\/page"}],"author":[{"embeddable":true,"href":"https:\/\/sites.univ-tln.fr\/metasud\/wp-json\/wp\/v2\/users\/1"}],"replies":[{"embeddable":true,"href":"https:\/\/sites.univ-tln.fr\/metasud\/wp-json\/wp\/v2\/comments?post=23"}],"version-history":[{"count":11,"href":"https:\/\/sites.univ-tln.fr\/metasud\/wp-json\/wp\/v2\/pages\/23\/revisions"}],"predecessor-version":[{"id":169,"href":"https:\/\/sites.univ-tln.fr\/metasud\/wp-json\/wp\/v2\/pages\/23\/revisions\/169"}],"wp:attachment":[{"href":"https:\/\/sites.univ-tln.fr\/metasud\/wp-json\/wp\/v2\/media?parent=23"}],"curies":[{"name":"wp","href":"https:\/\/api.w.org\/{rel}","templated":true}]}}