{"id":21,"date":"2019-04-03T16:58:24","date_gmt":"2019-04-03T14:58:24","guid":{"rendered":"http:\/\/sites.univ-tln.fr\/metasud\/?page_id=21"},"modified":"2019-06-07T17:10:38","modified_gmt":"2019-06-07T15:10:38","slug":"programme-previsionnel","status":"publish","type":"page","link":"https:\/\/sites.univ-tln.fr\/metasud\/programme-previsionnel\/","title":{"rendered":"Programme de M\u00e9taSUD"},"content":{"rendered":"<h2>Le livret des r\u00e9sum\u00e9s est disponible <a href=\"http:\/\/sites.univ-tln.fr\/metasud\/wp-content\/uploads\/sites\/34\/2019\/06\/Livret-des-r\u00e9sum\u00e9s-M\u00e9taSUD2019.pdf\">ici<\/a>!<\/h2>\n<h2><span style=\"color: #993300\"><strong><em>Journ\u00e9e du 12 juin 2019<br \/>\n<\/em><\/strong><\/span><\/h2>\n<p><strong>8h30-9h&nbsp;:&nbsp;&nbsp;&nbsp;&nbsp;&nbsp;&nbsp;&nbsp;&nbsp; <\/strong>Accueil des participants<\/p>\n<p><strong>9h-9h30&nbsp;:&nbsp;&nbsp;&nbsp;&nbsp;&nbsp;&nbsp;&nbsp; <\/strong>Ouverture du colloque &amp; Etat des lieux de la m\u00e9tabolomique en R\u00e9gion Sud-PACA<\/p>\n<p><strong>9h30-10h15&nbsp;:<\/strong>&nbsp; Conf\u00e9rence pl\u00e9ni\u00e8re<\/p>\n<p><span style=\"color: #000080\">Pr Alain BOUCHEREAU (Universit\u00e9 de Rennes 1, Responsable de la plateforme Corsaire)<\/span><\/p>\n<p><em>M\u00e9tabolomique fonctionnelle de la s\u00e9nescence et de la r\u00e9ponse aux stress chez le colza<\/em><\/p>\n<p><strong>10h15-10h45&nbsp;:<\/strong>&nbsp; Pause-caf\u00e9 (Session posters \/ Stands industriels)<\/p>\n<p><strong>Session 1&nbsp;:&nbsp;&nbsp;&nbsp;&nbsp;&nbsp;&nbsp;&nbsp;&nbsp;&nbsp; <span style=\"color: #008000\">Mod\u00e9rateurs&nbsp;: <\/span><\/strong><span style=\"color: #008000\">G\u00e9rald Culioli &amp; Jean-Charles Martin<\/span><\/p>\n<p><strong>10h45-11h05&nbsp;:<\/strong>&nbsp;&nbsp;&nbsp; <span style=\"color: #000080\">Rapha\u00ebl Lugan (Qualisud, Avignon)<\/span> <em>\u00ab Diff\u00e9rentes approches m\u00e9tabolomiques appliqu\u00e9es \u00e0 la g\u00e9nomique fonctionnelle chez les v\u00e9g\u00e9taux \u00bb<\/em><\/p>\n<p><strong>11h05-11h25&nbsp;:&nbsp;&nbsp;&nbsp; <\/strong><span style=\"color: #000080\">B\u00e9n\u00e9dicte Heral (ICN, Nice)<\/span> <em>\u00ab Etude m\u00e9tabolomique des interactions chimiques dans le d\u00e9p\u00e9rissement de la lavande \u00bb<\/em><\/p>\n<p><strong>11h25-11h45&nbsp;:<\/strong>&nbsp;&nbsp;&nbsp; <span style=\"color: #000080\">St\u00e9phane Greff (IMBE, Marseille) <\/span><em>\u00ab&nbsp;Leaf specialized metabolome of <\/em>Quercus pubescens<em> exposed to amplified drought&nbsp;\u00bb<\/em><\/p>\n<p><strong>11h45-12h05&nbsp;:&nbsp;&nbsp;&nbsp; <\/strong><span style=\"color: #000080\">La\u00ebtitia Fougere (ICOA, Orl\u00e9ans)<\/span> <em>\u00ab&nbsp;Analyse cibl\u00e9e et non-cibl\u00e9e de vari\u00e9t\u00e9s de soie de ma\u00efs&nbsp;\u00bb<\/em><\/p>\n<p><strong>12h05-12h15 :<\/strong>&nbsp;&nbsp;&nbsp; <span style=\"color: #000080\">Christophe Siroit (Waters)<\/span> <em>\u00ab&nbsp;B\u00e9n\u00e9fices des solutions en chromatographie et spectrom\u00e9trie de masse Waters dans les approches de m\u00e9tabolomique cibl\u00e9es et non cibl\u00e9es&nbsp;\u00bb<\/em><\/p>\n<p><strong>12h15-12h25 :<\/strong>&nbsp;&nbsp; <span style=\"color: #000080\">Thierry Legoupil (Shimadzu)<\/span> \u00ab&nbsp;<em>Innovations &amp; nouveaut\u00e9s introduites par Shimadzu<\/em>&nbsp;\u00bb<\/p>\n<p><strong>12h25-13h45 :<\/strong>&nbsp; Pause d\u00e9jeuner (Session posters \/ Stands industriels)<\/p>\n<p><strong>Session 2&nbsp;:&nbsp;&nbsp;&nbsp;&nbsp;&nbsp;&nbsp;&nbsp;&nbsp;&nbsp; <span style=\"color: #008000\">Mod\u00e9rateurs&nbsp;:<\/span><\/strong><span style=\"color: #008000\"> St\u00e9phane Greff &amp; Thierry Pourcher<\/span><\/p>\n<p><strong>13h45-14h05&nbsp;:&nbsp;&nbsp;&nbsp; <\/strong><span style=\"color: #000080\">Charlotte Simmler (CENAPT, Chicago, USA)<\/span><em> \u00ab&nbsp;Apport des analyses m\u00e9tabolomiques par RMN pour d\u00e9terminer l\u2019authenticit\u00e9 des plantes m\u00e9dicinales&nbsp;\u00bb<\/em><\/p>\n<p><strong>14h05-14h25&nbsp;:&nbsp;&nbsp;&nbsp; <\/strong><span style=\"color: #000080\">Doriane Dumont-Bancel (INRA, Avignon)<\/span> <em>\u00ab&nbsp;Caract\u00e9risation de la variabilit\u00e9 g\u00e9n\u00e9tique de la qualit\u00e9 des baies de goji par profilages m\u00e9taboliques multi-cibl\u00e9s&nbsp;\u00bb<\/em><\/p>\n<p><strong>14h25-14h45 :<\/strong>&nbsp;&nbsp;&nbsp; <span style=\"color: #000080\">Jocelyn Gal (Centre Antoine Lacassagne, Nice)<\/span> <em>\u00ab&nbsp;Comparaison de 5 m\u00e9thodes d\u2019apprentissage non supervis\u00e9es dans le cas de donn\u00e9es de grandes dimensions : Application dans le cancer du sein&nbsp;\u00bb<\/em><\/p>\n<p><strong>14h45-15h05 :&nbsp;&nbsp;&nbsp;<\/strong><span style=\"color: #000080\"> Jean-Charles Martin (C2VN, Marseille) <\/span><em>\u00ab&nbsp;Une approche combin\u00e9e de lipidomique, d\u2019imagerie MS et d\u2019imagerie TEP-Scan r\u00e9v\u00e8le des diff\u00e9rences de fonctionnement c\u00e9r\u00e9bral chez le raton selon le contenu lipidique de formules infantiles&nbsp;\u00bb<\/em><\/p>\n<p><strong>15h05-15h20 : &nbsp;<\/strong> <span style=\"color: #000080\">David Chardin (Centre Antoine Lacassagne, TIRO, CEA, Nice)<\/span> <em>\u00ab&nbsp;<\/em><em>M\u00e9tabolomique et Imagerie TEP-FDG des cancers du sein&nbsp;\u00bb<\/em><\/p>\n<p><strong>15h20-15h25 :<\/strong> &nbsp;<span style=\"color: #000080\">Beno\u00eet Sarazin (Proteomic Solutions)<\/span> <em>\u00ab&nbsp;Technologie BIOCRATES en m\u00e9tabolomique cibl\u00e9e&nbsp;\u00bb<\/em><\/p>\n<p><strong>15h25-15h30 :<\/strong> &nbsp;&nbsp; <span style=\"color: #000080\">Pascal Tartarin (Thermo Fisher)<\/span> <em>\u00ab&nbsp;L\u2019apport de la GCMS haute r\u00e9solution Orbitrap \u00e0 la m\u00e9tabolomique&nbsp;\u00bb<\/em><\/p>\n<p><strong>15h30-15h55 :&nbsp;<\/strong> Pause-caf\u00e9 (Session posters \/ Stands industriels)<\/p>\n<p><strong>Session 3&nbsp;:&nbsp;&nbsp;&nbsp;&nbsp;&nbsp;&nbsp;&nbsp;&nbsp;&nbsp; <span style=\"color: #008000\">Mod\u00e9rateurs&nbsp;: <\/span><\/strong><span style=\"color: #008000\">Rapha\u00ebl Lugan &amp; Thomas Michel<\/span><\/p>\n<p><strong>15h55-16h10&nbsp;:<\/strong>&nbsp;&nbsp;&nbsp;<span style=\"color: #000080\"> Imene Bousahba (C2VN, Marseille) <\/span><em>\u00ab&nbsp;Impact de la mati\u00e8re grasse laiti\u00e8re sur le m\u00e9tabolome de l\u2019Homme et du porc et identification de biomarqueurs de l\u2019ath\u00e9roscl\u00e9rose&nbsp;\u00bb<\/em><\/p>\n<p><strong>16h10-16h30&nbsp;:&nbsp;&nbsp;&nbsp; <\/strong><span style=\"color: #000080\">Aur\u00e9lie Seassau (INRA, Sophia-Antipolis)<\/span> <em>\u00ab&nbsp;LC\u2010MS\/MS identification and quantification of phytohormones involved in plant defense mechanisms&nbsp;\u00bb<\/em><\/p>\n<p><strong>16h30-16h50&nbsp;:&nbsp;&nbsp;&nbsp;<\/strong> <span style=\"color: #000080\">Caroline Lecareux (IMBE, Marseille)<\/span> <em>\u00ab Le contenu en compos\u00e9s organiques volatiles varie-\u00adt-il en r\u00e9ponse \u00e0 l\u2019adaptation des esp\u00e8ces au changement de r\u00e9gime de feu ? \u00bb<\/em><\/p>\n<p><strong>16h50-17h10&nbsp;:&nbsp;&nbsp;&nbsp; <\/strong><span style=\"color: #000080\">Slimane Cha\u00efb (CRIOBE, Perpignan) <\/span><em>\u00ab&nbsp;Processus all\u00e9lopathique et bio-herbicide&nbsp;: \u00e9tude m\u00e9tabolomique de la diversit\u00e9 micro-algale et caract\u00e9risation de substances all\u00e9lochimiques assist\u00e9e par les r\u00e9seaux de similarit\u00e9s&nbsp;\u00bb<\/em><\/p>\n<p><strong>17h10-17h30<\/strong><strong> :&nbsp;&nbsp;&nbsp; <\/strong><span style=\"color: #000080\">Beno\u00eet Paix &amp; Nathan Carriot (MAPIEM, Toulon)<\/span> <em>\u00ab&nbsp;Couplage de l\u2019analyse du m\u00e9tabolome et du microbiome associ\u00e9s \u00e0 la surface de l\u2019algue brune Taonia atomaria&nbsp;\u00bb<br \/>\n<\/em><\/p>\n<p><strong>17h30-18h&nbsp;:&nbsp;&nbsp;<\/strong>&nbsp;&nbsp;&nbsp;&nbsp; Bilan de la journ\u00e9e<\/p>\n<p><strong>18h-20h :<\/strong> &nbsp;&nbsp;&nbsp;&nbsp;&nbsp;&nbsp;&nbsp;&nbsp;&nbsp; Cocktail dinatoire &amp; D\u00e9gustation de vins ros\u00e9s (par le <a class=\"\" title=\"Centre de recherche et d\u2019exp\u00e9rimentation sur le vin ros\u00e9\" href=\"https:\/\/centredurose.fr\/?page_id=128\">Centre de recherche et d\u2019exp\u00e9rimentation sur le vin ros\u00e9<\/a> de Vidauban, Var)<\/p>\n<p>&nbsp;<\/p>\n<h2><span style=\"color: #993300\"><strong><em>Journ\u00e9e du 13 juin 2019<br \/>\n<\/em><\/strong><\/span><\/h2>\n<p><strong>8h30-9h&nbsp;:&nbsp;<\/strong>&nbsp;&nbsp;&nbsp;&nbsp;&nbsp;&nbsp;&nbsp;&nbsp;&nbsp; Accueil des participants<\/p>\n<p><strong>9h-10h30&nbsp;:<\/strong>&nbsp;&nbsp;&nbsp;&nbsp;&nbsp;&nbsp;&nbsp;&nbsp;&nbsp; <strong>Session 1<\/strong><\/p>\n<ul>\n<li><span style=\"color: #000080\">Emilie Stierlin &amp; Thomas Michel (ICN, Nice)<\/span> <em>\u00ab&nbsp;<\/em><em>M\u00e9tabolomique &amp; M\u00e9thodes d\u2019extraction en \u00e9cologie chimique&nbsp;\u00bb<\/em> (45&nbsp;min)<\/li>\n<li><span style=\"color: #000080\">Jean-Marie Guigonis (Plateforme Rossi, Nice)<\/span><em> \u00ab&nbsp;Le couplage LC\/MS\/MS en m\u00e9tabolomique clinique&nbsp;\u00bb <\/em>(15&nbsp;min)<\/li>\n<li><span style=\"color: #000080\">Thierry Legoupil (Shimadzu)<\/span><em> \u00ab<\/em><em>Am\u00e9liorer la d\u00e9tection et la qualit\u00e9 de vos donn\u00e9es avec l\u2019Ultra-Fast QTOF LCMS-9030&nbsp;\u00bb<\/em> (10&nbsp;min)<\/li>\n<li><span style=\"color: #000080\">Olivier Hutinel (Sciex)<\/span><em> \u00abThe power of SWATH applied to metabolomic<\/em><em>\u00bb<\/em> (10&nbsp;min)<\/li>\n<\/ul>\n<p><strong>10h30-11h&nbsp;:&nbsp;<\/strong> &nbsp;&nbsp;&nbsp;&nbsp; Pause-caf\u00e9 (Session posters \/ Stands industriels)<\/p>\n<p><strong>11h-12h30<\/strong>&nbsp;<strong>:<\/strong><strong>&nbsp;&nbsp;&nbsp;&nbsp;&nbsp;&nbsp;&nbsp; Session 2<\/strong><\/p>\n<ul>\n<li><span style=\"color: #000080\">Thierry Berton (C2VN, Marseille)<\/span> \u00ab&nbsp;<em>Pr\u00e9sentation du workflow de retraitement des donn\u00e9es pour une \u00e9tude m\u00e9tabolomique par LC-HRMS&nbsp;\u00bb<\/em> (30&nbsp;min)<\/li>\n<li><span style=\"color: #000080\">Christophe Siroit (Waters)<\/span> \u00ab&nbsp;<em>MetaboQuan et LipidQuan &#8211; M\u00e9thodes cl\u00e9s en main pour l&rsquo;analyse cibl\u00e9e des lipides et des m\u00e9tabolites&nbsp;\u00bb<\/em> (10&nbsp;min)<\/li>\n<li><span style=\"color: #000080\">St\u00e9phane Greff (IMBE, Marseille<\/span><span style=\"color: #000080\">) <\/span><em>\u00ab&nbsp;Traitement m\u00e9tabolomique de donn\u00e9es GC-MS avec le script Erah&nbsp;\u00bb <\/em>(30&nbsp;min)<\/li>\n<li><span style=\"color: #000080\">S\u00e9bastien Folz (Thermo Fisher)<\/span><em> \u00ab&nbsp;La nouvelle g\u00e9n\u00e9ration de LCMS haute r\u00e9solution Orbitrap&nbsp;: l\u2019Exploris 480&nbsp;\u00bb (10&nbsp;min)<\/em><\/li>\n<\/ul>\n<p><strong>12h30-13h45&nbsp;:&nbsp;<\/strong> Pause d\u00e9jeuner (Session posters \/ Stands industriels)<\/p>\n<p><strong>13h45-15h15<\/strong>&nbsp;:&nbsp;&nbsp; <strong>Session 3<\/strong><\/p>\n<ul>\n<li><span style=\"color: #000080\">Catherine Tardivel (C2VN, Marseille) <\/span><em>\u00ab&nbsp;A<\/em><em>nnotations sous Galaxy (W4M)&nbsp;\u00bb<\/em> (30&nbsp;min)<\/li>\n<li><span style=\"color: #000080\">Nathan Carriot (MAPIEM, Toulon) <\/span><em>\u00ab&nbsp;Initiation \u00e0 l\u2019annotation via l\u2019approche par r\u00e9seaux mol\u00e9culaires (GNPS)&nbsp;\u00bb<\/em> (30&nbsp;min)<\/li>\n<li><span style=\"color: #000080\">Beno\u00eet Sarazin (Proteomic Solutions) <\/span><em>\u00ab&nbsp;Analyse de la relation h\u00f4te-microbiote intestinal par m\u00e9tabolomique&nbsp;: D\u00e9veloppement d\u2019un dosage cibl\u00e9 normalis\u00e9 et quantitatif&nbsp;\u00bb<\/em> (10&nbsp;min)<\/li>\n<\/ul>\n<p><strong>15h30-17h :&nbsp;&nbsp; Session 4<\/strong><\/p>\n<ul>\n<li><span style=\"color: #000080\">Beno\u00eet Paix (MAPIEM, Toulon)<\/span> <em>\u00ab&nbsp;Traitement statistique de jeux de donn\u00e9es multi-omiques (Mixomics)&nbsp;\u00bb<\/em> (30&nbsp;min)<\/li>\n<li><span style=\"color: #000080\">Jean-Charles Martin&nbsp; (C2VN, Marseille) <\/span><em>\u00ab&nbsp;Fabrication et validation de biomarqueurs multiplexes&nbsp;\u00bb<\/em> (30&nbsp;min)<\/li>\n<li><span style=\"color: #000080\">Baninia Habchi (C2VN, Marseille)<\/span> <em>\u00ab PREDRET, un outil en ligne de pr\u00e9diction des temps de r\u00e9tention entre diff\u00e9rents syst\u00e8mes chromatographiques \u00bb<\/em> (30&nbsp;min)<\/li>\n<\/ul>\n<p><strong>17h :&nbsp;&nbsp;&nbsp;&nbsp; <\/strong>&nbsp;&nbsp;&nbsp;&nbsp;&nbsp;&nbsp;&nbsp;&nbsp;&nbsp; Bilan de la journ\u00e9e &amp; Prospectives<\/p>\n","protected":false},"excerpt":{"rendered":"<p>Le livret des r\u00e9sum\u00e9s est disponible ici! Journ\u00e9e du 12 juin 2019 8h30-9h&nbsp;:&nbsp;&nbsp;&nbsp;&nbsp;&nbsp;&nbsp;&nbsp;&nbsp; Accueil des participants 9h-9h30&nbsp;:&nbsp;&nbsp;&nbsp;&nbsp;&nbsp;&nbsp;&nbsp; Ouverture du colloque &amp; Etat des lieux de la m\u00e9tabolomique en R\u00e9gion Sud-PACA 9h30-10h15&nbsp;:&nbsp; Conf\u00e9rence pl\u00e9ni\u00e8re Pr Alain BOUCHEREAU (Universit\u00e9 de Rennes 1, Responsable de la plateforme Corsaire) M\u00e9tabolomique fonctionnelle de la s\u00e9nescence et de la r\u00e9ponse aux [&hellip;]<\/p>\n","protected":false},"author":1,"featured_media":0,"parent":0,"menu_order":0,"comment_status":"closed","ping_status":"closed","template":"","meta":{"ngg_post_thumbnail":0,"footnotes":""},"class_list":["post-21","page","type-page","status-publish","hentry"],"_links":{"self":[{"href":"https:\/\/sites.univ-tln.fr\/metasud\/wp-json\/wp\/v2\/pages\/21","targetHints":{"allow":["GET"]}}],"collection":[{"href":"https:\/\/sites.univ-tln.fr\/metasud\/wp-json\/wp\/v2\/pages"}],"about":[{"href":"https:\/\/sites.univ-tln.fr\/metasud\/wp-json\/wp\/v2\/types\/page"}],"author":[{"embeddable":true,"href":"https:\/\/sites.univ-tln.fr\/metasud\/wp-json\/wp\/v2\/users\/1"}],"replies":[{"embeddable":true,"href":"https:\/\/sites.univ-tln.fr\/metasud\/wp-json\/wp\/v2\/comments?post=21"}],"version-history":[{"count":25,"href":"https:\/\/sites.univ-tln.fr\/metasud\/wp-json\/wp\/v2\/pages\/21\/revisions"}],"predecessor-version":[{"id":215,"href":"https:\/\/sites.univ-tln.fr\/metasud\/wp-json\/wp\/v2\/pages\/21\/revisions\/215"}],"wp:attachment":[{"href":"https:\/\/sites.univ-tln.fr\/metasud\/wp-json\/wp\/v2\/media?parent=21"}],"curies":[{"name":"wp","href":"https:\/\/api.w.org\/{rel}","templated":true}]}}