{"id":19,"date":"2019-04-03T16:58:13","date_gmt":"2019-04-03T14:58:13","guid":{"rendered":"http:\/\/sites.univ-tln.fr\/metasud\/?page_id=19"},"modified":"2019-05-23T11:29:09","modified_gmt":"2019-05-23T09:29:09","slug":"dates","status":"publish","type":"page","link":"https:\/\/sites.univ-tln.fr\/metasud\/dates\/","title":{"rendered":"Dates"},"content":{"rendered":"<p>Le colloque M\u00e9taSUD se tiendra les <strong>12 et 13 juin 2019<\/strong>.<\/p>\n<p>Les autres dates importantes sont les suivantes :<\/p>\n<ul>\n<li>Pour les soumissions d&rsquo;un r\u00e9sum\u00e9 :<\/li>\n<\/ul>\n<p><strong>D\u00e9but avril 2019 :<\/strong>&nbsp;&nbsp;&nbsp; Ouverture des soumissions des communications orales et des posters<\/p>\n<p><strong>24 mai 2019 : <\/strong>&nbsp;&nbsp;&nbsp;&nbsp;&nbsp;&nbsp;&nbsp; &nbsp;&nbsp;&nbsp; Cl\u00f4ture des soumissions des communications orales (<strong><span style=\"color: #ff0000\">deadline prolong\u00e9e&nbsp; au 31 mai 2019<\/span><\/strong>)<\/p>\n<p><strong>4 juin 2019 :<\/strong> &nbsp;&nbsp;&nbsp;&nbsp;&nbsp; &nbsp; &nbsp;&nbsp;&nbsp;&nbsp; Cl\u00f4ture des soumissions des posters<\/p>\n<p>&nbsp;<\/p>\n<ul>\n<li>Pour les inscriptions :<\/li>\n<\/ul>\n<p><strong>Mi-avril 2019 :&nbsp;<\/strong>&nbsp;&nbsp;&nbsp;&nbsp;&nbsp;&nbsp;&nbsp;&nbsp;&nbsp; Ouverture des inscriptions<\/p>\n<p><strong>24 mai 2019 :<\/strong>&nbsp;&nbsp;&nbsp;&nbsp;&nbsp;&nbsp;&nbsp;&nbsp;&nbsp; &nbsp;&nbsp; Cl\u00f4ture des inscriptions au tarif normal<\/p>\n","protected":false},"excerpt":{"rendered":"<p>Le colloque M\u00e9taSUD se tiendra les 12 et 13 juin 2019. Les autres dates importantes sont les suivantes : Pour les soumissions d&rsquo;un r\u00e9sum\u00e9 : D\u00e9but avril 2019 :&nbsp;&nbsp;&nbsp; Ouverture des soumissions des communications orales et des posters 24 mai 2019 : &nbsp;&nbsp;&nbsp;&nbsp;&nbsp;&nbsp;&nbsp; &nbsp;&nbsp;&nbsp; Cl\u00f4ture des soumissions des communications orales (deadline prolong\u00e9e&nbsp; au 31 mai [&hellip;]<\/p>\n","protected":false},"author":1,"featured_media":0,"parent":0,"menu_order":0,"comment_status":"closed","ping_status":"closed","template":"","meta":{"ngg_post_thumbnail":0,"footnotes":""},"class_list":["post-19","page","type-page","status-publish","hentry"],"_links":{"self":[{"href":"https:\/\/sites.univ-tln.fr\/metasud\/wp-json\/wp\/v2\/pages\/19","targetHints":{"allow":["GET"]}}],"collection":[{"href":"https:\/\/sites.univ-tln.fr\/metasud\/wp-json\/wp\/v2\/pages"}],"about":[{"href":"https:\/\/sites.univ-tln.fr\/metasud\/wp-json\/wp\/v2\/types\/page"}],"author":[{"embeddable":true,"href":"https:\/\/sites.univ-tln.fr\/metasud\/wp-json\/wp\/v2\/users\/1"}],"replies":[{"embeddable":true,"href":"https:\/\/sites.univ-tln.fr\/metasud\/wp-json\/wp\/v2\/comments?post=19"}],"version-history":[{"count":6,"href":"https:\/\/sites.univ-tln.fr\/metasud\/wp-json\/wp\/v2\/pages\/19\/revisions"}],"predecessor-version":[{"id":193,"href":"https:\/\/sites.univ-tln.fr\/metasud\/wp-json\/wp\/v2\/pages\/19\/revisions\/193"}],"wp:attachment":[{"href":"https:\/\/sites.univ-tln.fr\/metasud\/wp-json\/wp\/v2\/media?parent=19"}],"curies":[{"name":"wp","href":"https:\/\/api.w.org\/{rel}","templated":true}]}}