{"id":17,"date":"2019-04-03T16:58:03","date_gmt":"2019-04-03T14:58:03","guid":{"rendered":"http:\/\/sites.univ-tln.fr\/metasud\/?page_id=17"},"modified":"2019-04-04T21:51:09","modified_gmt":"2019-04-04T19:51:09","slug":"comites","status":"publish","type":"page","link":"https:\/\/sites.univ-tln.fr\/metasud\/comites\/","title":{"rendered":"Comit\u00e9s"},"content":{"rendered":"<p>COMIT\u00c9 SCIENTIFIQUE<\/p>\n<ul>\n<li><a href=\"http:\/\/mapiem.univ-tln.fr\/CULIOLI-Gerald.html\">G\u00e9rald CULIOLI<\/a>, Universit\u00e9 de Toulon, MAPIEM<\/li>\n<li><a href=\"https:\/\/www.imbe.fr\/stephane-greff.html\">St\u00e9phane GREFF<\/a>, Aix-Marseille Universit\u00e9, IMBE<\/li>\n<li><a href=\"https:\/\/umr-qualisud.cirad.fr\/actualites\/soutenance-hdr-de-raphael-lugan-le-11-octobre-2017\">Rapha\u00ebl LUGAN<\/a>, Avignon Universit\u00e9, Qualisud<\/li>\n<li><a href=\"http:\/\/nort.univ-amu.fr\/equipe3.html#alessi\">Jean-Charles MARTIN<\/a>, Aix-Marseille Universit\u00e9, C2VN<\/li>\n<li><a href=\"http:\/\/univ-cotedazur.fr\/labs\/icn\/fr\/equipes\/APSM\/MetabolomeValorisation\/contact\">Thomas MICHEL<\/a>, Universit\u00e9 Nice Sophia Antipolis, ICN<\/li>\n<li><a href=\"https:\/\/www.imbe.fr\/diversite-et-fonctionnement-des.html\">Thierry PEREZ<\/a>, CNRS, IMBE<\/li>\n<li><a href=\"http:\/\/biophytiro.unice.fr\/tiro\/\">Thierry POURCHER<\/a>, Universit\u00e9 Nice Sophia Antipolis, TIRO<\/li>\n<li><a href=\"http:\/\/ism2.univ-amu.fr\/fr\/annuaire\/biosciences\/shintulaetitia\">Laetitia SHINTU<\/a>, Aix-Marseille Universit\u00e9, ISM2<\/li>\n<\/ul>\n<p>&nbsp;<\/p>\n<p>COMIT\u00c9 LOCAL D\u2019ORGANISATION<\/p>\n<ul>\n<li><a href=\"http:\/\/mapiem.univ-tln.fr\/CARRIOT-Nathan-875.html\">Nathan CARRIOT<\/a><\/li>\n<li><a href=\"http:\/\/mapiem.univ-tln.fr\/CULIOLI-Gerald.html\">G\u00e9rald CULIOLI<\/a><\/li>\n<li><a href=\"http:\/\/mapiem.univ-tln.fr\/DELARUE-Anne-250.html\">Anne DELARUE<\/a><\/li>\n<li><a href=\"http:\/\/mapiem.univ-tln.fr\/ORTALO-MAGNE-Annick.html\">Annick ORTALO-MAGN\u00c9<\/a><\/li>\n<li><a href=\"http:\/\/mapiem.univ-tln.fr\/PAIX-Benoit.html\">Beno\u00eet PAIX<\/a><\/li>\n<li><a href=\"http:\/\/mapiem.univ-tln.fr\/VIGUIER-Bruno.html\">Bruno VIGUIER<\/a><\/li>\n<\/ul>\n","protected":false},"excerpt":{"rendered":"<p>COMIT\u00c9 SCIENTIFIQUE G\u00e9rald CULIOLI, Universit\u00e9 de Toulon, MAPIEM St\u00e9phane GREFF, Aix-Marseille Universit\u00e9, IMBE Rapha\u00ebl LUGAN, Avignon Universit\u00e9, Qualisud Jean-Charles MARTIN, Aix-Marseille Universit\u00e9, C2VN Thomas MICHEL, Universit\u00e9 Nice Sophia Antipolis, ICN Thierry PEREZ, CNRS, IMBE Thierry POURCHER, Universit\u00e9 Nice Sophia Antipolis, TIRO Laetitia SHINTU, Aix-Marseille Universit\u00e9, ISM2 &nbsp; COMIT\u00c9 LOCAL D\u2019ORGANISATION Nathan CARRIOT G\u00e9rald CULIOLI Anne [&hellip;]<\/p>\n","protected":false},"author":1,"featured_media":0,"parent":0,"menu_order":0,"comment_status":"closed","ping_status":"closed","template":"","meta":{"ngg_post_thumbnail":0,"footnotes":""},"class_list":["post-17","page","type-page","status-publish","hentry"],"_links":{"self":[{"href":"https:\/\/sites.univ-tln.fr\/metasud\/wp-json\/wp\/v2\/pages\/17","targetHints":{"allow":["GET"]}}],"collection":[{"href":"https:\/\/sites.univ-tln.fr\/metasud\/wp-json\/wp\/v2\/pages"}],"about":[{"href":"https:\/\/sites.univ-tln.fr\/metasud\/wp-json\/wp\/v2\/types\/page"}],"author":[{"embeddable":true,"href":"https:\/\/sites.univ-tln.fr\/metasud\/wp-json\/wp\/v2\/users\/1"}],"replies":[{"embeddable":true,"href":"https:\/\/sites.univ-tln.fr\/metasud\/wp-json\/wp\/v2\/comments?post=17"}],"version-history":[{"count":5,"href":"https:\/\/sites.univ-tln.fr\/metasud\/wp-json\/wp\/v2\/pages\/17\/revisions"}],"predecessor-version":[{"id":90,"href":"https:\/\/sites.univ-tln.fr\/metasud\/wp-json\/wp\/v2\/pages\/17\/revisions\/90"}],"wp:attachment":[{"href":"https:\/\/sites.univ-tln.fr\/metasud\/wp-json\/wp\/v2\/media?parent=17"}],"curies":[{"name":"wp","href":"https:\/\/api.w.org\/{rel}","templated":true}]}}