{"id":15,"date":"2019-04-03T16:57:48","date_gmt":"2019-04-03T14:57:48","guid":{"rendered":"http:\/\/sites.univ-tln.fr\/metasud\/?page_id=15"},"modified":"2019-04-05T11:56:54","modified_gmt":"2019-04-05T09:56:54","slug":"accueil","status":"publish","type":"page","link":"https:\/\/sites.univ-tln.fr\/metasud\/","title":{"rendered":"Accueil"},"content":{"rendered":"<h1 style=\"text-align: center\">M\u00e9taSUD 2019<\/h1>\n<h3 style=\"text-align: center\">Journ\u00e9es de M\u00e9tabolomique en R\u00e9gion Sud &#8211; Provence-Alpes-C\u00f4te d&rsquo;Azur<\/h3>\n<p>Les journ\u00e9es r\u00e9gionales de m\u00e9tabolomique M\u00e9taSUD 2019 visent \u00e0 rassembler le plus grand nombre d\u2019acteurs r\u00e9gionaux, aussi bien acad\u00e9miques qu&rsquo;industriels, de cette discipline afin qu\u2019ils puissent&nbsp;: (i)&nbsp;exposer leurs avanc\u00e9es et comp\u00e9tences dans les diff\u00e9rents domaines de la m\u00e9tabolomique (d\u00e9veloppements m\u00e9thodologiques et analytiques, traitement des donn\u00e9es, analyses statistiques&#8230;), (ii)&nbsp;\u00e9changer leurs connaissances afin d\u2019\u00e9lever leurs niveaux th\u00e9oriques et pratiques et (iii)&nbsp;faire remonter leurs besoins, notamment en ce qui concerne les partenaires socio-\u00e9conomiques.<\/p>\n<p>M\u00e9taSUD est largement ouvert aux industriels directement impliqu\u00e9s dans la m\u00e9tabolomique (constructeurs, fournisseurs, d\u00e9veloppeurs&#8230;) ainsi qu&rsquo;aux acteurs socio-\u00e9conomiques r\u00e9gionaux d\u00e9veloppant ou souhaitant d\u00e9velopper des approches m\u00e9tabolomiques.<\/p>\n<p>Ce colloque a \u00e9galement pour vocation de pr\u00e9senter un large panel d\u2019\u00e9tudes en m\u00e9tabolomique \u00e0 un public de non sp\u00e9cialistes d\u00e9sireux de s\u2019initier \u00e0 cette discipline (personnels hospitaliers, chercheurs et enseignants-chercheurs issus de disciplines aff\u00e9rentes, ing\u00e9nieurs, techniciens\u2026).<\/p>\n<p>Les journ\u00e9es M\u00e9taSUD 2019 port\u00e9es par les quatre universit\u00e9s r\u00e9gionales (Avignon Universit\u00e9, Aix-Marseille Universit\u00e9, Universit\u00e9 Nice Sophia-Antipolis, Universit\u00e9 de Toulon) font suite \u00e0 deux pr\u00e9c\u00e9dents \u00e9v\u00e8nements r\u00e9gionaux : la journ\u00e9e \u00ab&nbsp;<a href=\"https:\/\/www.ipmc.cnrs.fr\/fichiers\/files\/commun\/104_Programme_CoreBio_final.pdf\"><em>Metabolomics &amp; Lipidomics in biology and Health<\/em><\/a>&nbsp;\u00bb organis\u00e9e \u00e0 l\u2019IPMC (Universit\u00e9 Nice Sophia-Antipolis) le 1<sup>er<\/sup> d\u00e9cembre 2015 sous l\u2019\u00e9gide de CoReBio PACA et un atelier pratique intitul\u00e9 \u00ab&nbsp;<a href=\"http:\/\/www.rfmf.fr\/actualites\/2017\/04\/04\/atelier-metabolomique-marseille-dec-2016.html\"><em>Pour comprendre et initier des analyses en m\u00e9tabolomique<\/em><\/a>&nbsp;\u00bb qui s\u2019est tenu les 12 et 13 d\u00e9cembre 2016 \u00e0 la Station Marine d\u2019Endoume (Aix-Marseille universit\u00e9).<\/p>\n<p><img loading=\"lazy\" decoding=\"async\" class=\"aligncenter size-full wp-image-55\" src=\"http:\/\/sites.univ-tln.fr\/metasud\/wp-content\/uploads\/sites\/34\/2019\/04\/affiche-metasud.png\" alt=\"\" width=\"1558\" height=\"2214\" srcset=\"https:\/\/sites.univ-tln.fr\/metasud\/wp-content\/uploads\/sites\/34\/2019\/04\/affiche-metasud.png 1558w, https:\/\/sites.univ-tln.fr\/metasud\/wp-content\/uploads\/sites\/34\/2019\/04\/affiche-metasud-211x300.png 211w, https:\/\/sites.univ-tln.fr\/metasud\/wp-content\/uploads\/sites\/34\/2019\/04\/affiche-metasud-768x1091.png 768w, https:\/\/sites.univ-tln.fr\/metasud\/wp-content\/uploads\/sites\/34\/2019\/04\/affiche-metasud-721x1024.png 721w, https:\/\/sites.univ-tln.fr\/metasud\/wp-content\/uploads\/sites\/34\/2019\/04\/affiche-metasud-624x887.png 624w\" sizes=\"auto, (max-width: 1558px) 100vw, 1558px\" \/><\/p>\n<p>&nbsp;<\/p>\n<p>&nbsp;<\/p>\n","protected":false},"excerpt":{"rendered":"<p>M\u00e9taSUD 2019 Journ\u00e9es de M\u00e9tabolomique en R\u00e9gion Sud &#8211; Provence-Alpes-C\u00f4te d&rsquo;Azur Les journ\u00e9es r\u00e9gionales de m\u00e9tabolomique M\u00e9taSUD 2019 visent \u00e0 rassembler le plus grand nombre d\u2019acteurs r\u00e9gionaux, aussi bien acad\u00e9miques qu&rsquo;industriels, de cette discipline afin qu\u2019ils puissent&nbsp;: (i)&nbsp;exposer leurs avanc\u00e9es et comp\u00e9tences dans les diff\u00e9rents domaines de la m\u00e9tabolomique (d\u00e9veloppements m\u00e9thodologiques et analytiques, traitement des [&hellip;]<\/p>\n","protected":false},"author":1,"featured_media":0,"parent":0,"menu_order":0,"comment_status":"closed","ping_status":"closed","template":"","meta":{"ngg_post_thumbnail":0,"footnotes":""},"class_list":["post-15","page","type-page","status-publish","hentry"],"_links":{"self":[{"href":"https:\/\/sites.univ-tln.fr\/metasud\/wp-json\/wp\/v2\/pages\/15","targetHints":{"allow":["GET"]}}],"collection":[{"href":"https:\/\/sites.univ-tln.fr\/metasud\/wp-json\/wp\/v2\/pages"}],"about":[{"href":"https:\/\/sites.univ-tln.fr\/metasud\/wp-json\/wp\/v2\/types\/page"}],"author":[{"embeddable":true,"href":"https:\/\/sites.univ-tln.fr\/metasud\/wp-json\/wp\/v2\/users\/1"}],"replies":[{"embeddable":true,"href":"https:\/\/sites.univ-tln.fr\/metasud\/wp-json\/wp\/v2\/comments?post=15"}],"version-history":[{"count":12,"href":"https:\/\/sites.univ-tln.fr\/metasud\/wp-json\/wp\/v2\/pages\/15\/revisions"}],"predecessor-version":[{"id":106,"href":"https:\/\/sites.univ-tln.fr\/metasud\/wp-json\/wp\/v2\/pages\/15\/revisions\/106"}],"wp:attachment":[{"href":"https:\/\/sites.univ-tln.fr\/metasud\/wp-json\/wp\/v2\/media?parent=15"}],"curies":[{"name":"wp","href":"https:\/\/api.w.org\/{rel}","templated":true}]}}