{"id":26,"date":"2016-09-27T14:33:37","date_gmt":"2016-09-27T13:33:37","guid":{"rendered":"http:\/\/sites.univ-tln.fr\/mct\/?page_id=26"},"modified":"2016-11-12T17:28:22","modified_gmt":"2016-11-12T16:28:22","slug":"comites","status":"publish","type":"page","link":"https:\/\/sites.univ-tln.fr\/mct\/comites\/","title":{"rendered":"Scientific committee"},"content":{"rendered":"<h3><span style=\"color: #0b2161\"><br \/>\n<a style=\"color: #0b2161\" href=\"http:\/\/www.cmapx.polytechnique.fr\/~boscain\/\">Ugo Boscain<\/a> (\u00c9cole Polytechnique)<br \/>\n<a style=\"color: #0b2161\" href=\"http:\/\/champion.univ-tln.fr\/\">Thierry Champion<\/a> (Universit\u00e9 de Toulon)<br \/>\n<a style=\"color: #0b2161\" href=\"http:\/\/www.lsis.org\/chittarof\">Francesca C. Chittaro<\/a> (Universit\u00e9 de Toulon)<br \/>\n<a style=\"color: #0b2161\" href=\"http:\/\/www.lsis.org\/gauthierjp\/\">Jean-Paul Gauthier<\/a> (Universit\u00e9 de Toulon)<br \/>\n<a style=\"color: #0b2161\" href=\"http:\/\/www.dma.unifi.it\/~poggiolini\/\">Laura Poggiolini<\/a> (Universit\u00e0 degli Studi di Firenze)<br \/>\n<a style=\"color: #0b2161\" href=\"http:\/\/www.unifi.it\/p-doc2-2013-200052-S-3f2a3d313b2c28.html\">Andrey Sarychev<\/a> (Universit\u00e0 degli Studi di Firenze)<\/span><\/h3>\n","protected":false},"excerpt":{"rendered":"<p>Ugo Boscain (\u00c9cole Polytechnique) Thierry Champion (Universit\u00e9 de Toulon) Francesca C. Chittaro (Universit\u00e9 de Toulon) Jean-Paul Gauthier (Universit\u00e9 de Toulon) Laura Poggiolini (Universit\u00e0 degli Studi di Firenze) Andrey Sarychev (Universit\u00e0 degli Studi di Firenze)<\/p>\n","protected":false},"author":1,"featured_media":0,"parent":0,"menu_order":0,"comment_status":"closed","ping_status":"closed","template":"","meta":{"ngg_post_thumbnail":0,"footnotes":""},"class_list":["post-26","page","type-page","status-publish","hentry"],"_links":{"self":[{"href":"https:\/\/sites.univ-tln.fr\/mct\/wp-json\/wp\/v2\/pages\/26","targetHints":{"allow":["GET"]}}],"collection":[{"href":"https:\/\/sites.univ-tln.fr\/mct\/wp-json\/wp\/v2\/pages"}],"about":[{"href":"https:\/\/sites.univ-tln.fr\/mct\/wp-json\/wp\/v2\/types\/page"}],"author":[{"embeddable":true,"href":"https:\/\/sites.univ-tln.fr\/mct\/wp-json\/wp\/v2\/users\/1"}],"replies":[{"embeddable":true,"href":"https:\/\/sites.univ-tln.fr\/mct\/wp-json\/wp\/v2\/comments?post=26"}],"version-history":[{"count":10,"href":"https:\/\/sites.univ-tln.fr\/mct\/wp-json\/wp\/v2\/pages\/26\/revisions"}],"predecessor-version":[{"id":106,"href":"https:\/\/sites.univ-tln.fr\/mct\/wp-json\/wp\/v2\/pages\/26\/revisions\/106"}],"wp:attachment":[{"href":"https:\/\/sites.univ-tln.fr\/mct\/wp-json\/wp\/v2\/media?parent=26"}],"curies":[{"name":"wp","href":"https:\/\/api.w.org\/{rel}","templated":true}]}}