{"id":18,"date":"2016-09-27T14:29:54","date_gmt":"2016-09-27T13:29:54","guid":{"rendered":"http:\/\/sites.univ-tln.fr\/mct\/?page_id=18"},"modified":"2016-09-27T15:05:04","modified_gmt":"2016-09-27T14:05:04","slug":"mentions-legales","status":"publish","type":"page","link":"https:\/\/sites.univ-tln.fr\/mct\/mentions-legales\/","title":{"rendered":"Mentions l\u00e9gales"},"content":{"rendered":"<h2>Informations l\u00e9gales :<\/h2>\n<p>Le site http:\/\/mct.univ-tln.fr est g\u00e9r\u00e9 par le laboratoire LSIS de l\u2019Universit\u00e9 de Toulon (UTLN)<\/p>\n<p><strong>Contacts :<\/strong><br \/>\nUniversit\u00e9 de Toulon<br \/>\nLaboratoire LSIS<br \/>\nCS 60584 &#8211; 83041 TOULON CEDEX 9<br \/>\nT\u00e9l\u00e9phone (standard) : 04 94 14 20 00<\/p>\n<p><strong>Directeur(s) de la publication<\/strong> : Laboratoire LSIS &#8211; Pr\u00e9sident de l&rsquo;UTLN<\/p>\n<p>La conception \u00e9ditoriale, le suivi, la maintenance technique et les mises \u00e0 jour du site http:\/\/mct.univ-tln.fr sont assur\u00e9es par le laboratoire LSIS, accompagn\u00e9 par la DSIUN.<\/p>\n<h2>Donn\u00e9es personnelles :<\/h2>\n<p>Nous sommes amen\u00e9s \u00e0 diffuser des informations professionnelles sur le site.<br \/>\nNous rappelons aux personnes mentionn\u00e9es sur ce site qu\u2019elles disposent d\u2019un droit d\u2019acc\u00e8s, de modification, de rectification et de suppression des donn\u00e9es qui les concernent (art. 34 de la loi \u00ab Informatique et Libert\u00e9s \u00bb du 6 janvier 1978).<br \/>\nPour exercer ce droit, elles doivent s\u2019adresser <a href=\"mailto:cil@univ-tln.fr\">au CIL de l&rsquo;Universit\u00e9 de Toulon<\/a>.<\/p>\n<h2>Protection de ces donn\u00e9es<\/h2>\n<p>Aucune information personnelle n\u2019est collect\u00e9e \u00e0 votre insu<br \/>\nAucune information personnelle n\u2019est c\u00e9d\u00e9e \u00e0 des tiers<br \/>\nAucune information personnelle n\u2019est utilis\u00e9e \u00e0 des fins non pr\u00e9vues<\/p>\n<h2>Condition g\u00e9n\u00e9rales d\u2019utilisation du site :<\/h2>\n<h3>Droit d\u2019auteur \u2013 Copyright :<\/h3>\n<p>L\u2019ensemble de ce site rel\u00e8ve de la l\u00e9gislation fran\u00e7aise et internationale sur le droit d\u2019auteur et la propri\u00e9t\u00e9 intellectuelle. Tous les droits de reproduction sont r\u00e9serv\u00e9s, y compris pour les documents t\u00e9l\u00e9chargeables et les repr\u00e9sentations iconographiques et photographiques.<br \/>\nPour tout le site, \u00a9 Universit\u00e9 de Toulon.<\/p>\n<p>La reproduction de tout ou partie de ce site sur un support \u00e9lectronique quel qu\u2019il soit est interdite sauf autorisation expresse.<\/p>\n<p>La reproduction des textes de ce site sur un support papier est autoris\u00e9e, tout particuli\u00e8rement dans le cadre p\u00e9dagogique, sous r\u00e9serve du respect des trois conditions suivantes :<\/p>\n<ul>\n<li>gratuit\u00e9 de la diffusion,<\/li>\n<li>respect de l\u2019int\u00e9grit\u00e9 des documents reproduits : pas de modification ni alt\u00e9ration d\u2019aucune sorte,<\/li>\n<li>citation claire et lisible de la source sous la forme suivante &#8211; par exemple &#8211; : \u00ab\u00a0Universit\u00e9 de Toulon : www.univ-tln.fr \u00ab\u00a0<\/li>\n<\/ul>\n<p>Les droits de reproduction sont r\u00e9serv\u00e9s.<br \/>\nL\u2019adresse internet du site de l\u2019Universit\u00e9 de Toulon doit imp\u00e9rativement figurer dans la r\u00e9f\u00e9rence.<br \/>\nPour d\u2019autres utilisations, veuillez nous consulter par mail.<\/p>\n<h2>R\u00e9alisation :<\/h2>\n<h3>Conception graphique et D\u00e9veloppement technique<\/h3>\n<p>DSIUN<br \/>\nUniversit\u00e9 de Toulon<br \/>\nCS 60584 &#8211; 83041 TOULON CEDEX 9<br \/>\nEmail : webmaster@univ-tln.fr<\/p>\n<h3>Syst\u00e8me de gestion de contenus<\/h3>\n<p>Le site http:\/\/mct.univ-tln.fr est r\u00e9alis\u00e9 sous wordpress, logiciel libre, distribu\u00e9 sous la licence GNU\/GPL.<\/p>\n<h3>H\u00e9bergement du site<\/h3>\n<p>Le site http:\/\/mct.univ-tln.fr est h\u00e9berg\u00e9 par la DSIUN de l\u2019UTLN.<\/p>\n<h3>Cr\u00e9dits photographiques<\/h3>\n<p>\u00a9 UTLN &#8211; Services Communication \/ DSIUN \/ Laboratoires &#8211; Fotolia<\/p>\n<h3>Cr\u00e9ation de lien<\/h3>\n<p>L\u2019\u00e9tablissement de liens vers notre site site est autoris\u00e9 sous r\u00e9serve de reproduire le titre suivant : \u00ab MCT \u00bb et que la page apparaisse dans une fen\u00eatre enti\u00e8re sous son adresse.<br \/>\nAinsi, la pr\u00e9sentation d\u2019une page contenue dans ce site dans une fen\u00eatre ne lui appartenant pas (par la technique dite du \u00ab framing \u00bb) et l\u2019insertion d\u2019une image du site dans une page \u00e9trang\u00e8re \u00e0 l\u2019Universit\u00e9 de Toulon (par la technique dite du \u00ab in line linking \u00bb) sont interdites.<\/p>\n<h2>Avertissement :<\/h2>\n<h3>Publications- Actualit\u00e9s<\/h3>\n<p>Les documents diffus\u00e9s en version \u00e9lectronique sur ce site peuvent avoir fait l\u2019objet de mise \u00e0 jour entre le moment o\u00f9 vous les avez t\u00e9l\u00e9charg\u00e9s et celui o\u00f9 vous en prenez connaissance. En cons\u00e9quence, nous vous recommandons d\u2019en v\u00e9rifier la validit\u00e9.<\/p>\n<h3>Liens<\/h3>\n<p>Le site http:\/\/mct.univ-tln.fr est susceptible de renvoyer \u00e0 d\u2019autres sites au moyen de liens ; l\u2019\u00e9diteur, l\u2019Universit\u00e9 de Toulon, ne saurait \u00eatre tenu responsable du contenu illicite de ceux-ci.<\/p>\n<h3>Outil de statistique<\/h3>\n<p>&#8211;<\/p>\n<h3>En cas d\u2019erreurs<\/h3>\n<p>Les documents diffus\u00e9s en version \u00e9lectronique sur ce site ont fait l\u2019objet de nombreuses relectures de notre part mais peuvent encore contenir des erreurs.<br \/>\nSi vous en constatez, n\u2019h\u00e9sitez pas \u00e0 nous le faire savoir en contactant <a href=\"mailto:webmaster@univ-tln.fr\">le webmaster<\/a>. Nous proc\u00e9derons imm\u00e9diatement aux rectifications correspondantes.<\/p>\n","protected":false},"excerpt":{"rendered":"<p>Informations l\u00e9gales : Le site http:\/\/mct.univ-tln.fr est g\u00e9r\u00e9 par le laboratoire LSIS de l\u2019Universit\u00e9 de Toulon (UTLN) Contacts : Universit\u00e9 de Toulon Laboratoire LSIS CS 60584 &#8211; 83041 TOULON CEDEX 9 T\u00e9l\u00e9phone (standard) : 04 94 14 20 00 Directeur(s) de la publication : Laboratoire LSIS &#8211; Pr\u00e9sident de l&rsquo;UTLN La conception \u00e9ditoriale, le suivi, [&hellip;]<\/p>\n","protected":false},"author":1,"featured_media":0,"parent":0,"menu_order":0,"comment_status":"closed","ping_status":"closed","template":"","meta":{"ngg_post_thumbnail":0,"footnotes":""},"class_list":["post-18","page","type-page","status-publish","hentry"],"_links":{"self":[{"href":"https:\/\/sites.univ-tln.fr\/mct\/wp-json\/wp\/v2\/pages\/18","targetHints":{"allow":["GET"]}}],"collection":[{"href":"https:\/\/sites.univ-tln.fr\/mct\/wp-json\/wp\/v2\/pages"}],"about":[{"href":"https:\/\/sites.univ-tln.fr\/mct\/wp-json\/wp\/v2\/types\/page"}],"author":[{"embeddable":true,"href":"https:\/\/sites.univ-tln.fr\/mct\/wp-json\/wp\/v2\/users\/1"}],"replies":[{"embeddable":true,"href":"https:\/\/sites.univ-tln.fr\/mct\/wp-json\/wp\/v2\/comments?post=18"}],"version-history":[{"count":5,"href":"https:\/\/sites.univ-tln.fr\/mct\/wp-json\/wp\/v2\/pages\/18\/revisions"}],"predecessor-version":[{"id":50,"href":"https:\/\/sites.univ-tln.fr\/mct\/wp-json\/wp\/v2\/pages\/18\/revisions\/50"}],"wp:attachment":[{"href":"https:\/\/sites.univ-tln.fr\/mct\/wp-json\/wp\/v2\/media?parent=18"}],"curies":[{"name":"wp","href":"https:\/\/api.w.org\/{rel}","templated":true}]}}