{"id":166,"date":"2017-03-17T14:32:32","date_gmt":"2017-03-17T13:32:32","guid":{"rendered":"http:\/\/sites.univ-tln.fr\/mct\/?page_id=166"},"modified":"2017-05-18T08:24:04","modified_gmt":"2017-05-18T07:24:04","slug":"participants","status":"publish","type":"page","link":"https:\/\/sites.univ-tln.fr\/mct\/participants\/","title":{"rendered":"Participants"},"content":{"rendered":"<p><span style=\"color: #0b2161\">Nicolas AUGIER &nbsp; (\u00c9cole Polytechnique)<br \/>\nIvan BESCHASTNYI&nbsp;&nbsp; (SISSA)<br \/>\nFrancesco BOAROTTO&nbsp;&nbsp;&nbsp; (\u00c9cole Polytechnique)<br \/>\nNicolas BOIZOT&nbsp;&nbsp; (Universit\u00e9 de Toulon)<br \/>\nUgo BOSCAIN&nbsp;&nbsp;&nbsp; (CNRS)<br \/>\nEric BUSVELLE&nbsp;&nbsp; (Universit\u00e9 de Toulon)<br \/>\nThierry CHAMPION&nbsp;&nbsp; (Universit\u00e9 de Toulon)<br \/>\nFrancesca C. CHITTARO&nbsp;&nbsp; (Universit\u00e9 de Toulon)<br \/>\nOlivier COTS&nbsp;&nbsp; (Universit\u00e9 de Toulouse)<br \/>\nAlessandro DUCA&nbsp;&nbsp; (Universit\u00e9 de Franche-Comt\u00e9)<br \/>\nA\u00efda FEDDAIOUI&nbsp;&nbsp; (Universit\u00e9 de Toulon)<br \/>\nJoseph GERGAUD&nbsp;&nbsp; (Universit\u00e9 de Toulouse)<br \/>\nRohit GUPTA&nbsp;&nbsp; (University of Minnesota)<br \/>\nFazia HARRACHE&nbsp;&nbsp; (Universit\u00e9 de Toulon)<br \/>\nFr\u00e9d\u00e9ric JEAN&nbsp;&nbsp; (ENSTA ParisTech)<br \/>\nPhilippe JOUAN&nbsp;&nbsp; (Universit\u00e9 de Rouen)<br \/>\nMathieu KOHLI&nbsp; (\u00c9cole Polytechnique)<br \/>\nPierre LISSY&nbsp;&nbsp; (Universit\u00e9 Paris-Dauphine)<br \/>\nAlexey MASHTAKOV&nbsp;&nbsp;(Program Systems Institute of RAS)<br \/>\nSofya MASLOVSKAYA&nbsp;&nbsp; (ENSTA ParisTech)<br \/>\nPaolo MASON&nbsp;&nbsp; (L2S CNRS)<br \/>\nMichael ORIEUX&nbsp;&nbsp; (Universit\u00e9 Paris-Dauphine)<br \/>\nOuazna OUKACHA&nbsp;&nbsp; (Universit\u00e9 de Toulon)<br \/>\nLaura POGGIOLINI&nbsp;&nbsp; (Universit\u00e0 di Firenze)<br \/>\nJean-Baptiste POMET&nbsp;&nbsp; (INRIA)<br \/>\nDario PRANDI&nbsp;&nbsp; (CentraleSupelec)<br \/>\nLuca RIZZI&nbsp;&nbsp; (Institut Fourier)<br \/>\nLudovic SACCHELLI &nbsp; (\u00c9cole Polytechnique)<br \/>\nAndrey SARYCHEV &nbsp; (Universit\u00e0 di Firenze)<br \/>\nTeresa SCARINCI &nbsp; (University of Vienna)<br \/>\nUlysse SERRES&nbsp;&nbsp; (Univ. Lyon 1)<br \/>\n<\/span><\/p>\n","protected":false},"excerpt":{"rendered":"<p>Nicolas AUGIER &nbsp; (\u00c9cole Polytechnique) Ivan BESCHASTNYI&nbsp;&nbsp; (SISSA) Francesco BOAROTTO&nbsp;&nbsp;&nbsp; (\u00c9cole Polytechnique) Nicolas BOIZOT&nbsp;&nbsp; (Universit\u00e9 de Toulon) Ugo BOSCAIN&nbsp;&nbsp;&nbsp; (CNRS) Eric BUSVELLE&nbsp;&nbsp; (Universit\u00e9 de Toulon) Thierry CHAMPION&nbsp;&nbsp; (Universit\u00e9 de Toulon) Francesca C. CHITTARO&nbsp;&nbsp; (Universit\u00e9 de Toulon) Olivier COTS&nbsp;&nbsp; (Universit\u00e9 de Toulouse) Alessandro DUCA&nbsp;&nbsp; (Universit\u00e9 de Franche-Comt\u00e9) A\u00efda FEDDAIOUI&nbsp;&nbsp; (Universit\u00e9 de Toulon) Joseph GERGAUD&nbsp;&nbsp; (Universit\u00e9 de [&hellip;]<\/p>\n","protected":false},"author":14,"featured_media":0,"parent":0,"menu_order":0,"comment_status":"closed","ping_status":"closed","template":"","meta":{"ngg_post_thumbnail":0,"footnotes":""},"class_list":["post-166","page","type-page","status-publish","hentry"],"_links":{"self":[{"href":"https:\/\/sites.univ-tln.fr\/mct\/wp-json\/wp\/v2\/pages\/166","targetHints":{"allow":["GET"]}}],"collection":[{"href":"https:\/\/sites.univ-tln.fr\/mct\/wp-json\/wp\/v2\/pages"}],"about":[{"href":"https:\/\/sites.univ-tln.fr\/mct\/wp-json\/wp\/v2\/types\/page"}],"author":[{"embeddable":true,"href":"https:\/\/sites.univ-tln.fr\/mct\/wp-json\/wp\/v2\/users\/14"}],"replies":[{"embeddable":true,"href":"https:\/\/sites.univ-tln.fr\/mct\/wp-json\/wp\/v2\/comments?post=166"}],"version-history":[{"count":14,"href":"https:\/\/sites.univ-tln.fr\/mct\/wp-json\/wp\/v2\/pages\/166\/revisions"}],"predecessor-version":[{"id":201,"href":"https:\/\/sites.univ-tln.fr\/mct\/wp-json\/wp\/v2\/pages\/166\/revisions\/201"}],"wp:attachment":[{"href":"https:\/\/sites.univ-tln.fr\/mct\/wp-json\/wp\/v2\/media?parent=166"}],"curies":[{"name":"wp","href":"https:\/\/api.w.org\/{rel}","templated":true}]}}