{"id":370,"date":"2018-12-06T10:00:08","date_gmt":"2018-12-06T08:00:08","guid":{"rendered":"http:\/\/sites.univ-tln.fr\/master-math\/?page_id=370"},"modified":"2024-03-12T17:19:21","modified_gmt":"2024-03-12T15:19:21","slug":"archives-2012-2017","status":"publish","type":"page","link":"https:\/\/sites.univ-tln.fr\/master-math\/en\/archives-2012-2017\/","title":{"rendered":"Archives &#8211; 2012\/2024"},"content":{"rendered":"<p>&nbsp;<\/p>\n<p>You may find in the menu the structure of the courses for the periods 2012-2018 and 2018-2024.<\/p>\n<p>In the period 2018-2024, the name of the Master was : Master de Math\u00e9matiques, sp\u00e9cialit\u00e9 Analyse Appliqu\u00e9e et Physique Math\u00e9matique.<\/p>\n<p>In the period 2012-2018, the name of the Master was : Master de Math\u00e9matiques, sp\u00e9cialit\u00e9 Optimisation et Physique Math\u00e9matique<\/p>\n","protected":false},"excerpt":{"rendered":"<p>&nbsp; You may find in the menu the structure of the courses for the periods 2012-2018 and 2018-2024. In the period 2018-2024, the name of the Master was : Master de Math\u00e9matiques, sp\u00e9cialit\u00e9 Analyse Appliqu\u00e9e et Physique Math\u00e9matique. In the period 2012-2018, the name of the Master was : Master de Math\u00e9matiques, sp\u00e9cialit\u00e9 Optimisation et [&hellip;]<\/p>\n","protected":false},"author":11,"featured_media":0,"parent":0,"menu_order":0,"comment_status":"closed","ping_status":"closed","template":"","meta":{"ngg_post_thumbnail":0,"footnotes":""},"class_list":["post-370","page","type-page","status-publish","hentry"],"_links":{"self":[{"href":"https:\/\/sites.univ-tln.fr\/master-math\/wp-json\/wp\/v2\/pages\/370","targetHints":{"allow":["GET"]}}],"collection":[{"href":"https:\/\/sites.univ-tln.fr\/master-math\/wp-json\/wp\/v2\/pages"}],"about":[{"href":"https:\/\/sites.univ-tln.fr\/master-math\/wp-json\/wp\/v2\/types\/page"}],"author":[{"embeddable":true,"href":"https:\/\/sites.univ-tln.fr\/master-math\/wp-json\/wp\/v2\/users\/11"}],"replies":[{"embeddable":true,"href":"https:\/\/sites.univ-tln.fr\/master-math\/wp-json\/wp\/v2\/comments?post=370"}],"version-history":[{"count":6,"href":"https:\/\/sites.univ-tln.fr\/master-math\/wp-json\/wp\/v2\/pages\/370\/revisions"}],"predecessor-version":[{"id":627,"href":"https:\/\/sites.univ-tln.fr\/master-math\/wp-json\/wp\/v2\/pages\/370\/revisions\/627"}],"wp:attachment":[{"href":"https:\/\/sites.univ-tln.fr\/master-math\/wp-json\/wp\/v2\/media?parent=370"}],"curies":[{"name":"wp","href":"https:\/\/api.w.org\/{rel}","templated":true}]}}