{"id":355,"date":"2018-12-05T16:29:25","date_gmt":"2018-12-05T14:29:25","guid":{"rendered":"http:\/\/sites.univ-tln.fr\/master-math\/?page_id=355"},"modified":"2024-03-12T16:55:23","modified_gmt":"2024-03-12T14:55:23","slug":"archives-2008-2017","status":"publish","type":"page","link":"https:\/\/sites.univ-tln.fr\/master-math\/fr\/archives-2008-2017\/","title":{"rendered":"Archives &#8211; 2008\/2024"},"content":{"rendered":"<p>&nbsp;<\/p>\n<p>Vous trouverez en sous-menu la structure de la formation pour les ann\u00e9es 2008-2012, 2012-2018 et 2018-2024.<\/p>\n<p>Pour les ann\u00e9es 2018-2024, le Master s&rsquo;intitulait : Master de Math\u00e9matiques, sp\u00e9cialit\u00e9 Analyse Appliqu\u00e9e et Physique Math\u00e9matique.<\/p>\n<p>Pour les ann\u00e9es 2008-2012 et 2012-2018, le Master s&rsquo;intitulait : Master de Math\u00e9matiques, sp\u00e9cialit\u00e9 Optimisation et Physique Math\u00e9matique.<\/p>\n","protected":false},"excerpt":{"rendered":"<p>&nbsp; Vous trouverez en sous-menu la structure de la formation pour les ann\u00e9es 2008-2012, 2012-2018 et 2018-2024. Pour les ann\u00e9es 2018-2024, le Master s&rsquo;intitulait : Master de Math\u00e9matiques, sp\u00e9cialit\u00e9 Analyse Appliqu\u00e9e et Physique Math\u00e9matique. Pour les ann\u00e9es 2008-2012 et 2012-2018, le Master s&rsquo;intitulait : Master de Math\u00e9matiques, sp\u00e9cialit\u00e9 Optimisation et Physique Math\u00e9matique.<\/p>\n","protected":false},"author":11,"featured_media":0,"parent":0,"menu_order":0,"comment_status":"closed","ping_status":"closed","template":"","meta":{"ngg_post_thumbnail":0,"footnotes":""},"class_list":["post-355","page","type-page","status-publish","hentry"],"_links":{"self":[{"href":"https:\/\/sites.univ-tln.fr\/master-math\/wp-json\/wp\/v2\/pages\/355","targetHints":{"allow":["GET"]}}],"collection":[{"href":"https:\/\/sites.univ-tln.fr\/master-math\/wp-json\/wp\/v2\/pages"}],"about":[{"href":"https:\/\/sites.univ-tln.fr\/master-math\/wp-json\/wp\/v2\/types\/page"}],"author":[{"embeddable":true,"href":"https:\/\/sites.univ-tln.fr\/master-math\/wp-json\/wp\/v2\/users\/11"}],"replies":[{"embeddable":true,"href":"https:\/\/sites.univ-tln.fr\/master-math\/wp-json\/wp\/v2\/comments?post=355"}],"version-history":[{"count":3,"href":"https:\/\/sites.univ-tln.fr\/master-math\/wp-json\/wp\/v2\/pages\/355\/revisions"}],"predecessor-version":[{"id":607,"href":"https:\/\/sites.univ-tln.fr\/master-math\/wp-json\/wp\/v2\/pages\/355\/revisions\/607"}],"wp:attachment":[{"href":"https:\/\/sites.univ-tln.fr\/master-math\/wp-json\/wp\/v2\/media?parent=355"}],"curies":[{"name":"wp","href":"https:\/\/api.w.org\/{rel}","templated":true}]}}