{"id":315,"date":"2018-09-17T18:00:23","date_gmt":"2018-09-17T16:00:23","guid":{"rendered":"http:\/\/sites.univ-tln.fr\/master-math\/?page_id=315"},"modified":"2024-03-12T16:57:57","modified_gmt":"2024-03-12T14:57:57","slug":"master-1ere-annee","status":"publish","type":"page","link":"https:\/\/sites.univ-tln.fr\/master-math\/fr\/master-1ere-annee\/","title":{"rendered":"Master 1\u00e8re ann\u00e9e &#8211; quadriennal 2018-2024"},"content":{"rendered":"<h2>Contenus des enseignements<\/h2>\n<h3 style=\"text-align: center\"><em>Semestre 1<\/em><\/h3>\n<div id=\"accordions-337\" class=\"accordions-337 accordions\" data-accordions={&quot;lazyLoad&quot;:false,&quot;id&quot;:&quot;337&quot;,&quot;event&quot;:&quot;click&quot;,&quot;collapsible&quot;:&quot;true&quot;,&quot;heightStyle&quot;:&quot;content&quot;,&quot;animateStyle&quot;:&quot;swing&quot;,&quot;animateDelay&quot;:1000,&quot;navigation&quot;:true,&quot;active&quot;:999,&quot;expandedOther&quot;:&quot;no&quot;}>\r\n                <div class=\"items\" >\r\n    \r\n            <div post_id=\"337\" itemcount=\"0\"  header_id=\"header-17102519770\" id=\"header-17102519770\" style=\"\" class=\"accordions-head head17102519770 border-none\" toggle-text=\"\" main-text=\"UE 1. G\u00e9om\u00e9trie diff\u00e9rentielle - 7 ECTS -- 54h\">\r\n                                    <span id=\"accordion-icons-17102519770\" class=\"accordion-icons\">\r\n                        <span class=\"accordion-icon-active accordion-plus\"><i class=\"fa fas fa-chevron-up\"><\/i><\/span>\r\n                        <span class=\"accordion-icon-inactive accordion-minus\"><i class=\"fa fas fa-chevron-down\"><\/i><\/span>\r\n                    <\/span>\r\n                    <span id=\"header-text-17102519770\" class=\"accordions-head-title\">UE 1. G\u00e9om\u00e9trie diff\u00e9rentielle - 7 ECTS -- 54h<\/span>\r\n                            <\/div>\r\n            <div class=\"accordion-content content17102519770 \">\r\n                <p><em>(<a href=\"https:\/\/pakzad.univ-tln.fr\/\">R. Pakzad<\/a>) - <\/em>Th\u00e9orie locale et globale des courbes, th\u00e9or\u00e8me de Hopf, th\u00e9orie classique des surfaces, g\u00e9om\u00e9trie intrins\u00e8que des surfaces, theorema egregium, g\u00e9om\u00e9trie et topologie, th\u00e9or\u00e8me de Gauss-Bonnet.<\/p>\n            <\/div>\r\n    \r\n            <div post_id=\"337\" itemcount=\"1\"  header_id=\"header-17102519771\" id=\"header-17102519771\" style=\"\" class=\"accordions-head head17102519771 border-none\" toggle-text=\"\" main-text=\" UE 2. Analyse fonctionnelle et distributions 1 - 7 ECTS -- 54h\">\r\n                                    <span id=\"accordion-icons-17102519771\" class=\"accordion-icons\">\r\n                        <span class=\"accordion-icon-active accordion-plus\"><i class=\"fa fas fa-chevron-up\"><\/i><\/span>\r\n                        <span class=\"accordion-icon-inactive accordion-minus\"><i class=\"fa fas fa-chevron-down\"><\/i><\/span>\r\n                    <\/span>\r\n                    <span id=\"header-text-17102519771\" class=\"accordions-head-title\"> UE 2. Analyse fonctionnelle et distributions 1 - 7 ECTS -- 54h<\/span>\r\n                            <\/div>\r\n            <div class=\"accordion-content content17102519771 \">\r\n                <p style=\"padding-left: 30px;\"><em>(<a href=\"michel.rouleux@univ-tln.fr\">M. Rouleux<\/a>) - <\/em>Espaces de Hilbert, projection orthogonale sur un convexe ferm\u00e9 et cons\u00e9quences, base hilbertienne, convergence faible dans un espace de Hilbert et propri\u00e9t\u00e9s (Bolzano-Weierstrass faible), th\u00e9or\u00e8me de repr\u00e9sentation de Riesz, op\u00e9rateurs lin\u00e9aires continus sur un Hilbert (born\u00e9s), lien avec la convergence faible, op\u00e9rateurs autoadjoints, op\u00e9rateur compact, limite en norme d'op\u00e9rateurs de rang fini, \u00e9l\u00e9ments d'analyse spectrale, localisation du spectre et th\u00e9or\u00e8me de Lax-Milgram, diagonalisation des op\u00e9rateurs compacts autoadjoints, espace de Banach, th\u00e9or\u00e8me de Hahn-Banach, formes lin\u00e9aires continues dans un Banach, convergence faible, th\u00e9or\u00e8me de Banach-Steinhaus et ses cons\u00e9quences, th\u00e9or\u00e8me de l'application ouverte, th\u00e9or\u00e8me du graphe ferm\u00e9.<\/p>\n            <\/div>\r\n    \r\n            <div post_id=\"337\" itemcount=\"2\"  header_id=\"header-17102519772\" id=\"header-17102519772\" style=\"\" class=\"accordions-head head17102519772 border-none\" toggle-text=\"\" main-text=\"UE 3. Probabilit\u00e9s et applications - 7 ECTS -- 54h\">\r\n                                    <span id=\"accordion-icons-17102519772\" class=\"accordion-icons\">\r\n                        <span class=\"accordion-icon-active accordion-plus\"><i class=\"fa fas fa-chevron-up\"><\/i><\/span>\r\n                        <span class=\"accordion-icon-inactive accordion-minus\"><i class=\"fa fas fa-chevron-down\"><\/i><\/span>\r\n                    <\/span>\r\n                    <span id=\"header-text-17102519772\" class=\"accordions-head-title\">UE 3. Probabilit\u00e9s et applications - 7 ECTS -- 54h<\/span>\r\n                            <\/div>\r\n            <div class=\"accordion-content content17102519772 \">\r\n                <p><em>(<a href=\"http:\/\/www.cpt.univ-mrs.fr\/~vaienti\/\">S. Vaienti<\/a>)<\/em> - Rappels espaces probabilis\u00e9e et variables al\u00e9atoires: d\u00e9finitions g\u00e9n\u00e9rales, propri\u00e9t\u00e9 de continuit\u00e9 monotone (Beppo Levi) des probabilit\u00e9s, lemme de Borel-Cantelli, th\u00e9or\u00e8me des classes monotones et des classes de Dynkin (enonc\u00e9s seulement) et applications, conditions de passage de l'additivit\u00e9 \u00e0 la sigma-additivit\u00e9 (ces notions sont plus \u00e0 expliquer qu'\u00e0 demontrer), proba discr\u00e8tes (caracterisation) et proba absolument continues, fonctions de r\u00e9partition d'une loi de probabilit\u00e9 et son identification \u00e0 cette proba; variables aleatoires: definitions g\u00e9n\u00e9rales, v.a. discrete, v.a. absolument continues, fonctions de r\u00e9partition, densit\u00e9 des v.a. absolument continues, inegalit\u00e9 de Chebychev, th\u00e9oreme de representation de Skorokhod sur l'existence d'une v.a. \u00e0 partir d'une loi donn\u00e9e, calculs sur les lois de probabilit\u00e9, fonctions caracteristique d'une loi de proba; vecteurs gaussiens; convergence des v.a.: convergence presque s\u00fbre, sa caracterisation, covergence en proba, convergence en loi, lien avec la convergence des fonctions de repartition et avec la convergence des fonctions caracteristiques, lemme de Portemanteau-Alexandrov et lemme de Levy-Cramer, th\u00e9oreme de Paul Levy, theoreme de representation de Skorokhod sur le lien convergence en loi convergence en proba (ou presque s\u00fbre); esperance conditionnelle; th\u00e9or\u00e8mes limites: lois des grands nombres et theoreme central-limite, grandes deviations pour les v.a. de Bernoulli; quelques notions sur les marches al\u00e9atoires et cha\u00eenes de Markov, construction du mouvement Brownien.<\/p>\n            <\/div>\r\n    \r\n            <div post_id=\"337\" itemcount=\"3\"  header_id=\"header-17102519773\" id=\"header-17102519773\" style=\"\" class=\"accordions-head head17102519773 border-none\" toggle-text=\"\" main-text=\"UE 4. Th\u00e9orie des repr\u00e9sentations - 6 ECTS - 54h\">\r\n                                    <span id=\"accordion-icons-17102519773\" class=\"accordion-icons\">\r\n                        <span class=\"accordion-icon-active accordion-plus\"><i class=\"fa fas fa-chevron-up\"><\/i><\/span>\r\n                        <span class=\"accordion-icon-inactive accordion-minus\"><i class=\"fa fas fa-chevron-down\"><\/i><\/span>\r\n                    <\/span>\r\n                    <span id=\"header-text-17102519773\" class=\"accordions-head-title\">UE 4. Th\u00e9orie des repr\u00e9sentations - 6 ECTS - 54h<\/span>\r\n                            <\/div>\r\n            <div class=\"accordion-content content17102519773 \">\r\n                <p><em>(<a href=\"joachim.asch@univ-tln.fr\">J. Asch<\/a> et <a href=\"http:\/\/iml.univ-mrs.fr\/~aubry\/aubry.html\" target=\"top\">Y. Aubry<\/a>)<\/em>\u00a0- Groupes de Lie matriciels: d\u00e9finitions, groupes classiques, compacit\u00e9, connexit\u00e9, homomorphismes; alg\u00e8bres de Lie et applications exponentielle : exponentielle matricielle, alg\u00e8bres de Lie, alg\u00e8bres de Lie abstraites,\u00a0 complexification; alg\u00e8bres vs. groupes de Lie : formule de Baker-Campbell-Hausdorff,\u00a0 homomorphismes de groupes et d'alg\u00e8bres de Lie; th\u00e9orie \u00e9l\u00e9mentaire des repr\u00e9sentations: d\u00e9finitions, exemples, lemme de Schur, somme directe de repr\u00e9sentations; repr\u00e9sentations irr\u00e9ductibles de SU(2) : construction de repr\u00e9sentations de SU(2), repr\u00e9sentations irr\u00e9ductibles de su(2), repr\u00e9sentations de groupes vs. repr\u00e9sentations d'alg\u00e8bres de Lie.<\/p>\n            <\/div>\r\n    \r\n            <div post_id=\"337\" itemcount=\"4\"  header_id=\"header-17102519774\" id=\"header-17102519774\" style=\"\" class=\"accordions-head head17102519774 border-none\" toggle-text=\"\" main-text=\"UE 5. Langue \/ TICE - 3 ECTS -- 28h\">\r\n                                    <span id=\"accordion-icons-17102519774\" class=\"accordion-icons\">\r\n                        <span class=\"accordion-icon-active accordion-plus\"><i class=\"fa fas fa-chevron-up\"><\/i><\/span>\r\n                        <span class=\"accordion-icon-inactive accordion-minus\"><i class=\"fa fas fa-chevron-down\"><\/i><\/span>\r\n                    <\/span>\r\n                    <span id=\"header-text-17102519774\" class=\"accordions-head-title\">UE 5. Langue \/ TICE - 3 ECTS -- 28h<\/span>\r\n                            <\/div>\r\n            <div class=\"accordion-content content17102519774 \">\r\n                <p><strong>Anglais - 2 ECTS -- 18h<\/strong><\/p>\n<p><em>(<a href=\"http:\/\/babel.univ-tln.fr\/2010\/12\/frederic-armao\/\" target=\"top\">F. Armao<\/a>)<\/em> - Ce cours a pour but de d\u00e9velopper les cinq comp\u00e9tences d'anglais: compr\u00e9hension orale, expression orale, interaction orale, compr\u00e9hension \u00e9crite, expression \u00e9crite. Pour ce faire, il sera demand\u00e9 aux \u00e9tudiants d'effectuer des expos\u00e9s oraux sur un sujet relatif \u00e0 l'anglais scientifique (des pr\u00e9cisions seront apport\u00e9es au premier cours, auquel il est indispensable d'assister) et de d\u00e9battre sur ces sujets. De m\u00eame, le travail \u00e9voluera autour de th\u00e9matiques scientifiques exploit\u00e9es \u00e0 travers le prisme de vid\u00e9o et de documents \u00e9crits en anglais. Une participation active et, \u00e0 l'\u00e9vidence, l'assiduit\u00e9 des \u00e9tudiants sont n\u00e9cessaires \u00e0 la r\u00e9ussite de cette UE.<\/p>\n<hr \/>\n<p><strong>TICE - 1 ECTS -- 10h<\/strong><\/p>\n<p><em>(<a href=\"http:\/\/champion.univ-tln.fr\">T. Champion<\/a>)<\/em> LATEX est un syst\u00e8me de pr\u00e9paration de documents qui occupe une position dominante parmi les scientifiques pour la r\u00e9alisation de livres, d'articles de recherche, de pr\u00e9sentations vid\u00e9oprojet\u00e9es, de polycopi\u00e9s de cours, de feuilles d'exercices, de notes de travail. Le but de ce cours est de guider le nouvel utilisateur de LATEX pour une prise en main efficace. Le module est organis\u00e9 en 4 s\u00e9ances de cours-TP de 2h30.<\/p>\n            <\/div>\r\n    <\/div>\r\n\r\n\r\n\r\n            <\/div>\n<h3 style=\"text-align: center\"><em>Semestre <\/em><em>2<\/em><em><br \/>\n<\/em><\/h3>\n<div id=\"accordions-341\" class=\"accordions-341 accordions\" data-accordions={&quot;lazyLoad&quot;:false,&quot;id&quot;:&quot;341&quot;,&quot;event&quot;:&quot;click&quot;,&quot;collapsible&quot;:&quot;true&quot;,&quot;heightStyle&quot;:&quot;content&quot;,&quot;animateStyle&quot;:&quot;swing&quot;,&quot;animateDelay&quot;:1000,&quot;navigation&quot;:true,&quot;active&quot;:999,&quot;expandedOther&quot;:&quot;no&quot;}>\r\n                <div class=\"items\" >\r\n    \r\n            <div post_id=\"341\" itemcount=\"0\"  header_id=\"header-17102522040\" id=\"header-17102522040\" style=\"\" class=\"accordions-head head17102522040 border-none\" toggle-text=\"\" main-text=\"UE 6. Analyse fonctionnelle et distributions 2 - 7 ECTS -- 54h\">\r\n                                    <span id=\"accordion-icons-17102522040\" class=\"accordion-icons\">\r\n                        <span class=\"accordion-icon-active accordion-plus\"><i class=\"fa fas fa-chevron-up\"><\/i><\/span>\r\n                        <span class=\"accordion-icon-inactive accordion-minus\"><i class=\"fa fas fa-chevron-down\"><\/i><\/span>\r\n                    <\/span>\r\n                    <span id=\"header-text-17102522040\" class=\"accordions-head-title\">UE 6. Analyse fonctionnelle et distributions 2 - 7 ECTS -- 54h<\/span>\r\n                            <\/div>\r\n            <div class=\"accordion-content content17102522040 \">\r\n                <p>(<a href=\"http:\/\/www.cpt.univ-mrs.fr\/%7Ebriet\/\" target=\"top\">P. Briet<\/a>) - Espaces de fonctions tests: espaces vectoriels topologiques localement convexes et s\u00e9par\u00e9s, convergence et continuit\u00e9, espaces de fonctions tests les plus importants; distributions: d\u00e9finitions, convergence des suites de distributions; op\u00e9rations \u00e9l\u00e9mentaires sur les distributions: d\u00e9rivation, multiplication par une fonction, support et support singulier; convolution: convolution des fonctions, r\u00e9gularisation, convolution des distributions; solutions fondamentales: d\u00e9fintion, solutions fondamentales d'op\u00e9rateurs diff\u00e9rentiels importants; distributions temp\u00e9r\u00e9es: transformation de Fourier, distributions temp\u00e9r\u00e9es, transformations de Fourier pour les distributions temp\u00e9r\u00e9es, applications.<\/p>\n            <\/div>\r\n    \r\n            <div post_id=\"341\" itemcount=\"1\"  header_id=\"header-17102522041\" id=\"header-17102522041\" style=\"\" class=\"accordions-head head17102522041 border-none\" toggle-text=\"\" main-text=\"UE7.  Approximation des EDP - 7ECTS -- 54h\">\r\n                                    <span id=\"accordion-icons-17102522041\" class=\"accordion-icons\">\r\n                        <span class=\"accordion-icon-active accordion-plus\"><i class=\"fa fas fa-chevron-up\"><\/i><\/span>\r\n                        <span class=\"accordion-icon-inactive accordion-minus\"><i class=\"fa fas fa-chevron-down\"><\/i><\/span>\r\n                    <\/span>\r\n                    <span id=\"header-text-17102522041\" class=\"accordions-head-title\">UE7.  Approximation des EDP - 7ECTS -- 54h<\/span>\r\n                            <\/div>\r\n            <div class=\"accordion-content content17102522041 \">\r\n                <p><em>(<a href=\"https:\/\/pakzad.univ-tln.fr\/\">R. Pakzad<\/a>, <a href=\"http:\/\/galusins.univ-tln.fr\/\">C. Galusinski<\/a>)<\/em>\u00a0- Approximation des EDP elliptiques (diff\u00e9rences finies, \u00e9l\u00e9ments finis, volumes finis); probl\u00e8mes d'\u00e9volution et stabilit\u00e9 (probl\u00e8mes paraboliques et hyperboliques); applications en restauration d'images.<\/p>\n            <\/div>\r\n    \r\n            <div post_id=\"341\" itemcount=\"2\"  header_id=\"header-17102522042\" id=\"header-17102522042\" style=\"\" class=\"accordions-head head17102522042 border-none\" toggle-text=\"\" main-text=\"UE 8.  Recherche th\u00e8me laboratoires - 6ECTS -- 60h\">\r\n                                    <span id=\"accordion-icons-17102522042\" class=\"accordion-icons\">\r\n                        <span class=\"accordion-icon-active accordion-plus\"><i class=\"fa fas fa-chevron-up\"><\/i><\/span>\r\n                        <span class=\"accordion-icon-inactive accordion-minus\"><i class=\"fa fas fa-chevron-down\"><\/i><\/span>\r\n                    <\/span>\r\n                    <span id=\"header-text-17102522042\" class=\"accordions-head-title\">UE 8.  Recherche th\u00e8me laboratoires - 6ECTS -- 60h<\/span>\r\n                            <\/div>\r\n            <div class=\"accordion-content content17102522042 \">\r\n                <p><strong>Analyse appliqu\u00e9e - 3 ECTS -- 30h<\/strong><\/p>\n<p><em>(J.-J. Alibert)<\/em> - Minimisation d'une fonctionnelle convexe (en particulier d'une fonctionnelle quadratique positive) sur une partie convexe ferm\u00e9e d'un espace de Hilbert, caract\u00e9risation des solutions par in\u00e9galit\u00e9 variationnelle; espaces de Lebesgue et de Sobolev (en dimension 1) poss\u00e9dant une structure Hilbertienne, \u00e9tude compl\u00e8te d'une grande vari\u00e9t\u00e9 de probl\u00e8mes d'optimisations.<\/p>\n<p><strong>Physique math\u00e9matique - 3 ECTS -- 30h<\/strong><\/p>\n<p><em>(<a href=\"michel.rouleux@univ-tln.fr\">M. Rouleux<\/a>)<\/em>\u00a0- Mod\u00e8les de spins sur reseau en M\u00e9canique Statistique rigoureuse.<br \/>\nMod\u00e8le du champ moyen pour des spins \u00e0 valeurs scalaire sur Z^d: magn\u00e9tisation, limite thermodynamique; Ensembles microcanonique: rappels sur les probabilit\u00e9s, postulat de Gibbs, entropie statistique, sous-additivit\u00e9, concavit\u00e9, crit\u00e8re du maximum d'entropie, fonction de partition, el\u00e9ments de thermodynamique statistique; Autres exemples (cas discret): syst\u00e8mes \u00e0 deux niveaux, \u00e9changes d'\u00e9nergie; Introduction au mod\u00e8le d'Ising; Spins \u00e0 symm\u00e9trie continue sur r\u00e9seau 2-D: mod\u00e8le de Villain, comportement \u00e0 haute temp\u00e9rature, d\u00e9croissance des corr\u00e9lations; Introduction au cas quantique: entropie de Von Neumann.<\/p>\n            <\/div>\r\n    \r\n            <div post_id=\"341\" itemcount=\"3\"  header_id=\"header-17102522043\" id=\"header-17102522043\" style=\"\" class=\"accordions-head head17102522043 border-none\" toggle-text=\"\" main-text=\"UE 9. TER \/ Langue - 10ECTS -- 26h\">\r\n                                    <span id=\"accordion-icons-17102522043\" class=\"accordion-icons\">\r\n                        <span class=\"accordion-icon-active accordion-plus\"><i class=\"fa fas fa-chevron-up\"><\/i><\/span>\r\n                        <span class=\"accordion-icon-inactive accordion-minus\"><i class=\"fa fas fa-chevron-down\"><\/i><\/span>\r\n                    <\/span>\r\n                    <span id=\"header-text-17102522043\" class=\"accordions-head-title\">UE 9. TER \/ Langue - 10ECTS -- 26h<\/span>\r\n                            <\/div>\r\n            <div class=\"accordion-content content17102522043 \">\r\n                <p><strong>Anglais - 2 ECTS -- 18h<\/strong><\/p>\n<p>Voir semestre 1.<\/p>\n<p><strong>Projet collaboratif - 2 ECTS<\/strong><\/p>\n<p>Ce projet, r\u00e9alis\u00e9 en groupes de 2 \u00e0 4 \u00e9tudiants, porte sur un chapitre<br \/>\nnon trait\u00e9 dans l\u2019un des cours, ou un petit projet de mod\u00e9lisation qui peut \u00eatre<br \/>\naussi l\u2019occasion de mettre en oeuvre des m\u00e9thodes num\u00e9riques.<\/p>\n<p><strong>TER ou Stage \u00e0 l'ext\u00e9rieur - 6 ECTS<\/strong><\/p>\n<p>Le TER (Travail Encadr\u00e9 de Recherche) dure 7 \u00e0 8 semaines. Il s\u2019effectue sous la direction d'un chercheur ou enseignant-chercheur dans un laboratoire d\u2019accueil (CPT, IMATH, etc.), dans une \u00e9cole d\u2019ing\u00e9nieurs (<i>SeaTech<\/i>, etc.) ou comme stage dans une entreprise ext\u00e9rieure.<\/p>\n            <\/div>\r\n    <\/div>\r\n\r\n\r\n\r\n            <\/div>\n<p>&nbsp;<\/p>\n<p><strong>UE10<\/strong> : Le TER (Travail Encadr\u00e9 de Recherche) du Master 1 dure 7 \u00e0 8 semaines. Il s\u2019effectue sous la direction d&rsquo;un chercheur ou enseignant-chercheur dans un laboratoire d\u2019accueil (CPT, IMATH, etc.), dans une \u00e9cole d\u2019ing\u00e9nieurs (<i>SeaTech<\/i>, etc.) ou comme stage dans une entreprise ext\u00e9rieure.<\/p>\n","protected":false},"excerpt":{"rendered":"<p>Contenus des enseignements Semestre 1 Semestre 2 &nbsp; UE10 : Le TER (Travail Encadr\u00e9 de Recherche) du Master 1 dure 7 \u00e0 8 semaines. Il s\u2019effectue sous la direction d&rsquo;un chercheur ou enseignant-chercheur dans un laboratoire d\u2019accueil (CPT, IMATH, etc.), dans une \u00e9cole d\u2019ing\u00e9nieurs (SeaTech, etc.) ou comme stage dans une entreprise ext\u00e9rieure.<\/p>\n","protected":false},"author":11,"featured_media":0,"parent":0,"menu_order":0,"comment_status":"closed","ping_status":"closed","template":"","meta":{"ngg_post_thumbnail":0,"footnotes":""},"class_list":["post-315","page","type-page","status-publish","hentry"],"_links":{"self":[{"href":"https:\/\/sites.univ-tln.fr\/master-math\/wp-json\/wp\/v2\/pages\/315","targetHints":{"allow":["GET"]}}],"collection":[{"href":"https:\/\/sites.univ-tln.fr\/master-math\/wp-json\/wp\/v2\/pages"}],"about":[{"href":"https:\/\/sites.univ-tln.fr\/master-math\/wp-json\/wp\/v2\/types\/page"}],"author":[{"embeddable":true,"href":"https:\/\/sites.univ-tln.fr\/master-math\/wp-json\/wp\/v2\/users\/11"}],"replies":[{"embeddable":true,"href":"https:\/\/sites.univ-tln.fr\/master-math\/wp-json\/wp\/v2\/comments?post=315"}],"version-history":[{"count":7,"href":"https:\/\/sites.univ-tln.fr\/master-math\/wp-json\/wp\/v2\/pages\/315\/revisions"}],"predecessor-version":[{"id":609,"href":"https:\/\/sites.univ-tln.fr\/master-math\/wp-json\/wp\/v2\/pages\/315\/revisions\/609"}],"wp:attachment":[{"href":"https:\/\/sites.univ-tln.fr\/master-math\/wp-json\/wp\/v2\/media?parent=315"}],"curies":[{"name":"wp","href":"https:\/\/api.w.org\/{rel}","templated":true}]}}