{"id":17,"date":"2016-06-30T12:57:06","date_gmt":"2016-06-30T11:57:06","guid":{"rendered":"http:\/\/sites.univ-tln.fr\/master-math\/?page_id=17"},"modified":"2025-10-24T18:29:36","modified_gmt":"2025-10-24T16:29:36","slug":"presentation-du-master-mathematiques","status":"publish","type":"page","link":"https:\/\/sites.univ-tln.fr\/master-math\/fr\/presentation-du-master-mathematiques\/","title":{"rendered":"Pr\u00e9sentation du master Math\u00e9matiques"},"content":{"rendered":"<div class=\"ametys-richtext ametys-limited-content__body g-font-size-16\">\n<p>Le master est tourn\u00e9 vers les <strong>Math\u00e9matiques fondamentales et appliqu\u00e9es<\/strong> et s\u2019adresse \u00e0 un public universitaire (formation licence de Math\u00e9matiques). Les \u00e9tudiants d\u2019\u00e9cole d\u2019ing\u00e9nieur peuvent \u00e9galement s\u2019inscrire pour compl\u00e9ter leur formation.<\/p>\n<p><strong>Pr\u00e9sentation du Parcours Math\u00e9matiques fondamentales de la m\u00e9canique et des syst\u00e8mes quantiques.<br \/>\n<\/strong><\/p>\n<p>Les th\u00e9matiques de ce master couvrent un spectre large des Math\u00e9matiques fondamentales et appliqu\u00e9es represent\u00e9es, entre autres, dans les laboratoires CPT et IMATH de l\u2019Universit\u00e9 de Toulon. Le master est ax\u00e9 sur la m\u00e9canique comme une discipline math\u00e9matique, dans tous ses aspects :<\/p>\n<ul class=\"disc\">\n<li>M\u00e9canique classique<\/li>\n<li>M\u00e9canique quantique<\/li>\n<li>M\u00e9canique des solides d\u00e9formables<\/li>\n<li>M\u00e9canique statistique<\/li>\n<\/ul>\n<p>Les domaines math\u00e9matiques concern\u00e9s, qui couvrent un large spectre de l\u2019analyse appliqu\u00e9e et de la physique math\u00e9matique, sont :<\/p>\n<ul>\n<li>Analyse des EDP<\/li>\n<li>Analyse fonctionnelle<\/li>\n<li>G\u00e9om\u00e9trie diff\u00e9rentielle<\/li>\n<li>Analyse spectrale et alg\u00e8bres d\u2019op\u00e9rateurs<\/li>\n<li>Syst\u00e8mes dynamiques<\/li>\n<li>Calcul des variations<\/li>\n<li>Calcul scientifique et optimisation<\/li>\n<li>Probabilit\u00e9s et processus stochastiques<\/li>\n<\/ul>\n<\/div>\n<div class=\"ametys-richtext ametys-limited-content__body g-font-size-16 ametys-limited-content__body--destoryed\">\n<p><strong>Objectifs.<\/strong><\/p>\n<p>Cette formation a pour objectif de fournir \u00e0 l\u2019\u00e9tudiant&nbsp; des connaissances sur les&nbsp; fondations math\u00e9matiques de la m\u00e9canique au sens large, et des outils et m\u00e9thodes math\u00e9matiques de haut niveau,&nbsp; afin qu\u2019il ait la capacit\u00e9 \u00e0 mod\u00e9liser math\u00e9matiquement un ph\u00e9nom\u00e8ne physique, l\u2019analyser, et \u00e9ventuellement le simuler par des calculs sur machine.<\/p>\n<p>L\u2019\u00e9tudiant aura la possibilit\u00e9 de poursuivre une carri\u00e8re acad\u00e9mique afin d\u2019obtenir&nbsp; un doctorat dans un des domaines de th\u00e9matiques&nbsp; du parcours.&nbsp; Il pourra aussi \u00e9largir son parcours vers des comp\u00e9tences plus num\u00e9riques, en lien avec le calcul scientifique, l\u2019apprentissage machine et l\u2019IA, par l\u2019interm\u00e9diaire d\u2019un TER\/STAGE. Celui-ci pourra se d\u00e9rouler au sein de l\u2019Universit\u00e9 de Toulon (par exemple dans les laboratoires CPT, Cosmer. IMATH ou LIS), ou dans des \u00e9tablissement \u00e0 caract\u00e8re industriel et dans les entreprises priv\u00e9es.<\/p>\n<\/div>\n<p><strong>Admission.<\/strong><\/p>\n<p>Consulter la page d\u00e9di\u00e9e sur le site <a href=\"https:\/\/formations.univ-tln.fr\/fr\/offre-de-formation\/master-XB\/master-mathematiques-et-applications-LO8RHNK3\/master-mathematiques-et-applications-parcours-mathematiques-fondamentales-de-la-mecanique-et-des-systemes-quantiques-LTD160E8.html\">formations de l&rsquo;UTLN<\/a>.<\/p>\n<p>&nbsp;<\/p>\n<p>&nbsp;<\/p>\n<p>&nbsp;<\/p>\n","protected":false},"excerpt":{"rendered":"<p>Le master est tourn\u00e9 vers les Math\u00e9matiques fondamentales et appliqu\u00e9es et s\u2019adresse \u00e0 un public universitaire (formation licence de Math\u00e9matiques). Les \u00e9tudiants d\u2019\u00e9cole d\u2019ing\u00e9nieur peuvent \u00e9galement s\u2019inscrire pour compl\u00e9ter leur formation. Pr\u00e9sentation du Parcours Math\u00e9matiques fondamentales de la m\u00e9canique et des syst\u00e8mes quantiques. Les th\u00e9matiques de ce master couvrent un spectre large des Math\u00e9matiques fondamentales [&hellip;]<\/p>\n","protected":false},"author":1,"featured_media":0,"parent":0,"menu_order":0,"comment_status":"closed","ping_status":"closed","template":"","meta":{"ngg_post_thumbnail":0,"footnotes":""},"class_list":["post-17","page","type-page","status-publish","hentry"],"_links":{"self":[{"href":"https:\/\/sites.univ-tln.fr\/master-math\/wp-json\/wp\/v2\/pages\/17","targetHints":{"allow":["GET"]}}],"collection":[{"href":"https:\/\/sites.univ-tln.fr\/master-math\/wp-json\/wp\/v2\/pages"}],"about":[{"href":"https:\/\/sites.univ-tln.fr\/master-math\/wp-json\/wp\/v2\/types\/page"}],"author":[{"embeddable":true,"href":"https:\/\/sites.univ-tln.fr\/master-math\/wp-json\/wp\/v2\/users\/1"}],"replies":[{"embeddable":true,"href":"https:\/\/sites.univ-tln.fr\/master-math\/wp-json\/wp\/v2\/comments?post=17"}],"version-history":[{"count":9,"href":"https:\/\/sites.univ-tln.fr\/master-math\/wp-json\/wp\/v2\/pages\/17\/revisions"}],"predecessor-version":[{"id":646,"href":"https:\/\/sites.univ-tln.fr\/master-math\/wp-json\/wp\/v2\/pages\/17\/revisions\/646"}],"wp:attachment":[{"href":"https:\/\/sites.univ-tln.fr\/master-math\/wp-json\/wp\/v2\/media?parent=17"}],"curies":[{"name":"wp","href":"https:\/\/api.w.org\/{rel}","templated":true}]}}