{"id":119,"date":"2016-07-19T15:02:56","date_gmt":"2016-07-19T13:02:56","guid":{"rendered":"http:\/\/sites.univ-tln.fr\/master-math\/?page_id=119"},"modified":"2018-12-05T16:33:43","modified_gmt":"2018-12-05T14:33:43","slug":"master-2e-annee-quad0812","status":"publish","type":"page","link":"https:\/\/sites.univ-tln.fr\/master-math\/fr\/master-2e-annee-quad0812\/","title":{"rendered":"Master 2\u00e8me ann\u00e9e &#8211; quadriennal 2008-2012"},"content":{"rendered":"<h2>Contenus des enseignements<\/h2>\n<table class=\"spip\">\n<thead>\n<tr class=\"row_first\">\n<th id=\"idd4e9_c0\">SEMESTRE 3<\/th>\n<th id=\"idd4e9_c1\"><\/th>\n<th id=\"idd4e9_c2\"><\/th>\n<\/tr>\n<\/thead>\n<thead>\n<tr class=\"row_first\">\n<th id=\"idd4e9_c0\">Unit\u00e9 d\u2019enseignement<\/th>\n<th id=\"idd4e9_c1\">ECTS<\/th>\n<th id=\"idd4e9_c2\">Vol. Horaire<\/th>\n<\/tr>\n<\/thead>\n<tbody>\n<tr class=\"row_odd odd\">\n<th id=\"idd4e9_l0\" headers=\"idd4e9_c0\">UE1 Th\u00e9orie des op\u00e9rateurs<\/th>\n<td headers=\"idd4e9_c1 idd4e9_l0\">5 ects<\/td>\n<td headers=\"idd4e9_c2 idd4e9_l0\">20h<\/td>\n<\/tr>\n<tr class=\"row_even even\">\n<th id=\"idd4e9_l1\" headers=\"idd4e9_c0\">UE2 Analyse variationnelle des EDP<\/th>\n<td headers=\"idd4e9_c1 idd4e9_l1\">5 ects<\/td>\n<td headers=\"idd4e9_c2 idd4e9_l1\">20h<\/td>\n<\/tr>\n<tr class=\"row_odd odd\">\n<th id=\"idd4e9_l2\" headers=\"idd4e9_c0\">UE3 Syst\u00e8mes dynamiques<\/th>\n<td headers=\"idd4e9_c1 idd4e9_l2\">5 ects<\/td>\n<td headers=\"idd4e9_c2 idd4e9_l2\">20h<\/td>\n<\/tr>\n<tr class=\"row_even even\">\n<th id=\"idd4e9_l3\" headers=\"idd4e9_c0\">UE4 Corps finis et leurs applications<\/th>\n<td headers=\"idd4e9_c1 idd4e9_l3\">5 ects<\/td>\n<td headers=\"idd4e9_c2 idd4e9_l3\">20h<\/td>\n<\/tr>\n<tr class=\"row_odd odd\">\n<th id=\"idd4e9_l4\" headers=\"idd4e9_c0\">UE5 Analyse spectrale<\/th>\n<td headers=\"idd4e9_c1 idd4e9_l4\">5 ects<\/td>\n<td headers=\"idd4e9_c2 idd4e9_l4\">20h<\/td>\n<\/tr>\n<tr class=\"row_even even\">\n<th id=\"idd4e9_l5\" headers=\"idd4e9_c0\">UE6 Analyse num\u00e9rique<\/th>\n<td headers=\"idd4e9_c1 idd4e9_l5\">5 ects<\/td>\n<td headers=\"idd4e9_c2 idd4e9_l5\">20h<\/td>\n<\/tr>\n<\/tbody>\n<\/table>\n<table class=\"spip\">\n<thead>\n<tr class=\"row_first\">\n<th id=\"idc2a0_c0\">SEMESTRE 4<\/th>\n<th id=\"idc2a0_c1\"><\/th>\n<th id=\"idc2a0_c2\"><\/th>\n<\/tr>\n<\/thead>\n<thead>\n<tr class=\"row_first\">\n<th id=\"idc2a0_c0\">Unit\u00e9 d\u2019enseignement<\/th>\n<th id=\"idc2a0_c1\">ECTS<\/th>\n<th id=\"idc2a0_c2\">Vol. Horaire<\/th>\n<\/tr>\n<\/thead>\n<tbody>\n<tr class=\"row_odd odd\">\n<td headers=\"idc2a0_c0\"><strong>UE7 Option <\/strong><\/td>\n<td headers=\"idc2a0_c1\">10 ects<\/td>\n<td headers=\"idc2a0_c2\">40h<\/td>\n<\/tr>\n<tr class=\"row_even even\">\n<td headers=\"idc2a0_c0\">Option 1<br class=\"autobr\" \/> Option 2<\/td>\n<td headers=\"idc2a0_c1\"><\/td>\n<\/tr>\n<tr class=\"row_odd odd\">\n<td headers=\"idc2a0_c0\"><strong>UE8 TER<\/strong><\/td>\n<td headers=\"idc2a0_c1\">17 ects<\/td>\n<td headers=\"idc2a0_c2\">4h<\/td>\n<\/tr>\n<tr class=\"row_even even\">\n<td headers=\"idc2a0_c0\"><strong>UE9 Anglais scientifique<\/strong><\/td>\n<td headers=\"idc2a0_c1\">3 ects<\/td>\n<td headers=\"idc2a0_c2\">4h<\/td>\n<\/tr>\n<\/tbody>\n<\/table>\n<h2>Informations TER<\/h2>\n<p>La dur\u00e9e du TER (Travail Encadr\u00e9 de Recherche) du M2 est de 3 mois. Il s\u2019effectue principalement dans un des deux laboratoires d\u2019accueil qui sont le CPT (sur le campus de La Garde et sur le campus de Luminy \u00e0 Marseille) et l\u2019IMATH (sur le campus de La Garde) ou, comme stage, dans une entreprise ext\u00e9rieure.<\/p>\n","protected":false},"excerpt":{"rendered":"<p>Contenus des enseignements SEMESTRE 3 Unit\u00e9 d\u2019enseignement ECTS Vol. Horaire UE1 Th\u00e9orie des op\u00e9rateurs 5 ects 20h UE2 Analyse variationnelle des EDP 5 ects 20h UE3 Syst\u00e8mes dynamiques 5 ects 20h UE4 Corps finis et leurs applications 5 ects 20h UE5 Analyse spectrale 5 ects 20h UE6 Analyse num\u00e9rique 5 ects 20h SEMESTRE 4 Unit\u00e9 [&hellip;]<\/p>\n","protected":false},"author":11,"featured_media":0,"parent":0,"menu_order":0,"comment_status":"closed","ping_status":"closed","template":"","meta":{"ngg_post_thumbnail":0,"footnotes":""},"class_list":["post-119","page","type-page","status-publish","hentry"],"_links":{"self":[{"href":"https:\/\/sites.univ-tln.fr\/master-math\/wp-json\/wp\/v2\/pages\/119","targetHints":{"allow":["GET"]}}],"collection":[{"href":"https:\/\/sites.univ-tln.fr\/master-math\/wp-json\/wp\/v2\/pages"}],"about":[{"href":"https:\/\/sites.univ-tln.fr\/master-math\/wp-json\/wp\/v2\/types\/page"}],"author":[{"embeddable":true,"href":"https:\/\/sites.univ-tln.fr\/master-math\/wp-json\/wp\/v2\/users\/11"}],"replies":[{"embeddable":true,"href":"https:\/\/sites.univ-tln.fr\/master-math\/wp-json\/wp\/v2\/comments?post=119"}],"version-history":[{"count":3,"href":"https:\/\/sites.univ-tln.fr\/master-math\/wp-json\/wp\/v2\/pages\/119\/revisions"}],"predecessor-version":[{"id":349,"href":"https:\/\/sites.univ-tln.fr\/master-math\/wp-json\/wp\/v2\/pages\/119\/revisions\/349"}],"wp:attachment":[{"href":"https:\/\/sites.univ-tln.fr\/master-math\/wp-json\/wp\/v2\/media?parent=119"}],"curies":[{"name":"wp","href":"https:\/\/api.w.org\/{rel}","templated":true}]}}