{"id":1192,"date":"2018-04-14T14:15:05","date_gmt":"2018-04-14T12:15:05","guid":{"rendered":"http:\/\/sites.univ-tln.fr\/master-materiaux\/?page_id=1192"},"modified":"2019-04-09T09:54:13","modified_gmt":"2019-04-09T07:54:13","slug":"offres-de-these","status":"publish","type":"page","link":"https:\/\/sites.univ-tln.fr\/master-materiaux\/offres-de-these\/","title":{"rendered":"Offres de th\u00e8se"},"content":{"rendered":"<p>Les liens les plus importants pour la recherche de laboratoire d&rsquo;accueil et de sujets de th\u00e8se :<\/p>\n<ul>\n<li>association Bernard Gregory : <a href=\"https:\/\/www.abg.asso.fr\/fr\/\">ici<\/a><\/li>\n<li>Groupe Fran\u00e7ais des polym\u00e8res : <a href=\"https:\/\/www.gfp.asso.fr\/propositions-de-theses\">ici<\/a><\/li>\n<li>campusfrance : <a href=\"https:\/\/doctorat.campusfrance.org\/phd\/offers\">l\u00e0<\/a><\/li>\n<\/ul>\n<p>Les Groupements de Recherche offrent de nombreuses opportunit\u00e9s \u00e9galement :<\/p>\n<p>GDR oxyfun dans le domaine des mat\u00e9riaux oxydes fonctionnels : <a href=\"http:\/\/inl.cnrs.fr\/gdr-oxyfun\/index.php\/fr\/emplois\">emplois <\/a><\/p>\n<p>GDR LIPS dans le domaine tr\u00e8s actif des liquides ioniques et des polym\u00e8res : <a href=\"http:\/\/gdr-lips.cnrs.fr\/fr\/category\/emploi\">offres stages, th\u00e8ses, post-doc<\/a><\/p>\n<p>Retrouvez \u00e9galement les offres de th\u00e8ses transmises par nos coll\u00e8gues pour diffusion dans le tableau ci-dessous.<\/p>\n<p><span style=\"color: #ff6600\">ANNEE 2019<\/span><\/p>\n\n<table id=\"tablepress-7\" class=\"tablepress tablepress-id-7\">\n<thead>\n<tr class=\"row-1\">\n\t<th class=\"column-1\">Titre<\/th><th class=\"column-2\">Universit\u00e9s<\/th><th class=\"column-3\">Candidature<\/th><th class=\"column-4\">email<\/th><th class=\"column-5\">financement<\/th>\n<\/tr>\n<\/thead>\n<tbody class=\"row-striping row-hover\">\n<tr class=\"row-2\">\n\t<td class=\"column-1\"><a href=\"http:\/\/sites.univ-tln.fr\/master-materiaux\/wp-content\/uploads\/sites\/22\/2019\/05\/cd_2019_mapiem_perrinfx.pdf\">Etude des interphases dans des rev\u00eatements auto-r\u00e9parables \u00e0 base de nano-pigments lamellaires <\/a><\/td><td class=\"column-2\">Universit\u00e9 de Toulon<\/td><td class=\"column-3\">CV, LM<\/td><td class=\"column-4\">directeur.mapiem@univ-tln.fr<\/td><td class=\"column-5\">contrat doctoral<\/td>\n<\/tr>\n<tr class=\"row-3\">\n\t<td class=\"column-1\"><a href=\"http:\/\/sites.univ-tln.fr\/master-materiaux\/wp-content\/uploads\/sites\/22\/2019\/04\/2019-Annonce_Th\u00e8se_CEA-Batterie-Lithium-Metal-Polymere.pdf\">Batteries \u00ab Lithium m\u00e9tal polym\u00e8re \u00bb :<br \/>\nVers un Fonctionnement \u00e0 Temp\u00e9rature Ambiante<\/a><\/td><td class=\"column-2\">CEA Grenoble<\/td><td class=\"column-3\">LM, CV, contact<\/td><td class=\"column-4\">Jean-Marc Zanotti : jmzanotti@cea.fr<br \/>\nRapha\u00ebl Ramos<br \/>\n raphael.ramos@cea.fr<\/td><td class=\"column-5\">CEA<\/td>\n<\/tr>\n<tr class=\"row-4\">\n\t<td class=\"column-1\"><a href=\"http:\/\/sites.univ-tln.fr\/master-materiaux\/wp-content\/uploads\/sites\/22\/2019\/04\/2019-Annonce_Th\u00e8se_CNRS-CEA-ICR-smart-membranes.pdf\">\u201cSmart membranes\u201d pour batteries Lithium-M\u00e9tal-Polym\u00e8re<\/a><\/td><td class=\"column-2\">Institut de Chimie Radicalaire (ICR-Marseille) - CEA Grenoble<\/td><td class=\"column-3\">LM, CV, contact <\/td><td class=\"column-4\">Quentin Berrod  quentin.berrod@cea.fr<br \/>\n<br \/>\nJean-Marc Zanotti : jmzanotti@cea.fr<br \/>\n<br \/>\nDidier Gigmes  didier.gigmes@univ-amu.fr<\/td><td class=\"column-5\">CNRS<\/td>\n<\/tr>\n<tr class=\"row-5\">\n\t<td class=\"column-1\"><a href=\"http:\/\/sites.univ-tln.fr\/master-materiaux\/wp-content\/uploads\/sites\/22\/2019\/03\/alloc-2019-fiche-subject-P.Bonnet-M.Sarakha1.pdf\">New fluorinated compounds for energy and environment : applications for the photogeneration of dihydrogen and and photodecontamination of  water<\/a><\/td><td class=\"column-2\">Institut de Chimie de Clermont-Ferrand - Universit\u00e9 Clermont Auvergne<\/td><td class=\"column-3\">Institut de Chimie de Clermont-Ferrand - Universit\u00e9 Clermont Auvergne<\/td><td class=\"column-4\">Pierre Bonnet et Mohamed Sarakha<br \/>\n<br \/>\npierre.bonnet@uca.fr<br \/>\n<br \/>\nmohamed.sarakha@uca.fr<\/td><td class=\"column-5\">contrat doctoral<\/td>\n<\/tr>\n<tr class=\"row-6\">\n\t<td class=\"column-1\"><a href=\"http:\/\/sites.univ-tln.fr\/master-materiaux\/wp-content\/uploads\/sites\/22\/2019\/03\/sujet-th\u00e8se-Institut-Pascal-Clermont-polym\u00e8reebiosourc\u00e9.pdf\">D\u00e9veloppement d'un polym\u00e8re biosourc\u00e9 \u00e0 partir de linigne en vue de sa mise en oeuvre par extrusion et injection plastique<\/a><\/td><td class=\"column-2\">Institut Pascal - Clermont-Ferrand UMR 6602 - Universit\u00e9 Clermont Auvergne<\/td><td class=\"column-3\">LM, CV, relev\u00e9s de notes<\/td><td class=\"column-4\">H\u00e9l\u00e8ne DE BAYNAST  helene.de_baynast@uca.fr Tel : 00+33(0)4 73 40 52 65<\/td><td class=\"column-5\">contrat doctoral<\/td>\n<\/tr>\n<tr class=\"row-7\">\n\t<td class=\"column-1\"><a href=\"http:\/\/sites.univ-tln.fr\/master-materiaux\/wp-content\/uploads\/sites\/22\/2018\/12\/these-thermique-bitume-2019-CEA-Marcoules.pdf\">Evolutions physico-chimiques d\u2019enrob\u00e9s bitumineux de d\u00e9chets radioactifs et cons\u00e9quence sur leur comportement thermique<\/a><\/td><td class=\"column-2\">CEA Marcoules - Institut de chimie de l'universit\u00e9 de Nice<\/td><td class=\"column-3\">Prendre contact<\/td><td class=\"column-4\">St\u00e9phane PERRIN steph.perrin@cea.fr <br \/>\n<br \/>\nAdeline Dannoux Papin adeline.dannoux-papin@cea.fr<\/td><td class=\"column-5\"><\/td>\n<\/tr>\n<\/tbody>\n<\/table>\n<!-- #tablepress-7 from cache -->\n<p><span style=\"color: #ff6600\">ANNEE 2018<\/span><\/p>\n\n<table id=\"tablepress-6\" class=\"tablepress tablepress-id-6\">\n<thead>\n<tr class=\"row-1\">\n\t<th class=\"column-1\">Titre<\/th><th class=\"column-2\">Universit\u00e9s<\/th><th class=\"column-3\">Candidature<\/th><th class=\"column-4\">email<\/th><th class=\"column-5\">financement<\/th>\n<\/tr>\n<\/thead>\n<tbody class=\"row-striping row-hover\">\n<tr class=\"row-2\">\n\t<td class=\"column-1\"><a href=\"http:\/\/sites.univ-tln.fr\/master-materiaux\/wp-content\/uploads\/sites\/22\/2018\/04\/OCP-thesis-Sorbonne-University-Paris-Mezzetti_29March2018-1.pdf\">Interactions between Orange Carotenoid Protein and mesoporous silica.   From fundamental research to the development of photoactivable nanodevices for imaging and artificial photosynthesis<\/a><\/td><td class=\"column-2\">Sorbonne universit\u00e9\/Paris Saclay universit\u00e9<\/td><td class=\"column-3\">18 mai 2018<\/td><td class=\"column-4\">Alberto <br \/>\nMezzetti alberto.mezzetti@upmc.fr<br \/>\n<\/td><td class=\"column-5\">1350 \u20ac <br \/>\neuros\/mois<\/td>\n<\/tr>\n<tr class=\"row-3\">\n\t<td class=\"column-1\"><a href=\"http:\/\/sites.univ-tln.fr\/master-materiaux\/wp-content\/uploads\/sites\/22\/2018\/05\/Version_reduite_These_MNRT_2018.pdf\">Nanotribology of Triboactive Surfaces \u2013 Molecularly-assisted Tuning of Friction Laws in a Multi-asperity Tribocontact<\/a><\/td><td class=\"column-2\">FEMTO-ST - Universit\u00e9 de Franche-Comt\u00e9<\/td><td class=\"column-3\">fin juin 2018<\/td><td class=\"column-4\">philippe.stempfle@ens2m.fr<\/td><td class=\"column-5\">1350 \u20ac <br \/>\neuros\/mois<\/td>\n<\/tr>\n<\/tbody>\n<\/table>\n<!-- #tablepress-6 from cache -->\n<p style=\"text-align: left\">&nbsp;<\/p>\n","protected":false},"excerpt":{"rendered":"<p>Les liens les plus importants pour la recherche de laboratoire d&rsquo;accueil et de sujets de th\u00e8se : association Bernard Gregory : ici Groupe Fran\u00e7ais des polym\u00e8res : ici campusfrance : <a class=\"more-link\" href=\"https:\/\/sites.univ-tln.fr\/master-materiaux\/offres-de-these\/\">En savoir +<\/a><\/p>\n","protected":false},"author":5,"featured_media":0,"parent":0,"menu_order":0,"comment_status":"closed","ping_status":"closed","template":"","meta":{"ngg_post_thumbnail":0,"footnotes":""},"class_list":["post-1192","page","type-page","status-publish","hentry"],"_links":{"self":[{"href":"https:\/\/sites.univ-tln.fr\/master-materiaux\/wp-json\/wp\/v2\/pages\/1192","targetHints":{"allow":["GET"]}}],"collection":[{"href":"https:\/\/sites.univ-tln.fr\/master-materiaux\/wp-json\/wp\/v2\/pages"}],"about":[{"href":"https:\/\/sites.univ-tln.fr\/master-materiaux\/wp-json\/wp\/v2\/types\/page"}],"author":[{"embeddable":true,"href":"https:\/\/sites.univ-tln.fr\/master-materiaux\/wp-json\/wp\/v2\/users\/5"}],"replies":[{"embeddable":true,"href":"https:\/\/sites.univ-tln.fr\/master-materiaux\/wp-json\/wp\/v2\/comments?post=1192"}],"version-history":[{"count":16,"href":"https:\/\/sites.univ-tln.fr\/master-materiaux\/wp-json\/wp\/v2\/pages\/1192\/revisions"}],"predecessor-version":[{"id":1531,"href":"https:\/\/sites.univ-tln.fr\/master-materiaux\/wp-json\/wp\/v2\/pages\/1192\/revisions\/1531"}],"wp:attachment":[{"href":"https:\/\/sites.univ-tln.fr\/master-materiaux\/wp-json\/wp\/v2\/media?parent=1192"}],"curies":[{"name":"wp","href":"https:\/\/api.w.org\/{rel}","templated":true}]}}