{"id":1190,"date":"2018-04-30T10:31:50","date_gmt":"2018-04-30T08:31:50","guid":{"rendered":"http:\/\/sites.univ-tln.fr\/master-materiaux\/?page_id=1190"},"modified":"2018-07-08T18:08:12","modified_gmt":"2018-07-08T16:08:12","slug":"offres-demplois","status":"publish","type":"page","link":"https:\/\/sites.univ-tln.fr\/master-materiaux\/offres-demplois\/","title":{"rendered":"Offres d&#8217;emplois"},"content":{"rendered":"<p>Vous trouverez dans cette rubrique les offres d&#8217;emplois qui nous sont transmises \u00e0 destination des dipl\u00f4m\u00e9s du master <strong>Chimie et Science des Mat\u00e9riaux &#8211; Mat\u00e9riaux, Innovants, Intelligents et Durable (CSMat_MIn3D)<\/strong>.<\/p>\n<p>Avril 2018 :<a href=\"http:\/\/sites.univ-tln.fr\/master-materiaux\/wp-content\/uploads\/sites\/22\/2018\/04\/2018-04-Annonce-Ing\u00e9nieur-Commercial.pdf\">&nbsp;INGENIEUR TECHNICO-COMMERCIAL et CONSEIL&nbsp;INSTRUMENTATION et SERVICES en MESURES PHYSIQUES<\/a> H\/F&nbsp;Bas\u00e9(e) Rh\u00f4ne-Alpes&nbsp;CDI<\/p>\n<p>Avril 2018 :&nbsp;<a href=\"http:\/\/sites.univ-tln.fr\/master-materiaux\/wp-content\/uploads\/sites\/22\/2018\/04\/2018-04-Annonce-Support-technique.pdf\">INGENIEUR SUPPORT TECHNIQUE &amp; MAINTENANCE<\/a> H\/F&nbsp;Bas\u00e9(e) Ile-de-France&nbsp;CDI<\/p>\n<p>Juin 2018 : <a href=\"http:\/\/sites.univ-tln.fr\/master-materiaux\/wp-content\/uploads\/sites\/22\/2018\/07\/2018-06-NAVAL-GROUP-Charg\u00e9-dEtudes-en-Corrosion-Marine-sp\u00e9cialit\u00e9-peinture-H_F.pdf\">CHARG\u00c9 D&rsquo;ETUDES EN CORROSION MARINE, SP\u00c9CIALIT\u00c9 PEINTURE<\/a> H\/F Bas\u00e9(e) Normandie CDI<\/p>\n<p>Juillet 2018 : <a href=\"http:\/\/sites.univ-tln.fr\/master-materiaux\/wp-content\/uploads\/sites\/22\/2018\/07\/2018-07-Annonce-Ing\u00e9nieur-Commercial-Physico-chimie-des-materiaux.pdf\">INGENIEUR TECHNICO-COMMERCIAL Sp\u00e9cialiste INSTRUMENTATION EN PHYSICO-CHIMIE<\/a> H\/F Bas\u00e9(e) Rh\u00f4ne-Alpes CDI<\/p>\n<p>&nbsp;<\/p>\n<p>Quelques offres d&#8217;emplois que nous relayons via nos r\u00e9seaux :<\/p>\n<p>&nbsp;<\/p>\n<p>&nbsp;<\/p>\n<p>&nbsp;<\/p>\n","protected":false},"excerpt":{"rendered":"<p>Vous trouverez dans cette rubrique les offres d&#8217;emplois qui nous sont transmises \u00e0 destination des dipl\u00f4m\u00e9s du master Chimie et Science des Mat\u00e9riaux &#8211; Mat\u00e9riaux, Innovants, Intelligents et Durable (CSMat_MIn3D). <a class=\"more-link\" href=\"https:\/\/sites.univ-tln.fr\/master-materiaux\/offres-demplois\/\">En savoir +<\/a><\/p>\n","protected":false},"author":5,"featured_media":0,"parent":0,"menu_order":0,"comment_status":"closed","ping_status":"closed","template":"","meta":{"ngg_post_thumbnail":0,"footnotes":""},"class_list":["post-1190","page","type-page","status-publish","hentry"],"_links":{"self":[{"href":"https:\/\/sites.univ-tln.fr\/master-materiaux\/wp-json\/wp\/v2\/pages\/1190","targetHints":{"allow":["GET"]}}],"collection":[{"href":"https:\/\/sites.univ-tln.fr\/master-materiaux\/wp-json\/wp\/v2\/pages"}],"about":[{"href":"https:\/\/sites.univ-tln.fr\/master-materiaux\/wp-json\/wp\/v2\/types\/page"}],"author":[{"embeddable":true,"href":"https:\/\/sites.univ-tln.fr\/master-materiaux\/wp-json\/wp\/v2\/users\/5"}],"replies":[{"embeddable":true,"href":"https:\/\/sites.univ-tln.fr\/master-materiaux\/wp-json\/wp\/v2\/comments?post=1190"}],"version-history":[{"count":10,"href":"https:\/\/sites.univ-tln.fr\/master-materiaux\/wp-json\/wp\/v2\/pages\/1190\/revisions"}],"predecessor-version":[{"id":1267,"href":"https:\/\/sites.univ-tln.fr\/master-materiaux\/wp-json\/wp\/v2\/pages\/1190\/revisions\/1267"}],"wp:attachment":[{"href":"https:\/\/sites.univ-tln.fr\/master-materiaux\/wp-json\/wp\/v2\/media?parent=1190"}],"curies":[{"name":"wp","href":"https:\/\/api.w.org\/{rel}","templated":true}]}}