{"id":43,"date":"2019-05-14T10:23:32","date_gmt":"2019-05-14T08:23:32","guid":{"rendered":"http:\/\/sites.univ-tln.fr\/julien-green\/?page_id=43"},"modified":"2019-05-15T08:16:42","modified_gmt":"2019-05-15T06:16:42","slug":"infos-pratiques","status":"publish","type":"page","link":"https:\/\/sites.univ-tln.fr\/julien-green\/infos-pratiques\/","title":{"rendered":"Infos pratiques"},"content":{"rendered":"\n<h3 class=\"wp-block-heading\">Logements : <\/h3>\n\n\n\n<ul class=\"wp-block-list\"><li>H\u00f4tel Grand Dauphin\u00e9 : <a href=\"http:\/\/www.grandhoteldauphine.com\/notre-hotel\/localisation\/https:\/\/www.accorhotels.com\/fr\/hotel-2095-ibis-styles-toulon-centre-port\/index.shtml#section-location\">http:\/\/www.grandhoteldauphine.com\/notre-hotel\/localisation\/https:\/\/www.accorhotels.com\/fr\/hotel-2095-ibis-styles-toulon-centre-port\/index.shtml#section-location<\/a><\/li><li>H\u00f4tel Ibis Style Port Toulon : <a href=\"http:\/\/www.grandhoteldauphine.com\/notre-hotel\/localisation\/https:\/\/www.accorhotels.com\/fr\/hotel-2095-ibis-styles-toulon-centre-port\/index.shtml#section-location\">https:\/\/www.accorhotels.com\/fr\/hotel-2095-ibis-styles-toulon-centre-port\/index.shtml#section-location<\/a><\/li><\/ul>\n\n\n\n<h3 class=\"wp-block-heading\">Transport :  <\/h3>\n\n\n\n<p>Un mini bus de l&rsquo;Universit\u00e9 viendra chercher les intervenants le matin \u00e0  l\u2019h\u00f4tel Grand Dauphin\u00e9 \u00e0 9h15 pour les amener sur le Campus de La Garde  (d\u00e9p\u00f4t devant le b\u00e2timent Y) et le soir, le mini bus ram\u00e8nera les  participants \u00e0 l\u2019h\u00f4tel Grand Dauphin\u00e9. <\/p>\n\n\n\n<p>Les intervenants qui logent \u00e0  l&rsquo;hotel Ibis STyle devront donc rejoindre l\u2019h\u00f4tel Grand Dauphin\u00e9 \u00e0 pied pour prendre le bus le matin.<\/p>\n","protected":false},"excerpt":{"rendered":"<p>Logements : H\u00f4tel Grand Dauphin\u00e9 : http:\/\/www.grandhoteldauphine.com\/notre-hotel\/localisation\/https:\/\/www.accorhotels.com\/fr\/hotel-2095-ibis-styles-toulon-centre-port\/index.shtml#section-location H\u00f4tel Ibis Style Port Toulon : https:\/\/www.accorhotels.com\/fr\/hotel-2095-ibis-styles-toulon-centre-port\/index.shtml#section-location Transport : Un mini bus de l&rsquo;Universit\u00e9 viendra chercher les intervenants le matin \u00e0 l\u2019h\u00f4tel Grand Dauphin\u00e9 \u00e0 9h15 pour les amener sur le Campus de La Garde (d\u00e9p\u00f4t devant le b\u00e2timent Y) et le soir, le mini bus ram\u00e8nera les [&hellip;]<\/p>\n","protected":false},"author":1,"featured_media":0,"parent":0,"menu_order":0,"comment_status":"closed","ping_status":"closed","template":"","meta":{"ngg_post_thumbnail":0,"footnotes":""},"class_list":["post-43","page","type-page","status-publish","hentry"],"_links":{"self":[{"href":"https:\/\/sites.univ-tln.fr\/julien-green\/wp-json\/wp\/v2\/pages\/43","targetHints":{"allow":["GET"]}}],"collection":[{"href":"https:\/\/sites.univ-tln.fr\/julien-green\/wp-json\/wp\/v2\/pages"}],"about":[{"href":"https:\/\/sites.univ-tln.fr\/julien-green\/wp-json\/wp\/v2\/types\/page"}],"author":[{"embeddable":true,"href":"https:\/\/sites.univ-tln.fr\/julien-green\/wp-json\/wp\/v2\/users\/1"}],"replies":[{"embeddable":true,"href":"https:\/\/sites.univ-tln.fr\/julien-green\/wp-json\/wp\/v2\/comments?post=43"}],"version-history":[{"count":2,"href":"https:\/\/sites.univ-tln.fr\/julien-green\/wp-json\/wp\/v2\/pages\/43\/revisions"}],"predecessor-version":[{"id":51,"href":"https:\/\/sites.univ-tln.fr\/julien-green\/wp-json\/wp\/v2\/pages\/43\/revisions\/51"}],"wp:attachment":[{"href":"https:\/\/sites.univ-tln.fr\/julien-green\/wp-json\/wp\/v2\/media?parent=43"}],"curies":[{"name":"wp","href":"https:\/\/api.w.org\/{rel}","templated":true}]}}