{"id":15,"date":"2019-05-14T09:10:32","date_gmt":"2019-05-14T07:10:32","guid":{"rendered":"http:\/\/sites.univ-tln.fr\/julien-green\/?page_id=15"},"modified":"2019-05-14T10:21:41","modified_gmt":"2019-05-14T08:21:41","slug":"presentation","status":"publish","type":"page","link":"https:\/\/sites.univ-tln.fr\/julien-green\/","title":{"rendered":"Pr\u00e9sentation"},"content":{"rendered":"<h2 style=\"text-align: center;\">Colloque international<\/h2>\n<h1 style=\"text-align: center;\">Julien Green et la formation de l&rsquo;esprit<\/h1>\n<p style=\"text-align: center;\"><strong>28 et 29 mai 2019 &#8211; Universit\u00e9 de Toulon<br \/>\n<\/strong><\/p>\n<p style=\"text-align: center;\"><strong>Campus de La Garde<\/strong><\/p>\n<p>Le centenaire de l\u2019arriv\u00e9e de Julien Green \u00e0 l\u2019Universit\u00e9 de Virginie invite \u00e0 s\u2019int\u00e9resser \u00e0 l\u2019aventure v\u00e9cue par un jeune homme envoy\u00e9 sur une terre pour lui ancestrale et lointaine \u00e0 la fois, bien avant que ne se d\u00e9veloppent les \u00e9changes internationaux auxquels les \u00e9tudiants sont de nos jours invit\u00e9s. Le r\u00e9cit autobiographique de cette exp\u00e9rience, dans <em>Terre lointaine<\/em>, a surtout retenu l\u2019attention des commentateurs pour l\u2019\u00e9veil qui s\u2019y trouve relat\u00e9 d\u2019une grande passion amoureuse, obscure \u00e0 elle-m\u00eame&nbsp;; on s\u2019est moins pench\u00e9 sur la repr\u00e9sentation qu\u2019il donne des \u00e9tudes universitaires, de leur contenu, de leur encadrement p\u00e9dagogique, et plus largement de la formation d\u2019un esprit que nourrissent non seulement l\u2019enseignement des ma\u00eetres et la fr\u00e9quentation des lieux d\u2019\u00e9tude, mais aussi les \u00e9changes entre camarades.&nbsp;<\/p>\n<p>&nbsp;&nbsp;&nbsp;&nbsp;&nbsp;&nbsp;&nbsp;&nbsp;&nbsp;&nbsp;&nbsp; On pourrait examiner \u00e9galement, dans les autres volumes de l\u2019<em>Autobiographie<\/em>, la formation intellectuelle, artistique et culturelle re\u00e7ue en amont, dans les ann\u00e9es de lyc\u00e9e et dans le cadre familial, moins pour en r\u00e9pertorier les contenus que pour observer la relation entre ces divers modes d\u2019\u00e9veil \u00e0 la vie de l\u2019esprit. La question de la formation de l\u2019esprit peut aussi s\u2019articuler \u00e0 celle de l\u2019accompagnement des jeunes dans leur orientation professionnelle&nbsp;: sur ce point, les souvenirs de Green le montrent \u00e0 un point de bascule entre la forme moderne de l\u2019id\u00e9e de vocation \u2013 qui valorise un choix de vie autonome, guidant l\u2019individu vers son accomplissement dans une activit\u00e9 socialement productive \u2013 et de plus anciens mod\u00e8les<a href=\"#_ftn1\" name=\"_ftnref1\"><sup>[1]<\/sup><\/a>.<\/p>\n<p>&nbsp;&nbsp;&nbsp;&nbsp;&nbsp;&nbsp;&nbsp;&nbsp;&nbsp;&nbsp;&nbsp; Rien n\u2019interdit non plus de voir se d\u00e9ployer cette formation sur le trac\u00e9 de toute une vie&nbsp;: le <em>Journal <\/em>de Green laisse observer au jour le jour une activit\u00e9 qui enrichit au fil des ans la nourriture premi\u00e8re re\u00e7ue par l\u2019intelligence et en renforce les facult\u00e9s. On se gardera, sur ce point, de laisser les consid\u00e9rations s\u2019\u00e9vader dans un gigantesque propos sur la culture de l\u2019\u00e9crivain, pour centrer l\u2019attention sur les processus qui entretiennent la curiosit\u00e9 des choses de l\u2019esprit et aff\u00fbtent son aptitude critique. Pourra aussi \u00eatre pris en consid\u00e9ration le regard que Green porte sur les relais m\u00e9diatiques de la formation des esprits.<\/p>\n<p>&nbsp;&nbsp;&nbsp;&nbsp;&nbsp;&nbsp;&nbsp;&nbsp;&nbsp;&nbsp;&nbsp; Enfin, on n\u2019oubliera pas que Julien Green s\u2019est fait lui aussi bri\u00e8vement formateur, notamment par des cours ou conf\u00e9rences donn\u00e9es dans quelques universit\u00e9s am\u00e9ricaines<a href=\"#_ftn2\" name=\"_ftnref2\"><sup>[2]<\/sup><\/a>&nbsp;: par-del\u00e0 le contenu de ses confidences sur sa propre activit\u00e9 cr\u00e9atrice, il serait int\u00e9ressant d\u2019analyser la posture qu\u2019il adopte face \u00e0 son public, la fa\u00e7on dont il entend \u00e9veiller et nourrir sa curiosit\u00e9 intellectuelle.<\/p>\n<p>&nbsp;&nbsp;&nbsp;&nbsp;&nbsp;&nbsp;&nbsp;&nbsp;&nbsp;&nbsp;&nbsp; Mais le pan romanesque de l\u2019\u0153uvre offre aussi de multiples repr\u00e9sentations de la formation de l\u2019esprit \u2013 ou de ses carences. Certains romans et nouvelles (<em>Le Voyageur sur la terre, Mo\u00efra<\/em>) prennent une universit\u00e9 am\u00e9ricaine pour cadre. D\u2019autres \u00e9largissent l\u2019horizon historique dans un pass\u00e9 lointain ainsi que l\u2019\u00e9ventail de repr\u00e9sentants du personnel enseignant&nbsp;; les figures de pr\u00e9cepteurs et de professeurs seraient \u00e0 observer&nbsp;; la question de l\u2019\u00e9ducation des filles se pose.<\/p>\n<p>&nbsp;&nbsp;&nbsp;&nbsp;&nbsp;&nbsp;&nbsp;&nbsp;&nbsp;&nbsp;&nbsp; Bien des \u00e9tudes d\u00e9signent en ce d\u00e9but de xxi<sup>e<\/sup> si\u00e8cle un tournant culturel, o\u00f9 vacille en particulier l\u2019aptitude actuelle de l\u2019\u00e9cole \u00e0 inculquer encore aux jeunes la conception savante de la lecture \u2013 celle qui fait d\u2019elle un acte \u00ab&nbsp;<em>vital<\/em>&nbsp;\u00bb, nourrissant et structurant l\u2019individu, \u00ab&nbsp;<em>r\u00e9v\u00e9renciel<\/em>&nbsp;\u00bb \u00e0 l\u2019\u00e9gard des grands auteurs et \u00ab&nbsp;<em>sacralis\u00e9<\/em>&nbsp;\u00bb, en tant qu\u2019activit\u00e9 valorisante<a href=\"#_ftn3\" name=\"_ftnref3\"><sup>[3]<\/sup><\/a>. La crise, avance-t-on<a href=\"#_ftn4\" name=\"_ftnref4\"><sup>[4]<\/sup><\/a>, serait moins celle de la litt\u00e9rature, ou de la culture, que celle, f\u00e9conde, de leur conception savante qui a longtemps pr\u00e9valu et des \u00e9tudes litt\u00e9raires. L\u2019\u0153uvre de Green invite \u00e0 une mise en perspective stimulante de ces interrogations. Sa propre formation, rappelons-le, remonte aux ann\u00e9es d\u2019une r\u00e9forme scolaire qui a profond\u00e9ment modifi\u00e9 les programmes d\u2019enseignement fran\u00e7ais, faisant reculer la part des humanit\u00e9s dites classiques&nbsp;; \u00e0 des ann\u00e9es lourdes d\u2019angoisses aussi sur le devenir de la vie de l\u2019esprit \u2013 1919 marque aussi le centenaire de la c\u00e9l\u00e8bre m\u00e9ditation de Val\u00e9ry sur la mort des civilisations.<\/p>\n<p>&nbsp;&nbsp;&nbsp;&nbsp;&nbsp;&nbsp;&nbsp;&nbsp;&nbsp;&nbsp;&nbsp; Il serait donc fructueux de projeter sur l\u2019\u0153uvre de Julien Green l\u2019\u00e9clairage de recherches en philosophie, sociologie, psychologie et histoire de l\u2019\u00e9ducation, qui pourront s\u2019en nourrir en retour. Ce colloque pourrait \u00eatre aussi l\u2019occasion de la mettre en dialogue avec celles d\u2019autres \u00e9crivains qui relatent ou projettent dans leurs romans leur propre exp\u00e9rience de formation universitaire.<\/p>\n<p><strong>Colloque organis\u00e9 par les laboratoires Babel (Toulon) et CIRPALL (Angers) et par la SIEG (Soci\u00e9t\u00e9 internationale d\u2019\u00e9tudes greeniennes)<\/strong><\/p>\n<p><a href=\"#_ftnref1\" name=\"_ftn1\">[1]<\/a> Voir Judith Schlanger, <em>La Vocation,<\/em> Paris, Hermann, coll. \u00ab&nbsp;Philosophie&nbsp;\u00bb, 2010.<\/p>\n<p><a href=\"#_ftnref2\" name=\"_ftn2\">[2]<\/a> Voir les \u00ab&nbsp;Conf\u00e9rences et discours&nbsp;\u00bb reproduits dans le tome III des <em>\u0152uvres compl\u00e8tes <\/em>&nbsp;de Green, Paris, Gallimard, \u00ab&nbsp;Biblioth\u00e8que de la Pl\u00e9iade&nbsp;\u00bb, 1973.<\/p>\n<p><a href=\"#_ftnref3\" name=\"_ftn3\">[3]<\/a> Voir Christine D\u00e9trez, \u00ab&nbsp;Du c\u00f4t\u00e9 des lecteurs et des pratiques de lecture&nbsp;\u00bb, dans <em>O\u00f9 va le livre&nbsp;?<\/em>, dir. Jean-Yves Mollier, Paris, La Dispute, coll. \u00ab&nbsp;\u00c9tat des lieux&nbsp;\u00bb, 2007, p.263-277.<\/p>\n<p><a href=\"#_ftnref4\" name=\"_ftn4\">[4]<\/a> Voir Jean-Marie Schaeffer, <em>Petite \u00e9cologie des \u00e9tudes litt\u00e9raires. Pourquoi et comment \u00e9tudier la litt\u00e9rature&nbsp;?<\/em>, Vincennes, Thierry Marchaisse, 2001.<\/p>\n<p><img loading=\"lazy\" decoding=\"async\" class=\"aligncenter size-full wp-image-41\" src=\"http:\/\/sites.univ-tln.fr\/julien-green\/wp-content\/uploads\/sites\/35\/2019\/05\/affiche-colloque-julien.png\" alt=\"\" width=\"1728\" height=\"2436\" srcset=\"https:\/\/sites.univ-tln.fr\/julien-green\/wp-content\/uploads\/sites\/35\/2019\/05\/affiche-colloque-julien.png 1728w, https:\/\/sites.univ-tln.fr\/julien-green\/wp-content\/uploads\/sites\/35\/2019\/05\/affiche-colloque-julien-213x300.png 213w, https:\/\/sites.univ-tln.fr\/julien-green\/wp-content\/uploads\/sites\/35\/2019\/05\/affiche-colloque-julien-768x1083.png 768w, https:\/\/sites.univ-tln.fr\/julien-green\/wp-content\/uploads\/sites\/35\/2019\/05\/affiche-colloque-julien-726x1024.png 726w, https:\/\/sites.univ-tln.fr\/julien-green\/wp-content\/uploads\/sites\/35\/2019\/05\/affiche-colloque-julien-624x880.png 624w\" sizes=\"auto, (max-width: 1728px) 100vw, 1728px\" \/><\/p>\n","protected":false},"excerpt":{"rendered":"<p>Colloque international Julien Green et la formation de l&rsquo;esprit 28 et 29 mai 2019 &#8211; Universit\u00e9 de Toulon Campus de La Garde Le centenaire de l\u2019arriv\u00e9e de Julien Green \u00e0 l\u2019Universit\u00e9 de Virginie invite \u00e0 s\u2019int\u00e9resser \u00e0 l\u2019aventure v\u00e9cue par un jeune homme envoy\u00e9 sur une terre pour lui ancestrale et lointaine \u00e0 la fois, [&hellip;]<\/p>\n","protected":false},"author":1,"featured_media":0,"parent":0,"menu_order":0,"comment_status":"closed","ping_status":"closed","template":"","meta":{"ngg_post_thumbnail":0,"footnotes":""},"class_list":["post-15","page","type-page","status-publish","hentry"],"_links":{"self":[{"href":"https:\/\/sites.univ-tln.fr\/julien-green\/wp-json\/wp\/v2\/pages\/15","targetHints":{"allow":["GET"]}}],"collection":[{"href":"https:\/\/sites.univ-tln.fr\/julien-green\/wp-json\/wp\/v2\/pages"}],"about":[{"href":"https:\/\/sites.univ-tln.fr\/julien-green\/wp-json\/wp\/v2\/types\/page"}],"author":[{"embeddable":true,"href":"https:\/\/sites.univ-tln.fr\/julien-green\/wp-json\/wp\/v2\/users\/1"}],"replies":[{"embeddable":true,"href":"https:\/\/sites.univ-tln.fr\/julien-green\/wp-json\/wp\/v2\/comments?post=15"}],"version-history":[{"count":5,"href":"https:\/\/sites.univ-tln.fr\/julien-green\/wp-json\/wp\/v2\/pages\/15\/revisions"}],"predecessor-version":[{"id":42,"href":"https:\/\/sites.univ-tln.fr\/julien-green\/wp-json\/wp\/v2\/pages\/15\/revisions\/42"}],"wp:attachment":[{"href":"https:\/\/sites.univ-tln.fr\/julien-green\/wp-json\/wp\/v2\/media?parent=15"}],"curies":[{"name":"wp","href":"https:\/\/api.w.org\/{rel}","templated":true}]}}