{"id":95,"date":"2017-06-20T07:37:02","date_gmt":"2017-06-20T06:37:02","guid":{"rendered":"http:\/\/sites.univ-tln.fr\/itimari\/?page_id=95"},"modified":"2017-06-23T07:20:45","modified_gmt":"2017-06-23T06:20:45","slug":"hebergement","status":"publish","type":"page","link":"https:\/\/sites.univ-tln.fr\/itimari\/hebergement\/","title":{"rendered":"H\u00e9bergement"},"content":{"rendered":"<p><strong><u>H\u00e9bergement \u00e0 Marseille (12 et 13 octobre: <em>offert aux intervenants<\/em>):<\/u><\/strong><\/p>\n<p><strong>Des chambres sont d\u00e9j\u00e0 r\u00e9serv\u00e9es pour les intervenants \u00e0 l&rsquo;h\u00f4tel suivant:<\/strong><\/p>\n<p>Hotel Ibis budget Marseille Vieux Port**<\/p>\n<p>46 rue Sainte<br \/>\n13001 \u2013 MARSEILLE<\/p>\n<p>T\u00e9l : (+33)892680582<\/p>\n<p><a href=\"http:\/\/www.ibis.com\/fr\/hotel-2575-ibis-budget-marseille-vieux-port\/index.shtml\">http:\/\/www.ibis.com\/fr\/hotel-2575-ibis-budget-marseille-vieux-port\/index.shtml<\/a><\/p>\n<p>L&rsquo;ibis budget Marseille Vieux Port est situ\u00e9 au c\u0153ur de la ville de Marseille, \u00e0 proximit\u00e9 du palais du Pharo et de Notre-Dame-de-la-Garde. L&rsquo;h\u00f4tel \u00e0 la particularit\u00e9 d&rsquo;occuper l&rsquo;ancienne capitainerie des gal\u00e8res (XVIe si\u00e8cle), et d&rsquo;offrir tout le confort moderne. Les 147 chambres sont climatis\u00e9es, \u00e9quip\u00e9es en Wi-Fi gratuit. Petit d\u00e9jeuner: Buffet gourmand \u00e0 volont\u00e9.<\/p>\n<p>&nbsp;<\/p>\n<p><strong><u>H\u00e9bergement \u00e0 Toulon (11 octobre: <em>\u00e0 charge des intervenants<\/em>):<\/u><\/strong><\/p>\n<p><strong>Un tarif sp\u00e9cial de 68 euros (petit d\u00e9jeuner compris) sera consenti aux intervenants s&rsquo;ils r\u00e9servent aupr\u00e8s de l&rsquo;h\u00f4tel suivant (par t\u00e9l\u00e9phone ou par mail), en pr\u00e9cisant leur participation au colloque: <\/strong><\/p>\n<p>Grand H\u00f4tel Dauphin\u00e9 ***<\/p>\n<p>10 Rue Bertholet<\/p>\n<p>83000 Toulon<\/p>\n<p>T\u00e9l&nbsp;: (+33) 04 94 92 20 28<\/p>\n<p>E-mail&nbsp;: <a href=\"mailto:contact@grandhoteldauphine.com\">contact@grandhoteldauphine.com<\/a><\/p>\n<p><a href=\"http:\/\/www.grandhoteldauphine.com\">http:\/\/www.grandhoteldauphine.com<\/a><\/p>\n<p>Situ\u00e9 dans le quartier de l\u2019Op\u00e9ra, \u00e0 environ 600 m\u00e8tres du campus Porte d\u2019Italie et des gares SNCF et routi\u00e8re et \u00e0 environ 400m du port. Tarif pr\u00e9f\u00e9rentiel pour le parking public payant (ferm\u00e9 et s\u00e9curis\u00e9 &#8211; Parking Peiresc) situ\u00e9 \u00e0 50m. 55 chambres de 1 \u00e0 4 personnes, climatis\u00e9es et insonoris\u00e9es, \u00e9quip\u00e9es d\u2019une t\u00e9l\u00e9vision et d\u2019une salle de bains privative avec douche ou baignoire. R\u00e9ception ouverte 24h\/24h&nbsp;; bagagerie gratuite. Parking Peiresc&nbsp;: 8,30\u20ac. \/24h&nbsp;; 5,50\u20ac les 15h&nbsp;; 2\u20ac. de 19h \u00e0 7h.<\/p>\n<p><strong>&nbsp;<\/strong><\/p>\n<p><strong><u>Autres h\u00e9bergements \u00e0 Toulon:<\/u><\/strong><\/p>\n<p>Vous trouverez des informations concernant d\u2019autres possibilit\u00e9s d\u2019h\u00e9bergement (chambres d\u2019h\u00f4tes situ\u00e9s \u00e0 Toulon ou en bord de mer) sur les sites suivants&nbsp;:<\/p>\n<p><a href=\"http:\/\/toulontourisme.com\">http:\/\/toulontourisme.com<\/a>&nbsp;<\/p>\n<p><a href=\"http:\/\/www.visitvar.fr\">www.visitvar.fr<\/a><\/p>\n<p>&nbsp;<\/p>\n<p>Pour ceux qui se d\u00e9placeront en voiture, vous y trouverez \u00e9galement des informations concernant des h\u00f4tels et des chambres d\u2019h\u00f4tes qui se situent \u00e0 proximit\u00e9 de Toulon. Toutefois, les temps des trajets pour se rendre au campus Porte d\u2019Italie peuvent \u00eatre consid\u00e9rablement augment\u00e9s le matin \u00e0 cause des embouteillages \u00e0 l\u2019entr\u00e9e de la ville.<\/p>\n","protected":false},"excerpt":{"rendered":"<p>H\u00e9bergement \u00e0 Marseille (12 et 13 octobre: offert aux intervenants): Des chambres sont d\u00e9j\u00e0 r\u00e9serv\u00e9es pour les intervenants \u00e0 l&rsquo;h\u00f4tel suivant: Hotel Ibis budget Marseille Vieux Port** 46 rue Sainte 13001 \u2013 MARSEILLE T\u00e9l : (+33)892680582 http:\/\/www.ibis.com\/fr\/hotel-2575-ibis-budget-marseille-vieux-port\/index.shtml L&rsquo;ibis budget Marseille Vieux Port est situ\u00e9 au c\u0153ur de la ville de Marseille, \u00e0 proximit\u00e9 du palais [&hellip;]<\/p>\n","protected":false},"author":1,"featured_media":0,"parent":0,"menu_order":0,"comment_status":"closed","ping_status":"closed","template":"","meta":{"ngg_post_thumbnail":0,"footnotes":""},"class_list":["post-95","page","type-page","status-publish","hentry"],"_links":{"self":[{"href":"https:\/\/sites.univ-tln.fr\/itimari\/wp-json\/wp\/v2\/pages\/95","targetHints":{"allow":["GET"]}}],"collection":[{"href":"https:\/\/sites.univ-tln.fr\/itimari\/wp-json\/wp\/v2\/pages"}],"about":[{"href":"https:\/\/sites.univ-tln.fr\/itimari\/wp-json\/wp\/v2\/types\/page"}],"author":[{"embeddable":true,"href":"https:\/\/sites.univ-tln.fr\/itimari\/wp-json\/wp\/v2\/users\/1"}],"replies":[{"embeddable":true,"href":"https:\/\/sites.univ-tln.fr\/itimari\/wp-json\/wp\/v2\/comments?post=95"}],"version-history":[{"count":6,"href":"https:\/\/sites.univ-tln.fr\/itimari\/wp-json\/wp\/v2\/pages\/95\/revisions"}],"predecessor-version":[{"id":107,"href":"https:\/\/sites.univ-tln.fr\/itimari\/wp-json\/wp\/v2\/pages\/95\/revisions\/107"}],"wp:attachment":[{"href":"https:\/\/sites.univ-tln.fr\/itimari\/wp-json\/wp\/v2\/media?parent=95"}],"curies":[{"name":"wp","href":"https:\/\/api.w.org\/{rel}","templated":true}]}}