{"id":49,"date":"2017-05-31T10:24:41","date_gmt":"2017-05-31T09:24:41","guid":{"rendered":"http:\/\/sites.univ-tln.fr\/itimari\/?page_id=49"},"modified":"2017-10-03T09:03:20","modified_gmt":"2017-10-03T08:03:20","slug":"programme","status":"publish","type":"page","link":"https:\/\/sites.univ-tln.fr\/itimari\/programme\/","title":{"rendered":"Programme"},"content":{"rendered":"<p><strong>Colloque international BABEL\/LA3M<\/strong><br \/>\nItin\u00e9rances maritimes en M\u00e9diterran\u00e9e, du Moyen \u00c2ge \u00e0 la premi\u00e8re modernit\u00e9<br \/>\n12-13 octobre 2017 &#8211; Toulon, Marseille (MUCEM)<\/p>\n<h1><em>Programme<br \/>\n<\/em><\/h1>\n<h2><strong>Jeudi 12 octobre 2017 &#8211; Toulon campus Porte d&rsquo;Italie (salle FA 601): 9h00-17h00<\/strong><\/h2>\n<p>9h00: Accueil des participants<\/p>\n<p><strong>9h15: Ouverture du colloque par Eric Boutin, Pr\u00e9sident de l&rsquo;Universit\u00e9<\/strong><\/p>\n<p><strong>9h30-12h30: session 1 &#8211; Pr\u00e9sident de s\u00e9ance: Xavier Leroux (Babel, Toulon)<\/strong><\/p>\n<p><strong>9h30: <\/strong><strong>Luigi Russo (Universit\u00e0 Europea, Roma)<\/strong>: <em>Par mer ou par terre? Les itin\u00e9raires de p\u00e8lerins vers la Terre Sainte (XIe-XIIIe si\u00e8cle)<\/em><\/p>\n<p><strong>10h00: <\/strong><strong>Edina Bozoky (CESCM, Poitiers)<\/strong>: <em>Travers\u00e9es miraculeuses<\/em><\/p>\n<p><strong>10h30:<\/strong><strong> Fanny Moghaddassi (SEARCH, Strasbourg<\/strong>): <em>Entre abstraction et cartographie fantasm\u00e9e&nbsp;: la M\u00e9diterran\u00e9e ambigu\u00eb d\u2019<\/em>Emar\u00e9<\/p>\n<p>11h00: Discussion<\/p>\n<p><em>Pause caf\u00e9<\/em><\/p>\n<p><strong>11h30: <\/strong><strong>Philippe Rigaud (EPHE, consultant):<\/strong> <em>Aux bancs des gal\u00e8res de Provence \u00ab\u00a0galiots de forsa et bonas volhas\u00a0\u00bb(fin XIVe- milieu XVIe si\u00e8cle)<\/em><\/p>\n<p><strong>12h00: <\/strong><strong>Matteo Frisone (Teramo):<\/strong> <em>Pour l&rsquo;argent et pour la guerre : les ports des Pouilles pendant la p\u00e9riode Angevine <\/em><\/p>\n<p>12h30: discussion<\/p>\n<p><em>&nbsp;<\/em><\/p>\n<p><em>D\u00e9jeuner<\/em><\/p>\n<p><strong>&nbsp;<\/strong><\/p>\n<p><strong>14h00-17h00: session 2 <\/strong>&#8211; <strong>Pr\u00e9sident de s\u00e9ance: Jalel El Gharbi (La Manouba, Tunis)<\/strong><\/p>\n<p><strong>14h00: <\/strong><strong>Philippe Tr\u00e9lat (GRHIS, Rouen):<\/strong> <em>Des villes en ruines&nbsp;: la repr\u00e9sentation de quelques espaces urbains chypriotes \u00e0 travers les r\u00e9cits de voyage (XIIIe-XVIe si\u00e8cle)<\/em><\/p>\n<p><strong>14h30: <\/strong><strong>Sandra Gorgievski (Babel, Toulon):<\/strong> Mer-veille: <em>La repr\u00e9sentation de l&rsquo;espace m\u00e9diterran\u00e9en dans les enluminures des <\/em>Voyages outremer<em> de Jean de Mandeville <\/em><\/p>\n<p>15h00: Discussion<\/p>\n<p><em>Pause<\/em><\/p>\n<p><strong>15h30: <\/strong><strong>Bernard Romagnan (LA3M, Aix-Marseille):<\/strong> <em>L\u2019exil proven\u00e7al des morisques&nbsp;: itin\u00e9raires, escales et s\u00e9dentarisation<\/em><\/p>\n<p><strong>16h00: <\/strong><strong>Julia Roumier (<\/strong><strong>AMERIBER,<\/strong> <strong>Bordeaux-Montaigne)<\/strong>: <em>\u00a0\u00bb&nbsp;\u00edvamos cuasi desesperados de la vida.\u00a0\u00bb&nbsp;<\/em>Itin\u00e9rances hispaniques en m\u00e9diterran\u00e9e m\u00e9di\u00e9vale<\/p>\n<p>16h30: Discussion<\/p>\n<p>18h00: R\u00e9ception au Mus\u00e9e national de la Marine: <em>visite du mus\u00e9e et ap\u00e9ritif d\u00eenatoire<\/em><\/p>\n<p>20h00: <em>D\u00e9part en bus priv\u00e9 pour Marseille (arriv\u00e9e: 21h15)<\/em><\/p>\n<p><strong>&nbsp;<\/strong><\/p>\n<h2><strong>Vendredi 13 octobre 2017 &#8211; Marseille MUCEM (Fort saint Jean, salle Meltem): 9h00-17h30 <\/strong><\/h2>\n<p><strong>&nbsp;<\/strong><\/p>\n<p>9h00: Accueil des participants<\/p>\n<p><strong>9h15: Ouverture de la journ\u00e9e par Vincent Giovannoni (Conservateur, MUCEM)<\/strong><\/p>\n<p><strong>9h30-12h30: session 3 &#8211; Pr\u00e9sidente de s\u00e9ance: Sandra Gorgievski (Babel, Toulon)<\/strong><\/p>\n<p><strong>9h30: <\/strong><strong>Laurent Pavlidis (Mus\u00e9e d&rsquo;histoire maritime, Saint-Tropez)<\/strong>: <em>Itin\u00e9rances maritimes en M\u00e9diterran\u00e9e : entre \u00e9changes et pr\u00e9dations, entre alliances et affrontements. Le cas des marins proven\u00e7aux (fin XVe &#8211; milieu XVIIe si\u00e8cle)<\/em><\/p>\n<p><strong>10h00: <\/strong><strong>Paul Fermon (SAPRAT, EPHE)<\/strong>: <em>La cartographie marine dans le couloir de circulation rhodanien au&nbsp; Moyen \u00c2ge<\/em><\/p>\n<p><strong>10h30: <\/strong><strong>Jalel El Gharbi (La Manouba, Tunis)<\/strong>: <em>La mer du temps d\u2019Ibn Hamdis<\/em><\/p>\n<p>11h: Discussion<\/p>\n<p><em>Pause caf\u00e9<\/em><\/p>\n<p><strong>11h30: <\/strong><strong>Christophe Picard (Orient &amp; M\u00e9diterran\u00e9e, <\/strong><strong>Panth\u00e9on-Sorbonne)<\/strong>:<\/p>\n<p><strong>12h00: <\/strong><strong>Mich\u00e8le Gally (CIELAM, Aix-Marseille)<\/strong>: <em>\u00ab&nbsp;Errances maritimes f\u00e9minines&nbsp;\u00bb dans la litt\u00e9rature narrative m\u00e9di\u00e9vale<\/em><\/p>\n<p>12h30: Discussion<\/p>\n<p><em>&nbsp;<\/em><\/p>\n<p><em>D\u00e9jeuner<\/em><\/p>\n<p><strong>&nbsp;<\/strong><\/p>\n<p><strong>14h00-17h30: session 4 &#8211; Pr\u00e9sident de s\u00e9ance: Nicolas Faucherre (LA3M, Aix-Marseille)<\/strong><\/p>\n<p><strong>14h00: Conf\u00e9rence<\/strong><\/p>\n<p><strong>John Tolan (IPRA, Nantes)<\/strong>: <em>\u00ab&nbsp;Le Seigneur d\u00e9chaina sur la mer un ouragan et souleva une temp\u00eate&nbsp;\u00bb&nbsp;: le voyage en mer comme \u00e9preuve et comme punition<\/em><\/p>\n<p>15h00: Discussion<\/p>\n<p><em>Pause<\/em><\/p>\n<p><strong>15h30: Pierre Moukarzel (Universit\u00e9 Libanaise, Beyrouth<\/strong>): <em>Le voyage de Venise \u00e0 Beyrouth (XIVe-XVIe si\u00e8cle)<\/em><\/p>\n<p><strong>16h00: Bernard Cros (Ing\u00e9nieur en chef de la marine nationale)<\/strong>: <em>D\u00e9fense c\u00f4ti\u00e8re et d\u00e9but de la marine de guerre en Provence au premier XVIIe si\u00e8cle<\/em><\/p>\n<p><strong>16h30: Giovanna Tanzarella (iReMMO, Paris)<\/strong>: <em>Travers\u00e9es tragiques en M\u00e9diterran\u00e9e aujourd&rsquo;hui<\/em><\/p>\n<p>17h00: Discussion<\/p>\n<p>17h15: Cl\u00f4ture du colloque<\/p>\n<p>&nbsp;<\/p>\n<p>20h00: <em>D\u00eener de gala<\/em><\/p>\n<p>&nbsp;<\/p>\n<p>&nbsp;<\/p>\n<p>&nbsp;<\/p>\n","protected":false},"excerpt":{"rendered":"<p>Colloque international BABEL\/LA3M Itin\u00e9rances maritimes en M\u00e9diterran\u00e9e, du Moyen \u00c2ge \u00e0 la premi\u00e8re modernit\u00e9 12-13 octobre 2017 &#8211; Toulon, Marseille (MUCEM) Programme Jeudi 12 octobre 2017 &#8211; Toulon campus Porte d&rsquo;Italie (salle FA 601): 9h00-17h00 9h00: Accueil des participants 9h15: Ouverture du colloque par Eric Boutin, Pr\u00e9sident de l&rsquo;Universit\u00e9 9h30-12h30: session 1 &#8211; Pr\u00e9sident de [&hellip;]<\/p>\n","protected":false},"author":1,"featured_media":0,"parent":0,"menu_order":0,"comment_status":"closed","ping_status":"closed","template":"","meta":{"ngg_post_thumbnail":0,"footnotes":""},"class_list":["post-49","page","type-page","status-publish","hentry"],"_links":{"self":[{"href":"https:\/\/sites.univ-tln.fr\/itimari\/wp-json\/wp\/v2\/pages\/49","targetHints":{"allow":["GET"]}}],"collection":[{"href":"https:\/\/sites.univ-tln.fr\/itimari\/wp-json\/wp\/v2\/pages"}],"about":[{"href":"https:\/\/sites.univ-tln.fr\/itimari\/wp-json\/wp\/v2\/types\/page"}],"author":[{"embeddable":true,"href":"https:\/\/sites.univ-tln.fr\/itimari\/wp-json\/wp\/v2\/users\/1"}],"replies":[{"embeddable":true,"href":"https:\/\/sites.univ-tln.fr\/itimari\/wp-json\/wp\/v2\/comments?post=49"}],"version-history":[{"count":8,"href":"https:\/\/sites.univ-tln.fr\/itimari\/wp-json\/wp\/v2\/pages\/49\/revisions"}],"predecessor-version":[{"id":110,"href":"https:\/\/sites.univ-tln.fr\/itimari\/wp-json\/wp\/v2\/pages\/49\/revisions\/110"}],"wp:attachment":[{"href":"https:\/\/sites.univ-tln.fr\/itimari\/wp-json\/wp\/v2\/media?parent=49"}],"curies":[{"name":"wp","href":"https:\/\/api.w.org\/{rel}","templated":true}]}}