{"id":41,"date":"2017-05-31T10:16:24","date_gmt":"2017-05-31T09:16:24","guid":{"rendered":"http:\/\/sites.univ-tln.fr\/itimari\/?page_id=41"},"modified":"2017-06-20T08:08:11","modified_gmt":"2017-06-20T07:08:11","slug":"inscriptions-et-frais","status":"publish","type":"page","link":"https:\/\/sites.univ-tln.fr\/itimari\/inscriptions-et-frais\/","title":{"rendered":"Informations pratiques"},"content":{"rendered":"<p>L&rsquo;universit\u00e9 de Toulon prend en charge l&rsquo;h\u00e9bergement des communicants (2 nuits), les repas de midi, l&rsquo;ap\u00e9ritif dinatoire et le banquet, ainsi que le transfert entre Toulon et Marseille par bus priv\u00e9.<\/p>\n<p>Les frais de transports depuis les universit\u00e9s d&rsquo;origine ne seront pas pris en charge, sauf demande particuli\u00e8re pour les invit\u00e9s internationaux hors UE.<\/p>\n<p>Il n&rsquo;y a pas de frais d&rsquo;inscription.<\/p>\n<h2>Se rendre au colloque:<\/h2>\n<h3>Universit\u00e9 de Toulon Campus Centre-Ville (Porte d&rsquo;Italie):<\/h3>\n<div>70 Avenue Roger Devoucoux<\/div>\n<div>83000 Toulon<\/div>\n<div>Pour s&rsquo;y rendre:<br \/>\n<a href=\"http:\/\/sites.univ-tln.fr\/itimari\/acces-campus-toulon\/\">D\u00e9tails des acc\u00e8s<\/a><\/div>\n<div>&nbsp;<\/div>\n<h3><strong>Mus\u00e9e national de la Marine<br \/>\n<\/strong><\/h3>\n<div>Place Monsenergue, Quai de Norfolk<\/div>\n<div>\n<p>83 000 Toulon<br \/>\nT\u00e9l. <span id=\"OBJ_PREFIX_DWT1509_com_zimbra_phone\" class=\"Object\"><a href=\"callto:04 22 42 02 01\">04 22 42 02 01<\/a><\/span><\/p>\n<p>Pour s&rsquo;y rendre:<br \/>\nDe la gare SNCF : 15 mn; De la place de la Libert\u00e9 : 10 mn<br \/>\nBus :7 &#8211; 23 &#8211; 40 &#8211; U (pour universit\u00e9) &#8211; arr\u00eat Pr\u00e9fecture Maritime<br \/>\nParking : Place d\u2019Armes, Place de la Libert\u00e9<\/p>\n<h3><strong>MUCEM &#8211; <\/strong>Mus\u00e9e des civilisations de l&rsquo;Europe et de la M\u00e9diterran\u00e9e<\/h3>\n<p><strong>Institut m\u00e9diterran\u00e9en des m\u00e9tiers du patrimoine (i2mp) <\/strong><br \/>\nAcc\u00e8s: MUCEM, entr\u00e9e basse du Fort Saint Jean (Tour du Roi Ren\u00e9)&nbsp;<br \/>\n201 quai du port<br \/>\n13002 Marseille<br \/>\nT\u00e9l: <span id=\"OBJ_PREFIX_DWT1510_com_zimbra_phone\" class=\"Object\"><a href=\"callto:04 84 35 13 91\">04 84 35 13 91<br \/>\n<\/a><\/span><span id=\"OBJ_PREFIX_DWT1511_ZmEmailObjectHandler\" class=\"Object\"><span id=\"OBJ_PREFIX_DWT1517_ZmEmailObjectHandler\" class=\"Object\">I2mp@mucem.org<\/span><\/span><\/p>\n<p>Pour s&rsquo;y rendre:<br \/>\n<span id=\"OBJ_PREFIX_DWT1512_com_zimbra_url\" class=\"Object\"><span id=\"OBJ_PREFIX_DWT1518_com_zimbra_url\" class=\"Object\"><a href=\"http:\/\/www.mucem.org\/fr\/contenu\/comment-venir\" target=\"_blank\">http:\/\/www.mucem.org\/fr\/contenu\/comment-venir<\/a><\/span><\/span><\/p>\n<\/div>\n<ul>\n<li><a href=\"http:\/\/sites.univ-tln.fr\/itimari\/acces-mucem\/\">Plan du MUCEM<\/a><\/li>\n<\/ul>\n<p>Transfert en bus priv\u00e9 le 12 au soir entre Toulon (d\u00e9part Mus\u00e9e de la Marine) et Marseille<\/p>\n<h3><strong>D\u00eener de gala (13 octobre):<\/strong><\/h3>\n<p>Restaurant Les Arcenaulx<br \/>\n25, cours Estienne d&rsquo;Orves<br \/>\n13001 Marseille<br \/>\nT\u00e9l : 04.91.59.80.30 &#8211; Fax : 04.91.54.76.33<br \/>\n<a href=\"http:\/\/www.les-arcenaulx.com\/\">http:\/\/www.les-arcenaulx.com\/<\/a><\/p>\n<h2>&nbsp;<\/h2>\n","protected":false},"excerpt":{"rendered":"<p>L&rsquo;universit\u00e9 de Toulon prend en charge l&rsquo;h\u00e9bergement des communicants (2 nuits), les repas de midi, l&rsquo;ap\u00e9ritif dinatoire et le banquet, ainsi que le transfert entre Toulon et Marseille par bus priv\u00e9. Les frais de transports depuis les universit\u00e9s d&rsquo;origine ne seront pas pris en charge, sauf demande particuli\u00e8re pour les invit\u00e9s internationaux hors UE. Il [&hellip;]<\/p>\n","protected":false},"author":1,"featured_media":0,"parent":0,"menu_order":0,"comment_status":"closed","ping_status":"closed","template":"","meta":{"ngg_post_thumbnail":0,"footnotes":""},"class_list":["post-41","page","type-page","status-publish","hentry"],"_links":{"self":[{"href":"https:\/\/sites.univ-tln.fr\/itimari\/wp-json\/wp\/v2\/pages\/41","targetHints":{"allow":["GET"]}}],"collection":[{"href":"https:\/\/sites.univ-tln.fr\/itimari\/wp-json\/wp\/v2\/pages"}],"about":[{"href":"https:\/\/sites.univ-tln.fr\/itimari\/wp-json\/wp\/v2\/types\/page"}],"author":[{"embeddable":true,"href":"https:\/\/sites.univ-tln.fr\/itimari\/wp-json\/wp\/v2\/users\/1"}],"replies":[{"embeddable":true,"href":"https:\/\/sites.univ-tln.fr\/itimari\/wp-json\/wp\/v2\/comments?post=41"}],"version-history":[{"count":7,"href":"https:\/\/sites.univ-tln.fr\/itimari\/wp-json\/wp\/v2\/pages\/41\/revisions"}],"predecessor-version":[{"id":101,"href":"https:\/\/sites.univ-tln.fr\/itimari\/wp-json\/wp\/v2\/pages\/41\/revisions\/101"}],"wp:attachment":[{"href":"https:\/\/sites.univ-tln.fr\/itimari\/wp-json\/wp\/v2\/media?parent=41"}],"curies":[{"name":"wp","href":"https:\/\/api.w.org\/{rel}","templated":true}]}}