{"id":16,"date":"2017-05-31T09:42:20","date_gmt":"2017-05-31T08:42:20","guid":{"rendered":"http:\/\/sites.univ-tln.fr\/itimari\/?page_id=16"},"modified":"2017-06-02T08:09:30","modified_gmt":"2017-06-02T07:09:30","slug":"presentation","status":"publish","type":"page","link":"https:\/\/sites.univ-tln.fr\/itimari\/","title":{"rendered":"Pr\u00e9sentation"},"content":{"rendered":"<p>Le colloque aborde le th\u00e8me de l&rsquo;itin\u00e9rance en l\u2019appliquant de mani\u00e8re privil\u00e9gi\u00e9e \u00e0 l\u2019espace maritime de la M\u00e9diterran\u00e9e dans toute son \u00e9tendue et toutes ses cultures, du Moyen \u00c2ge \u00e0 la premi\u00e8re modernit\u00e9. Il rend compte des modalit\u00e9s, des enjeux des circulations de personnes autour des ports du bassin m\u00e9diterran\u00e9en, dans leur dimension historique comme imaginaire. Les communications s\u2019appuient sur un corpus vari\u00e9 de textes (r\u00e9cits de voyage, p\u00e8lerinages, hagiographies, r\u00e9cits de vie, registres officiels, lettres, t\u00e9moignages, iconographie, documents d\u2019archive, trait\u00e9s, po\u00e9sie, litt\u00e9rature narrative) et de langues (arabe, fran\u00e7ais, italien, espagnol, anglais&#8230;) et se situent au carrefour de la litt\u00e9rature, l\u2019histoire, l&rsquo;histoire de l&rsquo;art et l\u2019arch\u00e9ologie.<\/p>\n<p>La construction de cet espace, \u00e0 la fois r\u00e9el et mental, s&rsquo;appuie sur la mobilit\u00e9 de personnes forc\u00e9e (exil politique et religieux), l&rsquo;errance (sans destination pr\u00e9cise) comme l&rsquo;itin\u00e9raire planifi\u00e9 (commercial, militaire, politique, diplomatique), les transferts culturels et la symbolique de la mer.<\/p>\n<p><strong>Conf\u00e9rencier invit\u00e9 :&nbsp;John Tolan (IPRA, Nantes)<\/strong><\/p>\n<h2>Lieux :<\/h2>\n<h3>Jeudi 12 octobre:<\/h3>\n<ul>\n<li>Toulon (campus porte d&rsquo;Italie, b\u00e2timent Faron, salle FA 601): Entr\u00e9e libre sur inscription \u00e0 <a href=\"mailto:gorgievski@univ-tln.fr\"><span id=\"OBJ_PREFIX_DWT1506_ZmEmailObjectHandler\" class=\"Object\"><span id=\"OBJ_PREFIX_DWT1514_ZmEmailObjectHandler\" class=\"Object\">gorgievski@univ-tln.fr<\/span><\/span><\/a><\/li>\n<li>Toulon (Mus\u00e9e de la Marine): visite et ap\u00e9ritif d\u00eenatoire pour les intervenants<\/li>\n<\/ul>\n<h3>Vendredi 13 octobre:<\/h3>\n<ul>\n<li>Marseille-MUCEM (Fort saint Jean, I2mp, salle Meltem) : Entr\u00e9e gratuite sur inscription \u00e0 <a href=\"mailto:i2mp@mucem.org\">i2mp@mucem.org<\/a><\/li>\n<\/ul>\n<p><img loading=\"lazy\" decoding=\"async\" class=\"aligncenter size-full wp-image-63\" src=\"http:\/\/sites.univ-tln.fr\/itimari\/wp-content\/uploads\/sites\/17\/2017\/05\/logos-partenaires-itimari.png\" alt=\"\" width=\"1662\" height=\"220\" srcset=\"https:\/\/sites.univ-tln.fr\/itimari\/wp-content\/uploads\/sites\/17\/2017\/05\/logos-partenaires-itimari.png 1662w, https:\/\/sites.univ-tln.fr\/itimari\/wp-content\/uploads\/sites\/17\/2017\/05\/logos-partenaires-itimari-300x40.png 300w, https:\/\/sites.univ-tln.fr\/itimari\/wp-content\/uploads\/sites\/17\/2017\/05\/logos-partenaires-itimari-768x102.png 768w, https:\/\/sites.univ-tln.fr\/itimari\/wp-content\/uploads\/sites\/17\/2017\/05\/logos-partenaires-itimari-1024x136.png 1024w, https:\/\/sites.univ-tln.fr\/itimari\/wp-content\/uploads\/sites\/17\/2017\/05\/logos-partenaires-itimari-624x83.png 624w\" sizes=\"auto, (max-width: 1662px) 100vw, 1662px\" \/><\/p>\n","protected":false},"excerpt":{"rendered":"<p>Le colloque aborde le th\u00e8me de l&rsquo;itin\u00e9rance en l\u2019appliquant de mani\u00e8re privil\u00e9gi\u00e9e \u00e0 l\u2019espace maritime de la M\u00e9diterran\u00e9e dans toute son \u00e9tendue et toutes ses cultures, du Moyen \u00c2ge \u00e0 la premi\u00e8re modernit\u00e9. Il rend compte des modalit\u00e9s, des enjeux des circulations de personnes autour des ports du bassin m\u00e9diterran\u00e9en, dans leur dimension historique comme [&hellip;]<\/p>\n","protected":false},"author":1,"featured_media":0,"parent":0,"menu_order":0,"comment_status":"closed","ping_status":"closed","template":"","meta":{"ngg_post_thumbnail":0,"footnotes":""},"class_list":["post-16","page","type-page","status-publish","hentry"],"_links":{"self":[{"href":"https:\/\/sites.univ-tln.fr\/itimari\/wp-json\/wp\/v2\/pages\/16","targetHints":{"allow":["GET"]}}],"collection":[{"href":"https:\/\/sites.univ-tln.fr\/itimari\/wp-json\/wp\/v2\/pages"}],"about":[{"href":"https:\/\/sites.univ-tln.fr\/itimari\/wp-json\/wp\/v2\/types\/page"}],"author":[{"embeddable":true,"href":"https:\/\/sites.univ-tln.fr\/itimari\/wp-json\/wp\/v2\/users\/1"}],"replies":[{"embeddable":true,"href":"https:\/\/sites.univ-tln.fr\/itimari\/wp-json\/wp\/v2\/comments?post=16"}],"version-history":[{"count":5,"href":"https:\/\/sites.univ-tln.fr\/itimari\/wp-json\/wp\/v2\/pages\/16\/revisions"}],"predecessor-version":[{"id":80,"href":"https:\/\/sites.univ-tln.fr\/itimari\/wp-json\/wp\/v2\/pages\/16\/revisions\/80"}],"wp:attachment":[{"href":"https:\/\/sites.univ-tln.fr\/itimari\/wp-json\/wp\/v2\/media?parent=16"}],"curies":[{"name":"wp","href":"https:\/\/api.w.org\/{rel}","templated":true}]}}