{"id":71,"date":"2019-12-20T11:44:10","date_gmt":"2019-12-20T10:44:10","guid":{"rendered":"http:\/\/sites.univ-tln.fr\/huxley-toulon\/?page_id=71"},"modified":"2020-01-06T15:09:15","modified_gmt":"2020-01-06T14:09:15","slug":"organisation","status":"publish","type":"page","link":"https:\/\/sites.univ-tln.fr\/huxley-toulon\/organisation\/","title":{"rendered":"Organisation"},"content":{"rendered":"\n<ul class=\"wp-block-list\"><li>Alice Cheylan, University of Toulon<\/li><li>Andr\u00e9-Alain Morello, University of Toulon<\/li><\/ul>\n\n\n\n<ul class=\"wp-block-list\"><li>Bernfried Nugel, University of M\u00fcnster<\/li><li>James Sexton, University of British Columbia<\/li><li>Gerhard Wagner, University of M\u00fcnster<\/li><\/ul>\n\n\n\n<h3 class=\"wp-block-heading\">Local organizing committee:<\/h3>\n\n\n\n<ul class=\"wp-block-list\"><li>Sandra Gorgievski, University of Toulon<\/li><li>Salhia Ben-Messahel, University of Toulon<\/li><li>Clare Sibley, University of Toulon<\/li><li>Heike Sieger, University of M\u00fcnster<\/li><li>Uwe Rasch, University of M\u00fcnster<\/li><li>Henning Nugel, University of M\u00fcnster<\/li><\/ul>\n\n\n\n<figure class=\"wp-block-image size-large\"><img loading=\"lazy\" decoding=\"async\" width=\"1024\" height=\"768\" src=\"http:\/\/sites.univ-tln.fr\/huxley-toulon\/wp-content\/uploads\/sites\/41\/2020\/01\/The-port-at-Sanary-1024x768.jpg\" alt=\"\" class=\"wp-image-95\" srcset=\"https:\/\/sites.univ-tln.fr\/huxley-toulon\/wp-content\/uploads\/sites\/41\/2020\/01\/The-port-at-Sanary-1024x768.jpg 1024w, https:\/\/sites.univ-tln.fr\/huxley-toulon\/wp-content\/uploads\/sites\/41\/2020\/01\/The-port-at-Sanary-300x225.jpg 300w, https:\/\/sites.univ-tln.fr\/huxley-toulon\/wp-content\/uploads\/sites\/41\/2020\/01\/The-port-at-Sanary-768x576.jpg 768w, https:\/\/sites.univ-tln.fr\/huxley-toulon\/wp-content\/uploads\/sites\/41\/2020\/01\/The-port-at-Sanary-1536x1152.jpg 1536w, https:\/\/sites.univ-tln.fr\/huxley-toulon\/wp-content\/uploads\/sites\/41\/2020\/01\/The-port-at-Sanary-2048x1536.jpg 2048w, https:\/\/sites.univ-tln.fr\/huxley-toulon\/wp-content\/uploads\/sites\/41\/2020\/01\/The-port-at-Sanary-624x468.jpg 624w\" sizes=\"auto, (max-width: 1024px) 100vw, 1024px\" \/><\/figure>\n","protected":false},"excerpt":{"rendered":"<p>Alice Cheylan, University of Toulon Andr\u00e9-Alain Morello, University of Toulon Bernfried Nugel, University of M\u00fcnster James Sexton, University of British Columbia Gerhard Wagner, University of M\u00fcnster Local organizing committee: Sandra Gorgievski, University of Toulon Salhia Ben-Messahel, University of Toulon Clare Sibley, University of Toulon Heike Sieger, University of M\u00fcnster Uwe Rasch, University of M\u00fcnster Henning [&hellip;]<\/p>\n","protected":false},"author":1,"featured_media":0,"parent":0,"menu_order":0,"comment_status":"closed","ping_status":"closed","template":"","meta":{"ngg_post_thumbnail":0,"footnotes":""},"class_list":["post-71","page","type-page","status-publish","hentry"],"_links":{"self":[{"href":"https:\/\/sites.univ-tln.fr\/huxley-toulon\/wp-json\/wp\/v2\/pages\/71","targetHints":{"allow":["GET"]}}],"collection":[{"href":"https:\/\/sites.univ-tln.fr\/huxley-toulon\/wp-json\/wp\/v2\/pages"}],"about":[{"href":"https:\/\/sites.univ-tln.fr\/huxley-toulon\/wp-json\/wp\/v2\/types\/page"}],"author":[{"embeddable":true,"href":"https:\/\/sites.univ-tln.fr\/huxley-toulon\/wp-json\/wp\/v2\/users\/1"}],"replies":[{"embeddable":true,"href":"https:\/\/sites.univ-tln.fr\/huxley-toulon\/wp-json\/wp\/v2\/comments?post=71"}],"version-history":[{"count":3,"href":"https:\/\/sites.univ-tln.fr\/huxley-toulon\/wp-json\/wp\/v2\/pages\/71\/revisions"}],"predecessor-version":[{"id":102,"href":"https:\/\/sites.univ-tln.fr\/huxley-toulon\/wp-json\/wp\/v2\/pages\/71\/revisions\/102"}],"wp:attachment":[{"href":"https:\/\/sites.univ-tln.fr\/huxley-toulon\/wp-json\/wp\/v2\/media?parent=71"}],"curies":[{"name":"wp","href":"https:\/\/api.w.org\/{rel}","templated":true}]}}