{"id":33,"date":"2019-12-04T14:42:03","date_gmt":"2019-12-04T13:42:03","guid":{"rendered":"http:\/\/sites.univ-tln.fr\/huxley-toulon\/?page_id=33"},"modified":"2019-12-04T14:42:03","modified_gmt":"2019-12-04T13:42:03","slug":"venir-a-luniversite-de-toulon-campus-la-garde","status":"publish","type":"page","link":"https:\/\/sites.univ-tln.fr\/huxley-toulon\/venir-a-luniversite-de-toulon-campus-la-garde\/","title":{"rendered":"Venir \u00e0 l&rsquo;Universit\u00e9 de Toulon &#8211; Campus La Garde"},"content":{"rendered":"\n<h3 class=\"wp-block-heading\">Se rendre sur le campus de La Garde en bus<\/h3>\n\n\n\n<h4 class=\"wp-block-heading\">Le r\u00e9seau MISTRAL <\/h4>\n\n\n\n<p>Le campus de La Garde est desservi par 7 lignes de bus&nbsp;: \u00ab\u00a0U\u00a0\u00bb, 55, 191B, 129, 103, 19 et 29. Deux arr\u00eats sont conseill\u00e9s&nbsp;:<\/p>\n\n\n\n<p><strong>Campus La Garde &#8211; La Valette <\/strong><\/p>\n\n\n\n<ul class=\"wp-block-list\"><li> Ligne U&nbsp;: Portes d\u2019Ollioules et de Toulon &#8211; Campus La Garde\/La Valette<\/li><li> Ligne 191B&nbsp;: Observatoire (Toulon centre) &#8211; Campus La Garde\/La Valette<\/li><li> Ligne 129&nbsp;: Charles de Gaulle (La Valette) &#8211; Pont de Suve<\/li><li> Ligne 55&nbsp;: Le Revest &#8211; Campus La Garde\/La Valette<\/li><li> Ligne 103&nbsp;: Saint-Nicolas (Hy\u00e8res) &#8211; Gare routi\u00e8re (Toulon)<\/li><\/ul>\n\n\n\n<p><strong>Universit\u00e9 Entr\u00e9e Sud (La Planquette) <\/strong><\/p>\n\n\n\n<ul class=\"wp-block-list\"><li> Ligne 19&nbsp;: Observatoire (centre de Toulon) &#8211; La Planquette<\/li><li> Ligne 29&nbsp;: Gare &#8211; CD 29 (vers Hy\u00e8res)<\/li><\/ul>\n\n\n\n<p>Plus d\u2019informations sur <a href=\"http:\/\/www.reseaumistral.com\">www.reseaumistral.com<\/a> &#8211; T\u00e9l.&nbsp;: 04 94 03 87 03<\/p>\n\n\n\n<h4 class=\"wp-block-heading\">Le r\u00e9seau VARLIB <\/h4>\n\n\n\n<p>Le campus de La Garde est desservi par 6 lignes de bus \u00e0 l\u2019arr\u00eat Universit\u00e9 Nord&nbsp;: 4801, 4802, 7801, 7802, 8810 et 8814<br>\nPlus d\u2019informations sur <a href=\"http:\/\/www.varlib.fr\">www.varlib.fr<\/a> &#8211; T\u00e9l.&nbsp;: 04 94 36 38 00<\/p>\n\n\n\n<h3 class=\"wp-block-heading\">Se rendre sur le campus de La Garde en voiture<\/h3>\n\n\n\n<p>Le campus de La Garde compte 3 entr\u00e9es pour les v\u00e9hicules&nbsp;:<\/p>\n\n\n\n<h4 class=\"wp-block-heading\">L\u2019entr\u00e9e principale Nord<\/h4>\n\n\n\n<p>L\u2019entr\u00e9e Nord est situ\u00e9e avenue de l\u2019Universit\u00e9 \u00e0 La Garde (face \u00e0 KFC).<\/p>\n\n\n\n<ul class=\"wp-block-list\"><li> Venant de Toulon&nbsp;: prendre la sortie 5B Universit\u00e9 puis suivre les fl\u00e8ches de direction routi\u00e8res Universit\u00e9.<\/li><li> Venant d\u2019Hy\u00e8res&nbsp;: prendre la sortie 5 La Bigue &#8211; Universit\u00e9 puis suivre les fl\u00e8ches de direction routi\u00e8res Universit\u00e9.<\/li><\/ul>\n\n\n\n<h4 class=\"wp-block-heading\">L\u2019entr\u00e9e secondaire Sud <\/h4>\n\n\n\n<p>L\u2019entr\u00e9e Sud est situ\u00e9e avenue du Premier Bataillon d\u2019Infanterie de Marine et du Pacifique \u00e0 La Garde<\/p>\n\n\n\n<ul class=\"wp-block-list\"><li> Venant de La Garde&nbsp;: Prendre l\u2019avenue du Premier Bataillon d\u2019Infanterie de Marine et du Pacifique.<\/li><li> Venant d\u2019Hy\u00e8res&nbsp;: Prendre la route D29, direction La Garde.<\/li><\/ul>\n\n\n\n<h4 class=\"wp-block-heading\">L\u2019entr\u00e9e de SeaTech Ouest<\/h4>\n\n\n\n<p>L\u2019entr\u00e9e Ouest est situ\u00e9e avenue Georges Pompidou \u00e0 La Valette-du-Var<\/p>\n\n\n\n<ul class=\"wp-block-list\"><li> Venant de Toulon&nbsp;: prendre la sortie 5B Universit\u00e9 puis suivre les fl\u00e8ches de direction routi\u00e8res Universit\u00e9 puis SeaTech.<\/li><li>\n Venant d\u2019Hy\u00e8res&nbsp;: prendre la sortie 5 La Bigue &#8211; Universit\u00e9 puis suivre\n les fl\u00e8ches de direction routi\u00e8res Universit\u00e9 puis SeaTech.<\/li><\/ul>\n\n\n\n<iframe loading=\"lazy\" src=\"https:\/\/www.google.com\/maps\/embed?pb=!1m18!1m12!1m3!1d2911.42269090138!2d6.012903415481095!3d43.13765247914224!2m3!1f0!2f0!3f0!3m2!1i1024!2i768!4f13.1!3m3!1m2!1s0x12c919a8fddc3551%3A0xec35992c881e63df!2sUniversit%C3%A9%20de%20Toulon!5e0!3m2!1sfr!2sfr!4v1575466894129!5m2!1sfr!2sfr\" width=\"600\" height=\"450\" frameborder=\"0\" style=\"border:0;\" allowfullscreen=\"\"><\/iframe>\n","protected":false},"excerpt":{"rendered":"<p>Se rendre sur le campus de La Garde en bus Le r\u00e9seau MISTRAL Le campus de La Garde est desservi par 7 lignes de bus&nbsp;: \u00ab\u00a0U\u00a0\u00bb, 55, 191B, 129, 103, 19 et 29. Deux arr\u00eats sont conseill\u00e9s&nbsp;: Campus La Garde &#8211; La Valette Ligne U&nbsp;: Portes d\u2019Ollioules et de Toulon &#8211; Campus La Garde\/La Valette [&hellip;]<\/p>\n","protected":false},"author":1,"featured_media":0,"parent":0,"menu_order":0,"comment_status":"closed","ping_status":"closed","template":"","meta":{"ngg_post_thumbnail":0,"footnotes":""},"class_list":["post-33","page","type-page","status-publish","hentry"],"_links":{"self":[{"href":"https:\/\/sites.univ-tln.fr\/huxley-toulon\/wp-json\/wp\/v2\/pages\/33","targetHints":{"allow":["GET"]}}],"collection":[{"href":"https:\/\/sites.univ-tln.fr\/huxley-toulon\/wp-json\/wp\/v2\/pages"}],"about":[{"href":"https:\/\/sites.univ-tln.fr\/huxley-toulon\/wp-json\/wp\/v2\/types\/page"}],"author":[{"embeddable":true,"href":"https:\/\/sites.univ-tln.fr\/huxley-toulon\/wp-json\/wp\/v2\/users\/1"}],"replies":[{"embeddable":true,"href":"https:\/\/sites.univ-tln.fr\/huxley-toulon\/wp-json\/wp\/v2\/comments?post=33"}],"version-history":[{"count":1,"href":"https:\/\/sites.univ-tln.fr\/huxley-toulon\/wp-json\/wp\/v2\/pages\/33\/revisions"}],"predecessor-version":[{"id":34,"href":"https:\/\/sites.univ-tln.fr\/huxley-toulon\/wp-json\/wp\/v2\/pages\/33\/revisions\/34"}],"wp:attachment":[{"href":"https:\/\/sites.univ-tln.fr\/huxley-toulon\/wp-json\/wp\/v2\/media?parent=33"}],"curies":[{"name":"wp","href":"https:\/\/api.w.org\/{rel}","templated":true}]}}