{"id":21,"date":"2019-12-04T14:32:49","date_gmt":"2019-12-04T13:32:49","guid":{"rendered":"http:\/\/sites.univ-tln.fr\/huxley-toulon\/?page_id=21"},"modified":"2020-01-24T10:03:56","modified_gmt":"2020-01-24T09:03:56","slug":"infos-pratiques","status":"publish","type":"page","link":"https:\/\/sites.univ-tln.fr\/huxley-toulon\/infos-pratiques\/","title":{"rendered":"H\u00e9bergement"},"content":{"rendered":"\n<p>Quand  vous r\u00e9servez votre h\u00f4tel, veuillez pr\u00e9ciser que vous participez au  Symposium Aldous Huxley \u00e0 l&rsquo;Universite de Toulon pour pouvoir b\u00e9n\u00e9ficier  d&rsquo;une \u00e9ventuelle r\u00e9duction.<\/p>\n\n\n\n<p><strong>H\u00f4tel IBIS Style Toulon Centre des congr\u00e8s Place Besagne<\/strong> \u2013 Toulon Centre ville Face au Palais des Congr\u00e8s Neptune et au stade Mayol, \u00e0 deux pas du port. <a href=\"http:\/\/www.accorhotels.com\/fr\/hotel-2095-ibis-styles-toulon-centre-congres\/index.shtml\">http:\/\/www.accorhotels.com\/fr\/hotel-2095-ibis-styles-toulon-centre-congres\/index.shtml <\/a><\/p>\n\n\n\n<p><strong>H\u00f4tel IBIS Budget Toulon Centre<\/strong> En plein coeur du centre-ville, l&rsquo;ibis budget de Toulon est situ\u00e9 \u00e0 seulement 300m du port et 400m du stade Mayol. <a href=\"http:\/\/www.accorhotels.com\/fr\/hotel-5096-ibis-budget-toulon-centre\/index.shtml\">http:\/\/www.accorhotels.com\/fr\/hotel-5096-ibis-budget-toulon-centre\/index.shtml <\/a><\/p>\n\n\n\n<p><strong>Celenya h\u00f4tel<\/strong> 7bis, rue de Chabannes \u2013 Toulon Centre Ville Proche des gares SNCF et routi\u00e8re, du Z\u00e9nith Omega, du port. Au coeur de Toulon, donnant sur la magnifique place de la Libert\u00e9, l\u2019\u00e9quipe du Celenya H\u00f4tel a le plaisir de vous accueillir dans l\u2019une de ses 29 chambres climatis\u00e9es ; <a href=\"http:\/\/www.hotel-celenya-toulon.com\">www.hotel-celenya-toulon.com<\/a> <\/p>\n\n\n\n<p><strong>Grand H\u00f4tel Dauphin\u00e9<\/strong>\n10, rue Berthelot \u2013 Toulon Centre Ville Proche Op\u00e9ra, Port de Plaisance, March\u00e9\nProven\u00e7al, Palais des Congr\u00e8s. 2 chemin\u00e9es Logis de France \/ Contact h\u00f4tel\nC\u00e9l\u00e8bre h\u00f4tel toulonnais au coeur du centre historique pi\u00e9tonnier. Maison\nchaleureuse et accueillante. <a href=\"http:\/\/www.grandhoteldauphine.com\">www.grandhoteldauphine.com<\/a>\n<\/p>\n\n\n\n<p><strong>Grand H\u00f4tel de la Gare<\/strong> 14, bd de Tess\u00e9 \u2013 Toulon Centre Gares Proche : gares SNCF et Routi\u00e8res, Centre historique. Cet h\u00f4tel confortable et chaleureux est situ\u00e9 en face de la gare SNCF, dans le centre ville. <a href=\"http:\/\/www.grandhotelgare.com\">www.grandhotelgare.com<\/a> <\/p>\n\n\n\n<p><strong>H\u00f4tel Bonaparte<\/strong>\n16, rue Anatole France \u2013 Toulon Centre Ville Place d\u2019Armes, proximit\u00e9 du port\net de la base navale Possibilit\u00e9 de navette gare ou a\u00e9roport \/ h\u00f4tel sur\nr\u00e9servation Enti\u00e8rement r\u00e9nov\u00e9, chambres de tr\u00e8s bon confort, vue imprenable\nsur la place d\u2019Armes. <a href=\"http:\/\/www.hotel-bonaparte.com\">www.hotel-bonaparte.com<\/a><\/p>\n\n\n\n<p><strong>Little Palace<\/strong> 6, rue Berthelot \u2013 Toulon Centre Ville Proche Op\u00e9ra, Port, Palais des Congr\u00e8s, March\u00e9 de Provence Possibilit\u00e9 de navette gare ou a\u00e9roport\/h\u00f4tel sur r\u00e9servation. Situation centrale. Chambres de tr\u00e8s bon confort \u00e9l\u00e9gamment d\u00e9cor\u00e9es aux couleurs de la Provence. <a href=\"http:\/\/www.hotel-littlepalace.com\">www.hotel-littlepalace.com<\/a> <\/p>\n\n\n\n<p><strong>H\u00f4tel Amiraut\u00e9<\/strong> 4, rue Adolphe Guiol \u2013 Toulon Centre Ville L\u2019h\u00f4tel Toulon Amiraut\u00e9, au c\u0153ur du centre ville, \u00e0 deux pas du port, du palais Neptune et de la gare de Toulon. e.mail : reservation@hotelamiraute.fr www.hotelamiraute.fr H\u00e9bergements de l\u2019Office de Tourisme de Toulon : <a href=\"http:\/\/toulontourisme.com\/ou-dormir-toulon\/hotel-toulon\/\">http:\/\/toulontourisme.com\/ou-dormir-toulon\/hotel-toulon\/ <\/a><\/p>\n","protected":false},"excerpt":{"rendered":"<p>Quand vous r\u00e9servez votre h\u00f4tel, veuillez pr\u00e9ciser que vous participez au Symposium Aldous Huxley \u00e0 l&rsquo;Universite de Toulon pour pouvoir b\u00e9n\u00e9ficier d&rsquo;une \u00e9ventuelle r\u00e9duction. H\u00f4tel IBIS Style Toulon Centre des congr\u00e8s Place Besagne \u2013 Toulon Centre ville Face au Palais des Congr\u00e8s Neptune et au stade Mayol, \u00e0 deux pas du port. http:\/\/www.accorhotels.com\/fr\/hotel-2095-ibis-styles-toulon-centre-congres\/index.shtml H\u00f4tel IBIS [&hellip;]<\/p>\n","protected":false},"author":1,"featured_media":0,"parent":0,"menu_order":0,"comment_status":"closed","ping_status":"closed","template":"","meta":{"ngg_post_thumbnail":0,"footnotes":""},"class_list":["post-21","page","type-page","status-publish","hentry"],"_links":{"self":[{"href":"https:\/\/sites.univ-tln.fr\/huxley-toulon\/wp-json\/wp\/v2\/pages\/21","targetHints":{"allow":["GET"]}}],"collection":[{"href":"https:\/\/sites.univ-tln.fr\/huxley-toulon\/wp-json\/wp\/v2\/pages"}],"about":[{"href":"https:\/\/sites.univ-tln.fr\/huxley-toulon\/wp-json\/wp\/v2\/types\/page"}],"author":[{"embeddable":true,"href":"https:\/\/sites.univ-tln.fr\/huxley-toulon\/wp-json\/wp\/v2\/users\/1"}],"replies":[{"embeddable":true,"href":"https:\/\/sites.univ-tln.fr\/huxley-toulon\/wp-json\/wp\/v2\/comments?post=21"}],"version-history":[{"count":4,"href":"https:\/\/sites.univ-tln.fr\/huxley-toulon\/wp-json\/wp\/v2\/pages\/21\/revisions"}],"predecessor-version":[{"id":130,"href":"https:\/\/sites.univ-tln.fr\/huxley-toulon\/wp-json\/wp\/v2\/pages\/21\/revisions\/130"}],"wp:attachment":[{"href":"https:\/\/sites.univ-tln.fr\/huxley-toulon\/wp-json\/wp\/v2\/media?parent=21"}],"curies":[{"name":"wp","href":"https:\/\/api.w.org\/{rel}","templated":true}]}}