{"id":17,"date":"2019-12-04T14:31:51","date_gmt":"2019-12-04T13:31:51","guid":{"rendered":"http:\/\/sites.univ-tln.fr\/huxley-toulon\/?page_id=17"},"modified":"2021-05-27T08:02:07","modified_gmt":"2021-05-27T06:02:07","slug":"inscriptions","status":"publish","type":"page","link":"https:\/\/sites.univ-tln.fr\/huxley-toulon\/inscriptions\/","title":{"rendered":"Inscriptions"},"content":{"rendered":"\n<p>La date limite des inscriptions est le <strong><strong>1er\u00a0septembre 2021<\/strong><\/strong>. L\u2019inscription inclut l\u2019administration, la documentation, une r\u00e9ception, 3 d\u00e9jeuners, les pauses caf\u00e9 et six tickets de bus entre le centre ville de Toulon et le campus de La Garde.<\/p>\n\n\n\n<p>Les frais d\u2019inscription pour le symposium 2020 seront de:<\/p>\n\n\n\n<h3 class=\"wp-block-heading\">Tarifications :<\/h3>\n\n\n\n<ul class=\"wp-block-list\"><li> 150\u20ac TTC pour les membres de l\u2019Aldous Huxley Society, <\/li><li>190\u20ac TTC pour les non membres, <\/li><li>120\u20ac TTC pour les accompagnateurs, <\/li><li>gratuit pour les \u00e9tudiants <\/li><\/ul>\n\n\n\n<p>60\u20ac TTC \u00a0pour D\u00eener Gala le vendredi 15 octobre au Restaurant Le Lido \u00e0 Toulon avec un concert donn\u00e9 par <em>L\u2019Ensemble de Tamaris <\/em>dirig\u00e9 par Patrick Rinaldi.<\/p>\n\n\n\n<h3 class=\"wp-block-heading\">Inscriptions en ligne : <\/h3>\n\n\n\n<p class=\"has-text-align-center has-medium-font-size\"><strong>Vous pouvez <a href=\"https:\/\/colloques.univ-tln.fr\/Colloques\/RegistrationHUXLEY20.jsp\">vous inscrire en cliquant sur ce lien<\/a><\/strong><\/p>\n\n\n\n<p><strong><strong>La date limite des inscriptions est le 1er\u00a0septembre 2021.<\/strong><\/strong><\/p>\n\n\n\n<p>&nbsp;2021 symposium<\/p>\n\n\n\n<p>D\u00eener Gala le&nbsp;vendredi&nbsp;15 octobre.<\/p>\n\n\n\n<figure class=\"wp-block-image size-large\"><img loading=\"lazy\" decoding=\"async\" width=\"1024\" height=\"768\" src=\"http:\/\/sites.univ-tln.fr\/huxley-toulon\/wp-content\/uploads\/sites\/41\/2020\/01\/View-from-Gorguette-Beach-1024x768.jpg\" alt=\"\" class=\"wp-image-96\" srcset=\"https:\/\/sites.univ-tln.fr\/huxley-toulon\/wp-content\/uploads\/sites\/41\/2020\/01\/View-from-Gorguette-Beach-1024x768.jpg 1024w, https:\/\/sites.univ-tln.fr\/huxley-toulon\/wp-content\/uploads\/sites\/41\/2020\/01\/View-from-Gorguette-Beach-300x225.jpg 300w, https:\/\/sites.univ-tln.fr\/huxley-toulon\/wp-content\/uploads\/sites\/41\/2020\/01\/View-from-Gorguette-Beach-768x576.jpg 768w, https:\/\/sites.univ-tln.fr\/huxley-toulon\/wp-content\/uploads\/sites\/41\/2020\/01\/View-from-Gorguette-Beach-1536x1152.jpg 1536w, https:\/\/sites.univ-tln.fr\/huxley-toulon\/wp-content\/uploads\/sites\/41\/2020\/01\/View-from-Gorguette-Beach-2048x1536.jpg 2048w, https:\/\/sites.univ-tln.fr\/huxley-toulon\/wp-content\/uploads\/sites\/41\/2020\/01\/View-from-Gorguette-Beach-624x468.jpg 624w\" sizes=\"auto, (max-width: 1024px) 100vw, 1024px\" \/><\/figure>\n","protected":false},"excerpt":{"rendered":"<p>La date limite des inscriptions est le 1er\u00a0septembre 2021. L\u2019inscription inclut l\u2019administration, la documentation, une r\u00e9ception, 3 d\u00e9jeuners, les pauses caf\u00e9 et six tickets de bus entre le centre ville de Toulon et le campus de La Garde. Les frais d\u2019inscription pour le symposium 2020 seront de: Tarifications : 150\u20ac TTC pour les membres de [&hellip;]<\/p>\n","protected":false},"author":1,"featured_media":0,"parent":0,"menu_order":0,"comment_status":"closed","ping_status":"closed","template":"","meta":{"ngg_post_thumbnail":0,"footnotes":""},"class_list":["post-17","page","type-page","status-publish","hentry"],"_links":{"self":[{"href":"https:\/\/sites.univ-tln.fr\/huxley-toulon\/wp-json\/wp\/v2\/pages\/17","targetHints":{"allow":["GET"]}}],"collection":[{"href":"https:\/\/sites.univ-tln.fr\/huxley-toulon\/wp-json\/wp\/v2\/pages"}],"about":[{"href":"https:\/\/sites.univ-tln.fr\/huxley-toulon\/wp-json\/wp\/v2\/types\/page"}],"author":[{"embeddable":true,"href":"https:\/\/sites.univ-tln.fr\/huxley-toulon\/wp-json\/wp\/v2\/users\/1"}],"replies":[{"embeddable":true,"href":"https:\/\/sites.univ-tln.fr\/huxley-toulon\/wp-json\/wp\/v2\/comments?post=17"}],"version-history":[{"count":12,"href":"https:\/\/sites.univ-tln.fr\/huxley-toulon\/wp-json\/wp\/v2\/pages\/17\/revisions"}],"predecessor-version":[{"id":157,"href":"https:\/\/sites.univ-tln.fr\/huxley-toulon\/wp-json\/wp\/v2\/pages\/17\/revisions\/157"}],"wp:attachment":[{"href":"https:\/\/sites.univ-tln.fr\/huxley-toulon\/wp-json\/wp\/v2\/media?parent=17"}],"curies":[{"name":"wp","href":"https:\/\/api.w.org\/{rel}","templated":true}]}}