{"id":23,"date":"2019-06-17T10:15:27","date_gmt":"2019-06-17T08:15:27","guid":{"rendered":"http:\/\/sites.univ-tln.fr\/fordmad\/?page_id=23"},"modified":"2019-06-18T08:29:11","modified_gmt":"2019-06-18T06:29:11","slug":"programme","status":"publish","type":"page","link":"https:\/\/sites.univ-tln.fr\/fordmad\/programme\/","title":{"rendered":"Programme"},"content":{"rendered":"<p>&nbsp;<\/p>\n<h1 style=\"text-align: center;\"><strong>Retrouvez <a href=\"http:\/\/sites.univ-tln.fr\/fordmad\/wp-content\/uploads\/sites\/36\/2019\/06\/programme-fordmad.pdf\">le programme \u00e0 t\u00e9l\u00e9charger<\/a><\/strong><\/h1>\n<p><a href=\"http:\/\/sites.univ-tln.fr\/fordmad\/wp-content\/uploads\/sites\/36\/2019\/06\/programme-fordmad.pdf\"><img loading=\"lazy\" decoding=\"async\" class=\"aligncenter size-full wp-image-44\" src=\"http:\/\/sites.univ-tln.fr\/fordmad\/wp-content\/uploads\/sites\/36\/2019\/06\/affiche-fordmad.png\" alt=\"\" width=\"1386\" height=\"1974\" srcset=\"https:\/\/sites.univ-tln.fr\/fordmad\/wp-content\/uploads\/sites\/36\/2019\/06\/affiche-fordmad.png 1386w, https:\/\/sites.univ-tln.fr\/fordmad\/wp-content\/uploads\/sites\/36\/2019\/06\/affiche-fordmad-211x300.png 211w, https:\/\/sites.univ-tln.fr\/fordmad\/wp-content\/uploads\/sites\/36\/2019\/06\/affiche-fordmad-768x1094.png 768w, https:\/\/sites.univ-tln.fr\/fordmad\/wp-content\/uploads\/sites\/36\/2019\/06\/affiche-fordmad-719x1024.png 719w, https:\/\/sites.univ-tln.fr\/fordmad\/wp-content\/uploads\/sites\/36\/2019\/06\/affiche-fordmad-624x889.png 624w\" sizes=\"auto, (max-width: 1386px) 100vw, 1386px\" \/><\/a><\/p>\n<p>&nbsp;<\/p>\n<p>&nbsp;<\/p>\n","protected":false},"excerpt":{"rendered":"<p>&nbsp; Retrouvez le programme \u00e0 t\u00e9l\u00e9charger &nbsp; &nbsp;<\/p>\n","protected":false},"author":1,"featured_media":0,"parent":0,"menu_order":0,"comment_status":"closed","ping_status":"closed","template":"","meta":{"ngg_post_thumbnail":0,"footnotes":""},"class_list":["post-23","page","type-page","status-publish","hentry"],"_links":{"self":[{"href":"https:\/\/sites.univ-tln.fr\/fordmad\/wp-json\/wp\/v2\/pages\/23","targetHints":{"allow":["GET"]}}],"collection":[{"href":"https:\/\/sites.univ-tln.fr\/fordmad\/wp-json\/wp\/v2\/pages"}],"about":[{"href":"https:\/\/sites.univ-tln.fr\/fordmad\/wp-json\/wp\/v2\/types\/page"}],"author":[{"embeddable":true,"href":"https:\/\/sites.univ-tln.fr\/fordmad\/wp-json\/wp\/v2\/users\/1"}],"replies":[{"embeddable":true,"href":"https:\/\/sites.univ-tln.fr\/fordmad\/wp-json\/wp\/v2\/comments?post=23"}],"version-history":[{"count":3,"href":"https:\/\/sites.univ-tln.fr\/fordmad\/wp-json\/wp\/v2\/pages\/23\/revisions"}],"predecessor-version":[{"id":45,"href":"https:\/\/sites.univ-tln.fr\/fordmad\/wp-json\/wp\/v2\/pages\/23\/revisions\/45"}],"wp:attachment":[{"href":"https:\/\/sites.univ-tln.fr\/fordmad\/wp-json\/wp\/v2\/media?parent=23"}],"curies":[{"name":"wp","href":"https:\/\/api.w.org\/{rel}","templated":true}]}}