{"id":27,"date":"2019-07-01T10:28:59","date_gmt":"2019-07-01T08:28:59","guid":{"rendered":"http:\/\/sites.univ-tln.fr\/easa\/?page_id=27"},"modified":"2019-07-01T10:43:07","modified_gmt":"2019-07-01T08:43:07","slug":"hebergements-a-toulon","status":"publish","type":"page","link":"https:\/\/sites.univ-tln.fr\/easa\/hebergements-a-toulon\/","title":{"rendered":"H\u00e9bergements \u00e0 Toulon"},"content":{"rendered":"\n<p>Plusieurs h\u00f4tels sont situ\u00e9s au centre ville de Toulon \u00e0 deux pas du campus de la Porte d\u2019Italie.<\/p>\n\n\n\n<p><strong>H\u00f4tel IBIS Style<\/strong><\/p>\n\n\n\n<p>Place Besagne, 83000 Toulon<br> T\u00e9l : 04 98 00 81 00<br> R\u00e9servation centrale : 0825 88 00 00<br> <a href=\"http:\/\/www.accorhotels.com\/\">http:\/\/www.accorhotels.com\/<\/a><br> Situ\u00e9 en face du Centre des Congr\u00e8s Palais Neptune, \u00e0 proximit\u00e9 du  campus Porte d\u2019Italie, du port et de la vielle ville. Parking public \u00e0  proximit\u00e9 (Parking Lafayette) avec un acc\u00e8s direct \u00e0 l\u2019h\u00f4tel. 139  chambres climatis\u00e9es et insonoris\u00e9es, \u00e9quip\u00e9es d\u2019une t\u00e9l\u00e9vision et d\u2019une  salle de bains privative. Toit-terrasse offrant une vue panoramique.  Cuisine fran\u00e7aise traditionnelle servie dans le restaurant de l\u2019h\u00f4tel.  Etablissement enti\u00e8rement non-fumeur. Connexion Wi-Fi gratuite<\/p>\n\n\n\n<p><strong>Grand H\u00f4tel Dauphin\u00e9 <\/strong><\/p>\n\n\n\n<p>10 Rue Bertholet 83000 Toulon<br> T\u00e9l : 04 94 92 20 28<br> E-mail : contact@grandhoteldauphine.com<br> <a href=\"http:\/\/www.grandhoteldauphine.com\">http:\/\/www.grandhoteldauphine.com<\/a><\/p>\n\n\n\n<p>Situ\u00e9 dans le quartier de l\u2019Op\u00e9ra, \u00e0 \nenviron 600 m\u00e8tres du campus Porte d\u2019Italie et des gares SNCF et \nrouti\u00e8re et \u00e0 environ 400m du port. Tarif pr\u00e9f\u00e9rentiel pour le parking \npublic payant (ferm\u00e9 et s\u00e9curis\u00e9 \u2013 Parking Peiresc) situ\u00e9 \u00e0 50m. 55 \nchambres de 1 \u00e0 4 personnes, climatis\u00e9es et insonoris\u00e9es, \u00e9quip\u00e9es d\u2019une\n t\u00e9l\u00e9vision et d\u2019une salle de bains privative avec douche ou baignoire. \nR\u00e9ception ouverte 24h\/24h ; bagagerie gratuite.<\/p>\n\n\n\n<p><strong>Celenya h\u00f4tel<\/strong><\/p>\n\n\n\n<p>7bis, rue de Chabannes \u2013 Toulon Centre Ville<\/p>\n\n\n\n<p>Proche des gares SNCF et routi\u00e8re, du Z\u00e9nith Omega, du port. Au c\u0153ur de Toulon, donnant sur la magnifique place de la Libert\u00e9, l\u2019\u00e9quipe du Celenya H\u00f4tel a le plaisir de vous accueillir dans l\u2019une de ses 29 chambres climatis\u00e9es<\/p>\n\n\n\n<p><a href=\"http:\/\/www.hotel-celenya-toulon.com\">www.hotel-celenya-toulon.com<\/a><\/p>\n\n\n\n<p><strong>Grand H\u00f4tel de la Gare<\/strong><\/p>\n\n\n\n<p>14, bd de Tess\u00e9 \u2013 Toulon Centre Gares<\/p>\n\n\n\n<p>Proche : gares SNCF et Routi\u00e8res, Centre historique, Om\u00e9ga Z\u00e9nith, Arsenal.<\/p>\n\n\n\n<p>Cet h\u00f4tel confortable et chaleureux est situ\u00e9 en face de la gare SNCF, dans le centre ville. Vous serez accueilli par une \u00e9quipe dynamique qui se fera un plaisir de vous renseigner pour visiter Toulon et sa r\u00e9gion.<\/p>\n\n\n\n<p><a href=\"http:\/\/www.grandhotelgare.com\">www.grandhotelgare.com<\/a><\/p>\n\n\n\n<p><strong>H\u00f4tel Bonaparte<\/strong><\/p>\n\n\n\n<p>16, rue Anatole France \u2013 Toulon Centre Ville<\/p>\n\n\n\n<p>Place d\u2019Armes, proximit\u00e9 du port et de la base navale<\/p>\n\n\n\n<p>Possibilit\u00e9 de navette gare ou a\u00e9roport \/ h\u00f4tel sur r\u00e9servation<\/p>\n\n\n\n<p>Enti\u00e8rement r\u00e9nov\u00e9, chambres de tr\u00e8s bon confort, vue imprenable sur la place d\u2019Armes.<\/p>\n\n\n\n<p><a href=\"http:\/\/www.hotel-bonaparte.com\">www.hotel-bonaparte.com<\/a><\/p>\n\n\n\n<p><strong>Little Palace<\/strong><\/p>\n\n\n\n<p>6, rue Berthelot \u2013 Toulon Centre Ville<\/p>\n\n\n\n<p>Proche Op\u00e9ra, Port, Palais des Congr\u00e8s, March\u00e9 de Provence<\/p>\n\n\n\n<p>Possibilit\u00e9 de navette gare ou a\u00e9roport\/h\u00f4tel sur r\u00e9servation. Situation centrale.<\/p>\n\n\n\n<p>Chambres de tr\u00e8s bon confort \u00e9l\u00e9gamment d\u00e9cor\u00e9es aux couleurs de la Provence.<\/p>\n\n\n\n<p><a href=\"http:\/\/www.hotel-littlepalace.com\">www.hotel-littlepalace.com<\/a><\/p>\n","protected":false},"excerpt":{"rendered":"<p>Plusieurs h\u00f4tels sont situ\u00e9s au centre ville de Toulon \u00e0 deux pas du campus de la Porte d\u2019Italie. H\u00f4tel IBIS Style Place Besagne, 83000 Toulon T\u00e9l : 04 98 00 81 00 R\u00e9servation centrale : 0825 88 00 00 http:\/\/www.accorhotels.com\/ Situ\u00e9 en face du Centre des Congr\u00e8s Palais Neptune, \u00e0 proximit\u00e9 du campus Porte d\u2019Italie, [&hellip;]<\/p>\n","protected":false},"author":1,"featured_media":0,"parent":0,"menu_order":0,"comment_status":"closed","ping_status":"closed","template":"","meta":{"ngg_post_thumbnail":0,"footnotes":""},"class_list":["post-27","page","type-page","status-publish","hentry"],"_links":{"self":[{"href":"https:\/\/sites.univ-tln.fr\/easa\/wp-json\/wp\/v2\/pages\/27","targetHints":{"allow":["GET"]}}],"collection":[{"href":"https:\/\/sites.univ-tln.fr\/easa\/wp-json\/wp\/v2\/pages"}],"about":[{"href":"https:\/\/sites.univ-tln.fr\/easa\/wp-json\/wp\/v2\/types\/page"}],"author":[{"embeddable":true,"href":"https:\/\/sites.univ-tln.fr\/easa\/wp-json\/wp\/v2\/users\/1"}],"replies":[{"embeddable":true,"href":"https:\/\/sites.univ-tln.fr\/easa\/wp-json\/wp\/v2\/comments?post=27"}],"version-history":[{"count":2,"href":"https:\/\/sites.univ-tln.fr\/easa\/wp-json\/wp\/v2\/pages\/27\/revisions"}],"predecessor-version":[{"id":40,"href":"https:\/\/sites.univ-tln.fr\/easa\/wp-json\/wp\/v2\/pages\/27\/revisions\/40"}],"wp:attachment":[{"href":"https:\/\/sites.univ-tln.fr\/easa\/wp-json\/wp\/v2\/media?parent=27"}],"curies":[{"name":"wp","href":"https:\/\/api.w.org\/{rel}","templated":true}]}}