{"id":25,"date":"2019-07-01T10:27:28","date_gmt":"2019-07-01T08:27:28","guid":{"rendered":"http:\/\/sites.univ-tln.fr\/easa\/?page_id=25"},"modified":"2019-07-01T10:27:28","modified_gmt":"2019-07-01T08:27:28","slug":"venir-a-toulon","status":"publish","type":"page","link":"https:\/\/sites.univ-tln.fr\/easa\/venir-a-toulon\/","title":{"rendered":"Venir \u00e0 Toulon"},"content":{"rendered":"\n<h2 class=\"wp-block-heading\">Venir \u00e0 l\u2019Universit\u00e9<\/h2>\n\n\n\n<p>Le campus de Toulon est situ\u00e9 \u00e0 l\u2019est de la ville.<\/p>\n\n\n\n<p><strong>Campus Porte d\u2019Italie \u2013 Toulon<\/strong><br>\n70 Avenue Roger Devoucoux<br>\n83000 TOULON<\/p>\n\n\n\n<h3 class=\"wp-block-heading\">Acc\u00e8s par le train&nbsp;:<\/h3>\n\n\n\n<p>Toulon est \u00e0 3h50 de Paris en TGV, \u00e0 1h de Marseille et \u00e0 1h30 de Nice.<\/p>\n\n\n\n<p><strong>Pour se rendre \u00e0 pied de la Gare SNCF au Campus Porte d\u2019Italie (15 min \u00e0 pied):<\/strong><\/p>\n\n\n\n<ul class=\"wp-block-list\"><li>Prendre l\u2019avenue Vauban, face \u00e0 la gare,<\/li><li>Prendre \u00e0 gauche sur le Boulevard du Marechal Leclerc vers la Place de la Libert\u00e9.<\/li><li>Prendre le boulevard de Strasbourg direction EST puis Bvd de Tess\u00e9<\/li><\/ul>\n\n\n\n<p><em>Gare SNCF information voyageurs&nbsp;:<\/em> <a href=\"http:\/\/www.sncf.com\">http:\/\/www.sncf.com<\/a> \u2013 08 36 35 35 35<\/p>\n\n\n\n<p><strong>Pour prendre un taxi&nbsp;:<\/strong><\/p>\n\n\n\n<p>Groupement des Radios Taxis Toulonnais&nbsp;: 04 94 93 51 51<\/p>\n\n\n\n<h3 class=\"wp-block-heading\">Acc\u00e8s par avion&nbsp;:<\/h3>\n\n\n\n<p><strong>A\u00e9roport international Toulon-Hy\u00e8res&nbsp;:<\/strong> <a href=\"http:\/\/www.toulon-hyeres.aeroport.fr\/\">http:\/\/www.toulon-hyeres.aeroport.fr\/<\/a><\/p>\n\n\n\n<h3 class=\"wp-block-heading\">Se rendre sur le campus de Toulon \u2013 Porte d\u2019Italie en bus<\/h3>\n\n\n\n<h4 class=\"wp-block-heading\">Le r\u00e9seau MISTRAL<\/h4>\n\n\n\n<p>Le campus de Toulon \u2013 Porte d\u2019Italie est desservi par 13 lignes de \nbus&nbsp;: \u00ab&nbsp;U&nbsp;\u00bb, 1, 5, 9, 10, 11, 19, 29, 36, 39, 102, 103 et 191B. Trois \narr\u00eats sont conseill\u00e9s&nbsp;: Campus Porte d\u2019Italie, Champs de Mars et Bir \nHakeim.<\/p>\n\n\n\n<p>Plus d\u2019informations sur <a href=\"http:\/\/www.reseaumistral.com\">www.reseaumistral.com<\/a> \u2013 T\u00e9l.&nbsp;: 04 94 03 87 03<\/p>\n\n\n\n<h4 class=\"wp-block-heading\">Le r\u00e9seau VARLIB<\/h4>\n\n\n\n<p>Le campus de Toulon \u2013 Porte d\u2019Italie est desservi par 8 lignes de bus\n \u00e0 l\u2019arr\u00eat Champs de Mars&nbsp;: 2801, 2821, 4801, 4802, 8804, 8805, 8810 et \n8814.<\/p>\n\n\n\n<p>Plus d\u2019informations sur <a href=\"http:\/\/www.varlib.fr\">www.varlib.fr<\/a> \u2013 T\u00e9l.&nbsp;: 04 94 36 38 00<\/p>\n\n\n\n<h3 class=\"wp-block-heading\">Se rendre sur le campus de Toulon \u2013 Porte d\u2019Italie en voiture<\/h3>\n\n\n\n<p>Le campus de Toulon \u2013 Porte d\u2019Italie est situ\u00e9 \u00e0 l\u2019est de la ville au\n croisement de deux grands axes&nbsp;: le boulevard de Strasbourg et l\u2019avenue\n Franklin Roosevelt. Plusieurs parkings se situent \u00e0 proximit\u00e9.<\/p>\n\n\n\n<ul class=\"wp-block-list\"><li>Venant de Marseille&nbsp;: ne pas prendre le tunnel, suivre direction centre-ville puis Universit\u00e9.<\/li><li>Venant de Nice&nbsp;: ne pas prendre le tunnel, suivre direction centre-ville puis Universit\u00e9.<\/li><\/ul>\n\n\n\n<p><iframe loading=\"lazy\" src=\"https:\/\/www.google.com\/maps\/embed?pb=!1m14!1m8!1m3!1d2912.1957922410425!2d5.939959!3d43.121413!3m2!1i1024!2i768!4f13.1!3m3!1m2!1s0x12c91b0a13761e85%3A0x50c06eb7395c2eeb!2sAvenue+Roger+Devoucoux%2C+83000+Toulon%2C+France!5e0!3m2!1sfr!2sfr!4v1422452828124\" data-mce-fragment=\"1\" width=\"460\" height=\"400\" frameborder=\"0\"><\/iframe><\/p>\n","protected":false},"excerpt":{"rendered":"<p>Venir \u00e0 l\u2019Universit\u00e9 Le campus de Toulon est situ\u00e9 \u00e0 l\u2019est de la ville. Campus Porte d\u2019Italie \u2013 Toulon 70 Avenue Roger Devoucoux 83000 TOULON Acc\u00e8s par le train&nbsp;: Toulon est \u00e0 3h50 de Paris en TGV, \u00e0 1h de Marseille et \u00e0 1h30 de Nice. Pour se rendre \u00e0 pied de la Gare SNCF [&hellip;]<\/p>\n","protected":false},"author":1,"featured_media":0,"parent":0,"menu_order":0,"comment_status":"closed","ping_status":"closed","template":"","meta":{"ngg_post_thumbnail":0,"footnotes":""},"class_list":["post-25","page","type-page","status-publish","hentry"],"_links":{"self":[{"href":"https:\/\/sites.univ-tln.fr\/easa\/wp-json\/wp\/v2\/pages\/25","targetHints":{"allow":["GET"]}}],"collection":[{"href":"https:\/\/sites.univ-tln.fr\/easa\/wp-json\/wp\/v2\/pages"}],"about":[{"href":"https:\/\/sites.univ-tln.fr\/easa\/wp-json\/wp\/v2\/types\/page"}],"author":[{"embeddable":true,"href":"https:\/\/sites.univ-tln.fr\/easa\/wp-json\/wp\/v2\/users\/1"}],"replies":[{"embeddable":true,"href":"https:\/\/sites.univ-tln.fr\/easa\/wp-json\/wp\/v2\/comments?post=25"}],"version-history":[{"count":1,"href":"https:\/\/sites.univ-tln.fr\/easa\/wp-json\/wp\/v2\/pages\/25\/revisions"}],"predecessor-version":[{"id":26,"href":"https:\/\/sites.univ-tln.fr\/easa\/wp-json\/wp\/v2\/pages\/25\/revisions\/26"}],"wp:attachment":[{"href":"https:\/\/sites.univ-tln.fr\/easa\/wp-json\/wp\/v2\/media?parent=25"}],"curies":[{"name":"wp","href":"https:\/\/api.w.org\/{rel}","templated":true}]}}