{"id":16,"date":"2019-07-01T10:12:33","date_gmt":"2019-07-01T08:12:33","guid":{"rendered":"http:\/\/sites.univ-tln.fr\/easa\/?page_id=16"},"modified":"2019-08-28T08:02:50","modified_gmt":"2019-08-28T06:02:50","slug":"comite-scientifique-et-partenaires","status":"publish","type":"page","link":"https:\/\/sites.univ-tln.fr\/easa\/comite-scientifique-et-partenaires\/","title":{"rendered":"Comit\u00e9 scientifique et partenaires"},"content":{"rendered":"\n<h3 class=\"wp-block-heading\"><strong>Comit\u00e9 scientifique&nbsp;: <\/strong><\/h3>\n\n\n\n<ul class=\"wp-block-list\"><li> Estelle Castro-Koshy, James Cook University, Australia<\/li><li> Anna Cole, University of Portsmouth, Great-Britain<\/li><li> Jessica De Largy-Healy, Universit\u00e9 Paris-Ouest \u2013 The University of Melbourne, France and Australia<\/li><li> Laurent Dousset, EHESS, France<\/li><li> Waddick Doyle, American University in Paris, France<\/li><li> Deirdre Gilfedder, Paris-Dauphin, France<\/li><li> Matthew Graves, Universit\u00e9 Aix-Marseille, France<\/li><li> Oliver Haag, Linnaeus University, V\u00e4xj\u00f6, Sweden<\/li><li> Fran\u00e7oise Kral, Universit\u00e9 Paris-Ouest, France<\/li><li> Marten Renes, University of Barcelona, Spain<\/li><li> Anja Schwartz, University of Postdam, Germany <\/li><\/ul>\n\n\n\n<h3 class=\"wp-block-heading\">Organisatrices: <\/h3>\n\n\n\n<ul class=\"wp-block-list\"><li>Salhia Ben-Messahel, Universit\u00e9 de Toulon<\/li><li>Vanessa Castejon, Universit\u00e9 Paris 13<\/li><\/ul>\n\n\n\n<h3 class=\"wp-block-heading\">Comit\u00e9 local d&rsquo;organisation:<\/h3>\n\n\n\n<ul class=\"wp-block-list\"><li>Alice Cheylan, Universit\u00e9 de Toulon<\/li><li>Deirdre Gilfedder, Universit\u00e9 Paris-Dauphine<\/li><li>Clare Sibley, Universit\u00e9 de Toulon<\/li><\/ul>\n","protected":false},"excerpt":{"rendered":"<p>Comit\u00e9 scientifique&nbsp;: Estelle Castro-Koshy, James Cook University, Australia Anna Cole, University of Portsmouth, Great-Britain Jessica De Largy-Healy, Universit\u00e9 Paris-Ouest \u2013 The University of Melbourne, France and Australia Laurent Dousset, EHESS, France Waddick Doyle, American University in Paris, France Deirdre Gilfedder, Paris-Dauphin, France Matthew Graves, Universit\u00e9 Aix-Marseille, France Oliver Haag, Linnaeus University, V\u00e4xj\u00f6, Sweden Fran\u00e7oise Kral, [&hellip;]<\/p>\n","protected":false},"author":1,"featured_media":0,"parent":0,"menu_order":0,"comment_status":"closed","ping_status":"closed","template":"","meta":{"ngg_post_thumbnail":0,"footnotes":""},"class_list":["post-16","page","type-page","status-publish","hentry"],"_links":{"self":[{"href":"https:\/\/sites.univ-tln.fr\/easa\/wp-json\/wp\/v2\/pages\/16","targetHints":{"allow":["GET"]}}],"collection":[{"href":"https:\/\/sites.univ-tln.fr\/easa\/wp-json\/wp\/v2\/pages"}],"about":[{"href":"https:\/\/sites.univ-tln.fr\/easa\/wp-json\/wp\/v2\/types\/page"}],"author":[{"embeddable":true,"href":"https:\/\/sites.univ-tln.fr\/easa\/wp-json\/wp\/v2\/users\/1"}],"replies":[{"embeddable":true,"href":"https:\/\/sites.univ-tln.fr\/easa\/wp-json\/wp\/v2\/comments?post=16"}],"version-history":[{"count":5,"href":"https:\/\/sites.univ-tln.fr\/easa\/wp-json\/wp\/v2\/pages\/16\/revisions"}],"predecessor-version":[{"id":65,"href":"https:\/\/sites.univ-tln.fr\/easa\/wp-json\/wp\/v2\/pages\/16\/revisions\/65"}],"wp:attachment":[{"href":"https:\/\/sites.univ-tln.fr\/easa\/wp-json\/wp\/v2\/media?parent=16"}],"curies":[{"name":"wp","href":"https:\/\/api.w.org\/{rel}","templated":true}]}}